{"id":2929,"date":"2025-07-15T17:12:20","date_gmt":"2025-07-15T14:12:20","guid":{"rendered":"https:\/\/inelli.ee\/?post_type=product&#038;p=2929"},"modified":"2026-04-20T13:20:25","modified_gmt":"2026-04-20T10:20:25","slug":"sudenkorento-85x90-cm-ja-siivet-kopeeri","status":"publish","type":"product","link":"https:\/\/inelli.ee\/fi\/toode\/sudenkorento-85x90-cm-ja-siivet-kopeeri\/","title":{"rendered":"Sudenkorento 105\u00d7125 cm XL ja siivet"},"content":{"rendered":"","protected":false},"excerpt":{"rendered":"<p>Flysheet 105\u00d7125 cm ja siivet Pesunkest\u00e4v\u00e4 ja imukykyinen flysheet soljilla ja siivill\u00e4. Alaosa satiinilla.<\/p>\n<ul>\n<li>Vahvistetut kahvat<\/li>\n<li>Siivet sivuilla<\/li>\n<li>Liukuva alaosa auttaa potilasta k\u00e4\u00e4ntym\u00e4\u00e4n, nostamaan, siirtym\u00e4\u00e4n ja istumaan istuimelle.<\/li>\n<li>vedenpit\u00e4v\u00e4 ja imukykyinen pintakerros<\/li>\n<li>Pest\u00e4v\u00e4 60 asteessa<\/li>\n<li>\u00c4l\u00e4 k\u00e4yt\u00e4 vedenpehmentimi\u00e4<\/li>\n<li>Kantavuus 260 kg<\/li>\n<\/ul>\n","protected":false},"featured_media":2041,"template":"","meta":{"_acf_changed":false,"inline_featured_image":false},"product_brand":[],"product_cat":[135],"product_tag":[],"class_list":{"0":"post-2929","1":"product","2":"type-product","3":"status-publish","4":"has-post-thumbnail","6":"product_cat-butterfly-lakanat","8":"first","9":"instock","10":"taxable","11":"shipping-taxable","12":"purchasable","13":"product-type-simple"},"acf":[],"yoast_head":"<!-- This site is optimized with the Yoast SEO Premium plugin v25.6 (Yoast SEO v27.4) - https:\/\/yoast.com\/product\/yoast-seo-premium-wordpress\/ -->\n<title>Sudenkorento 105\u00d7125 cm XL ja siivet | Inelli<\/title>\n<meta name=\"robots\" content=\"index, follow, max-snippet:-1, max-image-preview:large, max-video-preview:-1\" \/>\n<link rel=\"canonical\" href=\"https:\/\/inelli.ee\/fi\/toode\/sudenkorento-85x90-cm-ja-siivet-kopeeri\/\" \/>\n<meta property=\"og:locale\" content=\"fi_FI\" \/>\n<meta property=\"og:type\" content=\"article\" \/>\n<meta property=\"og:title\" content=\"Sudenkorento 105\u00d7125 cm XL ja siivet | Inelli\" \/>\n<meta property=\"og:description\" content=\"Flysheet 105\u00d7125 cm ja siivet Pesunkest\u00e4v\u00e4 ja imukykyinen flysheet soljilla ja siivill\u00e4. Alaosa satiinilla.   Vahvistetut kahvat  Siivet sivuilla  Liukuva alaosa auttaa potilasta k\u00e4\u00e4ntym\u00e4\u00e4n, nostamaan, siirtym\u00e4\u00e4n ja istumaan istuimelle.  vedenpit\u00e4v\u00e4 ja imukykyinen pintakerros  Pest\u00e4v\u00e4 60 asteessa  \u00c4l\u00e4 k\u00e4yt\u00e4 vedenpehmentimi\u00e4  Kantavuus 260 kg\" \/>\n<meta property=\"og:url\" content=\"https:\/\/inelli.ee\/fi\/toode\/sudenkorento-85x90-cm-ja-siivet-kopeeri\/\" \/>\n<meta property=\"og:site_name\" content=\"Inelli\" \/>\n<meta property=\"article:publisher\" content=\"https:\/\/www.facebook.com\/profile.php?id=61562379249253\" \/>\n<meta property=\"article:modified_time\" content=\"2026-04-20T10:20:25+00:00\" \/>\n<meta property=\"og:image\" content=\"https:\/\/inelli.ee\/wp-content\/uploads\/2024\/05\/libilina.png\" \/>\n\t<meta property=\"og:image:width\" content=\"800\" \/>\n\t<meta property=\"og:image:height\" content=\"800\" \/>\n\t<meta property=\"og:image:type\" content=\"image\/png\" \/>\n<meta name=\"twitter:card\" content=\"summary_large_image\" \/>\n<script type=\"application\/ld+json\" class=\"yoast-schema-graph\">{\"@context\":\"https:\\\/\\\/schema.org\",\"@graph\":[{\"@type\":\"WebPage\",\"@id\":\"https:\\\/\\\/inelli.ee\\\/fi\\\/toode\\\/sudenkorento-85x90-cm-ja-siivet-kopeeri\\\/\",\"url\":\"https:\\\/\\\/inelli.ee\\\/fi\\\/toode\\\/sudenkorento-85x90-cm-ja-siivet-kopeeri\\\/\",\"name\":\"Sudenkorento 105\u00d7125 cm XL ja siivet | Inelli\",\"isPartOf\":{\"@id\":\"https:\\\/\\\/inelli.ee\\\/fi\\\/#website\"},\"primaryImageOfPage\":{\"@id\":\"https:\\\/\\\/inelli.ee\\\/fi\\\/toode\\\/sudenkorento-85x90-cm-ja-siivet-kopeeri\\\/#primaryimage\"},\"image\":{\"@id\":\"https:\\\/\\\/inelli.ee\\\/fi\\\/toode\\\/sudenkorento-85x90-cm-ja-siivet-kopeeri\\\/#primaryimage\"},\"thumbnailUrl\":\"https:\\\/\\\/inelli.ee\\\/wp-content\\\/uploads\\\/2024\\\/05\\\/libilina.png\",\"datePublished\":\"2025-07-15T14:12:20+00:00\",\"dateModified\":\"2026-04-20T10:20:25+00:00\",\"breadcrumb\":{\"@id\":\"https:\\\/\\\/inelli.ee\\\/fi\\\/toode\\\/sudenkorento-85x90-cm-ja-siivet-kopeeri\\\/#breadcrumb\"},\"inLanguage\":\"fi\",\"potentialAction\":[{\"@type\":\"ReadAction\",\"target\":[\"https:\\\/\\\/inelli.ee\\\/fi\\\/toode\\\/sudenkorento-85x90-cm-ja-siivet-kopeeri\\\/\"]}]},{\"@type\":\"ImageObject\",\"inLanguage\":\"fi\",\"@id\":\"https:\\\/\\\/inelli.ee\\\/fi\\\/toode\\\/sudenkorento-85x90-cm-ja-siivet-kopeeri\\\/#primaryimage\",\"url\":\"https:\\\/\\\/inelli.ee\\\/wp-content\\\/uploads\\\/2024\\\/05\\\/libilina.png\",\"contentUrl\":\"https:\\\/\\\/inelli.ee\\\/wp-content\\\/uploads\\\/2024\\\/05\\\/libilina.png\",\"width\":800,\"height\":800,\"caption\":\"libilina 85x90 cm tiibadega\"},{\"@type\":\"BreadcrumbList\",\"@id\":\"https:\\\/\\\/inelli.ee\\\/fi\\\/toode\\\/sudenkorento-85x90-cm-ja-siivet-kopeeri\\\/#breadcrumb\",\"itemListElement\":[{\"@type\":\"ListItem\",\"position\":1,\"name\":\"Home\",\"item\":\"https:\\\/\\\/inelli.ee\\\/fi\\\/\"},{\"@type\":\"ListItem\",\"position\":2,\"name\":\"Osta osoitteessa\",\"item\":\"https:\\\/\\\/inelli.ee\\\/pood\\\/\"},{\"@type\":\"ListItem\",\"position\":3,\"name\":\"Butterfly lakanat\",\"item\":\"https:\\\/\\\/inelli.ee\\\/fi\\\/tuotekategoria\\\/butterfly-lakanat\\\/\"},{\"@type\":\"ListItem\",\"position\":4,\"name\":\"Sudenkorento 105\u00d7125 cm XL ja siivet\"}]},{\"@type\":\"WebSite\",\"@id\":\"https:\\\/\\\/inelli.ee\\\/fi\\\/#website\",\"url\":\"https:\\\/\\\/inelli.ee\\\/fi\\\/\",\"name\":\"Inelli\",\"description\":\"Madratsikaitsed, aluslinad, padjakaitsed\",\"publisher\":{\"@id\":\"https:\\\/\\\/inelli.ee\\\/fi\\\/#organization\"},\"potentialAction\":[{\"@type\":\"SearchAction\",\"target\":{\"@type\":\"EntryPoint\",\"urlTemplate\":\"https:\\\/\\\/inelli.ee\\\/fi\\\/?s={search_term_string}\"},\"query-input\":{\"@type\":\"PropertyValueSpecification\",\"valueRequired\":true,\"valueName\":\"search_term_string\"}}],\"inLanguage\":\"fi\"},{\"@type\":[\"Organization\",\"Place\"],\"@id\":\"https:\\\/\\\/inelli.ee\\\/fi\\\/#organization\",\"name\":\"Inelli Holding O\u00dc\",\"alternateName\":\"Inelli\",\"url\":\"https:\\\/\\\/inelli.ee\\\/fi\\\/\",\"logo\":{\"@id\":\"https:\\\/\\\/inelli.ee\\\/fi\\\/toode\\\/sudenkorento-85x90-cm-ja-siivet-kopeeri\\\/#local-main-organization-logo\"},\"image\":{\"@id\":\"https:\\\/\\\/inelli.ee\\\/fi\\\/toode\\\/sudenkorento-85x90-cm-ja-siivet-kopeeri\\\/#local-main-organization-logo\"},\"sameAs\":[\"https:\\\/\\\/www.facebook.com\\\/profile.php?id=61562379249253\"],\"description\":\"Meie p\u00f5hifookuses on parima hinna-kvaliteedi suhtega veekindlad madratsikaitsed ja aluslinad, voodipesu, lisaks LIBILINAD ja RAHUTU PATSIENDI KOST\u00dc\u00dcMID\",\"legalName\":\"Inelli Holding O\u00dc\",\"numberOfEmployees\":{\"@type\":\"QuantitativeValue\",\"minValue\":\"1\",\"maxValue\":\"10\"},\"address\":{\"@id\":\"https:\\\/\\\/inelli.ee\\\/fi\\\/toode\\\/sudenkorento-85x90-cm-ja-siivet-kopeeri\\\/#local-main-place-address\"},\"geo\":{\"@type\":\"GeoCoordinates\",\"latitude\":\"59.4209596615229\",\"longitude\":\"24.81181683991278\"},\"telephone\":[\"+37253844660\"],\"openingHoursSpecification\":[{\"@type\":\"OpeningHoursSpecification\",\"dayOfWeek\":[\"Monday\",\"Tuesday\",\"Wednesday\",\"Thursday\",\"Friday\"],\"opens\":\"10:00\",\"closes\":\"15:00\"},{\"@type\":\"OpeningHoursSpecification\",\"dayOfWeek\":[\"Saturday\",\"Sunday\"],\"opens\":\"00:00\",\"closes\":\"00:00\"}],\"email\":\"info@inelli.ee\"},{\"@type\":\"PostalAddress\",\"@id\":\"https:\\\/\\\/inelli.ee\\\/fi\\\/toode\\\/sudenkorento-85x90-cm-ja-siivet-kopeeri\\\/#local-main-place-address\",\"streetAddress\":\"Suur-S\u00f5jam\u00e4e 14\",\"addressLocality\":\"Tallinn\",\"postalCode\":\"11415\",\"addressRegion\":\"Harju\",\"addressCountry\":\"EE\"},{\"@type\":\"ImageObject\",\"inLanguage\":\"fi\",\"@id\":\"https:\\\/\\\/inelli.ee\\\/fi\\\/toode\\\/sudenkorento-85x90-cm-ja-siivet-kopeeri\\\/#local-main-organization-logo\",\"url\":\"https:\\\/\\\/inelli.ee\\\/wp-content\\\/uploads\\\/2024\\\/10\\\/Inelli-logo-600x600-1.jpg\",\"contentUrl\":\"https:\\\/\\\/inelli.ee\\\/wp-content\\\/uploads\\\/2024\\\/10\\\/Inelli-logo-600x600-1.jpg\",\"width\":600,\"height\":600,\"caption\":\"Inelli Holding O\u00dc\"}]}<\/script>\n<meta name=\"geo.placename\" content=\"Tallinn\" \/>\n<meta name=\"geo.position\" content=\"59.4209596615229;24.81181683991278\" \/>\n<meta name=\"geo.region\" content=\"Viro\" \/>\n<!-- \/ Yoast SEO Premium plugin. -->","yoast_head_json":{"title":"Sudenkorento 105\u00d7125 cm XL ja siivet | Inelli","robots":{"index":"index","follow":"follow","max-snippet":"max-snippet:-1","max-image-preview":"max-image-preview:large","max-video-preview":"max-video-preview:-1"},"canonical":"https:\/\/inelli.ee\/fi\/toode\/sudenkorento-85x90-cm-ja-siivet-kopeeri\/","og_locale":"fi_FI","og_type":"article","og_title":"Sudenkorento 105\u00d7125 cm XL ja siivet | Inelli","og_description":"Flysheet 105\u00d7125 cm ja siivet Pesunkest\u00e4v\u00e4 ja imukykyinen flysheet soljilla ja siivill\u00e4. Alaosa satiinilla.   Vahvistetut kahvat  Siivet sivuilla  Liukuva alaosa auttaa potilasta k\u00e4\u00e4ntym\u00e4\u00e4n, nostamaan, siirtym\u00e4\u00e4n ja istumaan istuimelle.  vedenpit\u00e4v\u00e4 ja imukykyinen pintakerros  Pest\u00e4v\u00e4 60 asteessa  \u00c4l\u00e4 k\u00e4yt\u00e4 vedenpehmentimi\u00e4  Kantavuus 260 kg","og_url":"https:\/\/inelli.ee\/fi\/toode\/sudenkorento-85x90-cm-ja-siivet-kopeeri\/","og_site_name":"Inelli","article_publisher":"https:\/\/www.facebook.com\/profile.php?id=61562379249253","article_modified_time":"2026-04-20T10:20:25+00:00","og_image":[{"width":800,"height":800,"url":"https:\/\/inelli.ee\/wp-content\/uploads\/2024\/05\/libilina.png","type":"image\/png"}],"twitter_card":"summary_large_image","schema":{"@context":"https:\/\/schema.org","@graph":[{"@type":"WebPage","@id":"https:\/\/inelli.ee\/fi\/toode\/sudenkorento-85x90-cm-ja-siivet-kopeeri\/","url":"https:\/\/inelli.ee\/fi\/toode\/sudenkorento-85x90-cm-ja-siivet-kopeeri\/","name":"Sudenkorento 105\u00d7125 cm XL ja siivet | Inelli","isPartOf":{"@id":"https:\/\/inelli.ee\/fi\/#website"},"primaryImageOfPage":{"@id":"https:\/\/inelli.ee\/fi\/toode\/sudenkorento-85x90-cm-ja-siivet-kopeeri\/#primaryimage"},"image":{"@id":"https:\/\/inelli.ee\/fi\/toode\/sudenkorento-85x90-cm-ja-siivet-kopeeri\/#primaryimage"},"thumbnailUrl":"https:\/\/inelli.ee\/wp-content\/uploads\/2024\/05\/libilina.png","datePublished":"2025-07-15T14:12:20+00:00","dateModified":"2026-04-20T10:20:25+00:00","breadcrumb":{"@id":"https:\/\/inelli.ee\/fi\/toode\/sudenkorento-85x90-cm-ja-siivet-kopeeri\/#breadcrumb"},"inLanguage":"fi","potentialAction":[{"@type":"ReadAction","target":["https:\/\/inelli.ee\/fi\/toode\/sudenkorento-85x90-cm-ja-siivet-kopeeri\/"]}]},{"@type":"ImageObject","inLanguage":"fi","@id":"https:\/\/inelli.ee\/fi\/toode\/sudenkorento-85x90-cm-ja-siivet-kopeeri\/#primaryimage","url":"https:\/\/inelli.ee\/wp-content\/uploads\/2024\/05\/libilina.png","contentUrl":"https:\/\/inelli.ee\/wp-content\/uploads\/2024\/05\/libilina.png","width":800,"height":800,"caption":"libilina 85x90 cm tiibadega"},{"@type":"BreadcrumbList","@id":"https:\/\/inelli.ee\/fi\/toode\/sudenkorento-85x90-cm-ja-siivet-kopeeri\/#breadcrumb","itemListElement":[{"@type":"ListItem","position":1,"name":"Home","item":"https:\/\/inelli.ee\/fi\/"},{"@type":"ListItem","position":2,"name":"Osta osoitteessa","item":"https:\/\/inelli.ee\/pood\/"},{"@type":"ListItem","position":3,"name":"Butterfly lakanat","item":"https:\/\/inelli.ee\/fi\/tuotekategoria\/butterfly-lakanat\/"},{"@type":"ListItem","position":4,"name":"Sudenkorento 105\u00d7125 cm XL ja siivet"}]},{"@type":"WebSite","@id":"https:\/\/inelli.ee\/fi\/#website","url":"https:\/\/inelli.ee\/fi\/","name":"Inelli","description":"Madratsikaitsed, aluslinad, padjakaitsed","publisher":{"@id":"https:\/\/inelli.ee\/fi\/#organization"},"potentialAction":[{"@type":"SearchAction","target":{"@type":"EntryPoint","urlTemplate":"https:\/\/inelli.ee\/fi\/?s={search_term_string}"},"query-input":{"@type":"PropertyValueSpecification","valueRequired":true,"valueName":"search_term_string"}}],"inLanguage":"fi"},{"@type":["Organization","Place"],"@id":"https:\/\/inelli.ee\/fi\/#organization","name":"Inelli Holding O\u00dc","alternateName":"Inelli","url":"https:\/\/inelli.ee\/fi\/","logo":{"@id":"https:\/\/inelli.ee\/fi\/toode\/sudenkorento-85x90-cm-ja-siivet-kopeeri\/#local-main-organization-logo"},"image":{"@id":"https:\/\/inelli.ee\/fi\/toode\/sudenkorento-85x90-cm-ja-siivet-kopeeri\/#local-main-organization-logo"},"sameAs":["https:\/\/www.facebook.com\/profile.php?id=61562379249253"],"description":"Meie p\u00f5hifookuses on parima hinna-kvaliteedi suhtega veekindlad madratsikaitsed ja aluslinad, voodipesu, lisaks LIBILINAD ja RAHUTU PATSIENDI KOST\u00dc\u00dcMID","legalName":"Inelli Holding O\u00dc","numberOfEmployees":{"@type":"QuantitativeValue","minValue":"1","maxValue":"10"},"address":{"@id":"https:\/\/inelli.ee\/fi\/toode\/sudenkorento-85x90-cm-ja-siivet-kopeeri\/#local-main-place-address"},"geo":{"@type":"GeoCoordinates","latitude":"59.4209596615229","longitude":"24.81181683991278"},"telephone":["+37253844660"],"openingHoursSpecification":[{"@type":"OpeningHoursSpecification","dayOfWeek":["Monday","Tuesday","Wednesday","Thursday","Friday"],"opens":"10:00","closes":"15:00"},{"@type":"OpeningHoursSpecification","dayOfWeek":["Saturday","Sunday"],"opens":"00:00","closes":"00:00"}],"email":"info@inelli.ee"},{"@type":"PostalAddress","@id":"https:\/\/inelli.ee\/fi\/toode\/sudenkorento-85x90-cm-ja-siivet-kopeeri\/#local-main-place-address","streetAddress":"Suur-S\u00f5jam\u00e4e 14","addressLocality":"Tallinn","postalCode":"11415","addressRegion":"Harju","addressCountry":"EE"},{"@type":"ImageObject","inLanguage":"fi","@id":"https:\/\/inelli.ee\/fi\/toode\/sudenkorento-85x90-cm-ja-siivet-kopeeri\/#local-main-organization-logo","url":"https:\/\/inelli.ee\/wp-content\/uploads\/2024\/10\/Inelli-logo-600x600-1.jpg","contentUrl":"https:\/\/inelli.ee\/wp-content\/uploads\/2024\/10\/Inelli-logo-600x600-1.jpg","width":600,"height":600,"caption":"Inelli Holding O\u00dc"}]},"geo.placename":"Tallinn","geo.position":{"lat":"59.4209596615229","long":"24.81181683991278"},"geo.region":"Viro"},"_links":{"self":[{"href":"https:\/\/inelli.ee\/fi\/wp-json\/wp\/v2\/product\/2929","targetHints":{"allow":["GET"]}}],"collection":[{"href":"https:\/\/inelli.ee\/fi\/wp-json\/wp\/v2\/product"}],"about":[{"href":"https:\/\/inelli.ee\/fi\/wp-json\/wp\/v2\/types\/product"}],"wp:featuredmedia":[{"embeddable":true,"href":"https:\/\/inelli.ee\/fi\/wp-json\/wp\/v2\/media\/2041"}],"wp:attachment":[{"href":"https:\/\/inelli.ee\/fi\/wp-json\/wp\/v2\/media?parent=2929"}],"wp:term":[{"taxonomy":"product_brand","embeddable":true,"href":"https:\/\/inelli.ee\/fi\/wp-json\/wp\/v2\/product_brand?post=2929"},{"taxonomy":"product_cat","embeddable":true,"href":"https:\/\/inelli.ee\/fi\/wp-json\/wp\/v2\/product_cat?post=2929"},{"taxonomy":"product_tag","embeddable":true,"href":"https:\/\/inelli.ee\/fi\/wp-json\/wp\/v2\/product_tag?post=2929"}],"curies":[{"name":"wp","href":"https:\/\/api.w.org\/{rel}","templated":true}]}}