{"id":1999,"date":"2024-05-28T16:27:40","date_gmt":"2024-05-28T13:27:40","guid":{"rendered":"https:\/\/inelli.ee\/toode\/sipsik-yhdistelmaalue-levottomalle-potilaalle\/"},"modified":"2026-04-21T06:23:07","modified_gmt":"2026-04-21T03:23:07","slug":"sipsik-yhdistelmaalue-levottomalle-potilaalle","status":"publish","type":"product","link":"https:\/\/inelli.ee\/fi\/toode\/sipsik-yhdistelmaalue-levottomalle-potilaalle\/","title":{"rendered":"Sipsik-yhdistelm\u00e4alue levottomalle potilaalle"},"content":{"rendered":"<p>Sipsik-yhdistelm\u00e4alue levottomalle potilaalle. <\/p>\n<ul>\n<li>materiaali: 100% pehme\u00e4\u00e4 puuvillaa<\/li>\n<li>lukko niskasta alasp\u00e4in s\u00e4\u00e4ren alareunaan, pituus 120 cm.<\/li>\n<li>puolihihat ja t\u00e4yspitk\u00e4 s\u00e4\u00e4riosa<\/li>\n<li>eritt\u00e4in kest\u00e4v\u00e4 lukko<\/li>\n<li>ennen pesua k\u00e4\u00e4nn\u00e4 tuote yl\u00f6salaisin ja kirist\u00e4 lukko<\/li>\n<li>pest\u00e4v\u00e4 jopa 60 C:ssa<\/li>\n<\/ul>\n<p>&nbsp;<\/p>\n","protected":false},"excerpt":{"rendered":"<p>Sipsik-yhdistelm\u00e4alue levottomalle potilaalle. materiaali: 100% pehme\u00e4\u00e4 puuvillaa lukko niskasta alasp\u00e4in s\u00e4\u00e4ren alareunaan, pituus 120 cm. puolihihat ja t\u00e4yspitk\u00e4 s\u00e4\u00e4riosa eritt\u00e4in kest\u00e4v\u00e4 lukko ennen pesua k\u00e4\u00e4nn\u00e4 tuote yl\u00f6salaisin ja kirist\u00e4 lukko pest\u00e4v\u00e4 jopa 60 C:ssa &nbsp;<\/p>\n","protected":false},"featured_media":2000,"template":"","meta":{"_acf_changed":false,"inline_featured_image":false},"product_brand":[],"product_cat":[137],"product_tag":[],"class_list":{"0":"post-1999","1":"product","2":"type-product","3":"status-publish","4":"has-post-thumbnail","6":"product_cat-dementiahaalarit","8":"first","9":"instock","10":"taxable","11":"shipping-taxable","12":"purchasable","13":"product-type-variable"},"acf":[],"yoast_head":"<!-- This site is optimized with the Yoast SEO Premium plugin v25.6 (Yoast SEO v27.4) - https:\/\/yoast.com\/product\/yoast-seo-premium-wordpress\/ -->\n<title>Sipsik-yhdistelm\u00e4alue levottomalle potilaalle | Inelli<\/title>\n<meta name=\"robots\" content=\"index, follow, max-snippet:-1, max-image-preview:large, max-video-preview:-1\" \/>\n<link rel=\"canonical\" href=\"https:\/\/inelli.ee\/fi\/toode\/sipsik-yhdistelmaalue-levottomalle-potilaalle\/\" \/>\n<meta property=\"og:locale\" content=\"fi_FI\" \/>\n<meta property=\"og:type\" content=\"article\" \/>\n<meta property=\"og:title\" content=\"Sipsik-yhdistelm\u00e4alue levottomalle potilaalle | Inelli\" \/>\n<meta property=\"og:description\" content=\"Sipsik-yhdistelm\u00e4alue levottomalle potilaalle. materiaali: 100% pehme\u00e4\u00e4 puuvillaa lukko niskasta alasp\u00e4in s\u00e4\u00e4ren alareunaan, pituus 120 cm. puolihihat ja t\u00e4yspitk\u00e4 s\u00e4\u00e4riosa eritt\u00e4in kest\u00e4v\u00e4 lukko ennen pesua k\u00e4\u00e4nn\u00e4 tuote yl\u00f6salaisin ja kirist\u00e4 lukko pest\u00e4v\u00e4 jopa 60 C:ssa &nbsp;\" \/>\n<meta property=\"og:url\" content=\"https:\/\/inelli.ee\/fi\/toode\/sipsik-yhdistelmaalue-levottomalle-potilaalle\/\" \/>\n<meta property=\"og:site_name\" content=\"Inelli\" \/>\n<meta property=\"article:publisher\" content=\"https:\/\/www.facebook.com\/profile.php?id=61562379249253\" \/>\n<meta property=\"article:modified_time\" content=\"2026-04-21T03:23:07+00:00\" \/>\n<meta property=\"og:image\" content=\"https:\/\/inelli.ee\/wp-content\/uploads\/2024\/05\/IMG_8946-2-1-scaled-1.jpg\" \/>\n\t<meta property=\"og:image:width\" content=\"2560\" \/>\n\t<meta property=\"og:image:height\" content=\"2560\" \/>\n\t<meta property=\"og:image:type\" content=\"image\/jpeg\" \/>\n<meta name=\"twitter:card\" content=\"summary_large_image\" \/>\n<script type=\"application\/ld+json\" class=\"yoast-schema-graph\">{\"@context\":\"https:\\\/\\\/schema.org\",\"@graph\":[{\"@type\":\"WebPage\",\"@id\":\"https:\\\/\\\/inelli.ee\\\/fi\\\/toode\\\/sipsik-yhdistelmaalue-levottomalle-potilaalle\\\/\",\"url\":\"https:\\\/\\\/inelli.ee\\\/fi\\\/toode\\\/sipsik-yhdistelmaalue-levottomalle-potilaalle\\\/\",\"name\":\"Sipsik-yhdistelm\u00e4alue levottomalle potilaalle | Inelli\",\"isPartOf\":{\"@id\":\"https:\\\/\\\/inelli.ee\\\/fi\\\/#website\"},\"primaryImageOfPage\":{\"@id\":\"https:\\\/\\\/inelli.ee\\\/fi\\\/toode\\\/sipsik-yhdistelmaalue-levottomalle-potilaalle\\\/#primaryimage\"},\"image\":{\"@id\":\"https:\\\/\\\/inelli.ee\\\/fi\\\/toode\\\/sipsik-yhdistelmaalue-levottomalle-potilaalle\\\/#primaryimage\"},\"thumbnailUrl\":\"https:\\\/\\\/inelli.ee\\\/wp-content\\\/uploads\\\/2024\\\/05\\\/IMG_8946-2-1-scaled-1.jpg\",\"datePublished\":\"2024-05-28T13:27:40+00:00\",\"dateModified\":\"2026-04-21T03:23:07+00:00\",\"breadcrumb\":{\"@id\":\"https:\\\/\\\/inelli.ee\\\/fi\\\/toode\\\/sipsik-yhdistelmaalue-levottomalle-potilaalle\\\/#breadcrumb\"},\"inLanguage\":\"fi\",\"potentialAction\":[{\"@type\":\"ReadAction\",\"target\":[\"https:\\\/\\\/inelli.ee\\\/fi\\\/toode\\\/sipsik-yhdistelmaalue-levottomalle-potilaalle\\\/\"]}]},{\"@type\":\"ImageObject\",\"inLanguage\":\"fi\",\"@id\":\"https:\\\/\\\/inelli.ee\\\/fi\\\/toode\\\/sipsik-yhdistelmaalue-levottomalle-potilaalle\\\/#primaryimage\",\"url\":\"https:\\\/\\\/inelli.ee\\\/wp-content\\\/uploads\\\/2024\\\/05\\\/IMG_8946-2-1-scaled-1.jpg\",\"contentUrl\":\"https:\\\/\\\/inelli.ee\\\/wp-content\\\/uploads\\\/2024\\\/05\\\/IMG_8946-2-1-scaled-1.jpg\",\"width\":2560,\"height\":2560,\"caption\":\"Rahutu patsiendi kombinesoon Sipsik\"},{\"@type\":\"BreadcrumbList\",\"@id\":\"https:\\\/\\\/inelli.ee\\\/fi\\\/toode\\\/sipsik-yhdistelmaalue-levottomalle-potilaalle\\\/#breadcrumb\",\"itemListElement\":[{\"@type\":\"ListItem\",\"position\":1,\"name\":\"Home\",\"item\":\"https:\\\/\\\/inelli.ee\\\/fi\\\/\"},{\"@type\":\"ListItem\",\"position\":2,\"name\":\"Osta osoitteessa\",\"item\":\"https:\\\/\\\/inelli.ee\\\/pood\\\/\"},{\"@type\":\"ListItem\",\"position\":3,\"name\":\"Dementiahaalarit\",\"item\":\"https:\\\/\\\/inelli.ee\\\/fi\\\/tuotekategoria\\\/dementiahaalarit\\\/\"},{\"@type\":\"ListItem\",\"position\":4,\"name\":\"Sipsik-yhdistelm\u00e4alue levottomalle potilaalle\"}]},{\"@type\":\"WebSite\",\"@id\":\"https:\\\/\\\/inelli.ee\\\/fi\\\/#website\",\"url\":\"https:\\\/\\\/inelli.ee\\\/fi\\\/\",\"name\":\"Inelli\",\"description\":\"Madratsikaitsed, aluslinad, padjakaitsed\",\"publisher\":{\"@id\":\"https:\\\/\\\/inelli.ee\\\/fi\\\/#organization\"},\"potentialAction\":[{\"@type\":\"SearchAction\",\"target\":{\"@type\":\"EntryPoint\",\"urlTemplate\":\"https:\\\/\\\/inelli.ee\\\/fi\\\/?s={search_term_string}\"},\"query-input\":{\"@type\":\"PropertyValueSpecification\",\"valueRequired\":true,\"valueName\":\"search_term_string\"}}],\"inLanguage\":\"fi\"},{\"@type\":[\"Organization\",\"Place\"],\"@id\":\"https:\\\/\\\/inelli.ee\\\/fi\\\/#organization\",\"name\":\"Inelli Holding O\u00dc\",\"alternateName\":\"Inelli\",\"url\":\"https:\\\/\\\/inelli.ee\\\/fi\\\/\",\"logo\":{\"@id\":\"https:\\\/\\\/inelli.ee\\\/fi\\\/toode\\\/sipsik-yhdistelmaalue-levottomalle-potilaalle\\\/#local-main-organization-logo\"},\"image\":{\"@id\":\"https:\\\/\\\/inelli.ee\\\/fi\\\/toode\\\/sipsik-yhdistelmaalue-levottomalle-potilaalle\\\/#local-main-organization-logo\"},\"sameAs\":[\"https:\\\/\\\/www.facebook.com\\\/profile.php?id=61562379249253\"],\"description\":\"Meie p\u00f5hifookuses on parima hinna-kvaliteedi suhtega veekindlad madratsikaitsed ja aluslinad, voodipesu, lisaks LIBILINAD ja RAHUTU PATSIENDI KOST\u00dc\u00dcMID\",\"legalName\":\"Inelli Holding O\u00dc\",\"numberOfEmployees\":{\"@type\":\"QuantitativeValue\",\"minValue\":\"1\",\"maxValue\":\"10\"},\"address\":{\"@id\":\"https:\\\/\\\/inelli.ee\\\/fi\\\/toode\\\/sipsik-yhdistelmaalue-levottomalle-potilaalle\\\/#local-main-place-address\"},\"geo\":{\"@type\":\"GeoCoordinates\",\"latitude\":\"59.4209596615229\",\"longitude\":\"24.81181683991278\"},\"telephone\":[\"+37253844660\"],\"openingHoursSpecification\":[{\"@type\":\"OpeningHoursSpecification\",\"dayOfWeek\":[\"Monday\",\"Tuesday\",\"Wednesday\",\"Thursday\",\"Friday\"],\"opens\":\"10:00\",\"closes\":\"15:00\"},{\"@type\":\"OpeningHoursSpecification\",\"dayOfWeek\":[\"Saturday\",\"Sunday\"],\"opens\":\"00:00\",\"closes\":\"00:00\"}],\"email\":\"info@inelli.ee\"},{\"@type\":\"PostalAddress\",\"@id\":\"https:\\\/\\\/inelli.ee\\\/fi\\\/toode\\\/sipsik-yhdistelmaalue-levottomalle-potilaalle\\\/#local-main-place-address\",\"streetAddress\":\"Suur-S\u00f5jam\u00e4e 14\",\"addressLocality\":\"Tallinn\",\"postalCode\":\"11415\",\"addressRegion\":\"Harju\",\"addressCountry\":\"EE\"},{\"@type\":\"ImageObject\",\"inLanguage\":\"fi\",\"@id\":\"https:\\\/\\\/inelli.ee\\\/fi\\\/toode\\\/sipsik-yhdistelmaalue-levottomalle-potilaalle\\\/#local-main-organization-logo\",\"url\":\"https:\\\/\\\/inelli.ee\\\/wp-content\\\/uploads\\\/2024\\\/10\\\/Inelli-logo-600x600-1.jpg\",\"contentUrl\":\"https:\\\/\\\/inelli.ee\\\/wp-content\\\/uploads\\\/2024\\\/10\\\/Inelli-logo-600x600-1.jpg\",\"width\":600,\"height\":600,\"caption\":\"Inelli Holding O\u00dc\"}]}<\/script>\n<meta name=\"geo.placename\" content=\"Tallinn\" \/>\n<meta name=\"geo.position\" content=\"59.4209596615229;24.81181683991278\" \/>\n<meta name=\"geo.region\" content=\"Viro\" \/>\n<!-- \/ Yoast SEO Premium plugin. -->","yoast_head_json":{"title":"Sipsik-yhdistelm\u00e4alue levottomalle potilaalle | Inelli","robots":{"index":"index","follow":"follow","max-snippet":"max-snippet:-1","max-image-preview":"max-image-preview:large","max-video-preview":"max-video-preview:-1"},"canonical":"https:\/\/inelli.ee\/fi\/toode\/sipsik-yhdistelmaalue-levottomalle-potilaalle\/","og_locale":"fi_FI","og_type":"article","og_title":"Sipsik-yhdistelm\u00e4alue levottomalle potilaalle | Inelli","og_description":"Sipsik-yhdistelm\u00e4alue levottomalle potilaalle. materiaali: 100% pehme\u00e4\u00e4 puuvillaa lukko niskasta alasp\u00e4in s\u00e4\u00e4ren alareunaan, pituus 120 cm. puolihihat ja t\u00e4yspitk\u00e4 s\u00e4\u00e4riosa eritt\u00e4in kest\u00e4v\u00e4 lukko ennen pesua k\u00e4\u00e4nn\u00e4 tuote yl\u00f6salaisin ja kirist\u00e4 lukko pest\u00e4v\u00e4 jopa 60 C:ssa &nbsp;","og_url":"https:\/\/inelli.ee\/fi\/toode\/sipsik-yhdistelmaalue-levottomalle-potilaalle\/","og_site_name":"Inelli","article_publisher":"https:\/\/www.facebook.com\/profile.php?id=61562379249253","article_modified_time":"2026-04-21T03:23:07+00:00","og_image":[{"width":2560,"height":2560,"url":"https:\/\/inelli.ee\/wp-content\/uploads\/2024\/05\/IMG_8946-2-1-scaled-1.jpg","type":"image\/jpeg"}],"twitter_card":"summary_large_image","schema":{"@context":"https:\/\/schema.org","@graph":[{"@type":"WebPage","@id":"https:\/\/inelli.ee\/fi\/toode\/sipsik-yhdistelmaalue-levottomalle-potilaalle\/","url":"https:\/\/inelli.ee\/fi\/toode\/sipsik-yhdistelmaalue-levottomalle-potilaalle\/","name":"Sipsik-yhdistelm\u00e4alue levottomalle potilaalle | Inelli","isPartOf":{"@id":"https:\/\/inelli.ee\/fi\/#website"},"primaryImageOfPage":{"@id":"https:\/\/inelli.ee\/fi\/toode\/sipsik-yhdistelmaalue-levottomalle-potilaalle\/#primaryimage"},"image":{"@id":"https:\/\/inelli.ee\/fi\/toode\/sipsik-yhdistelmaalue-levottomalle-potilaalle\/#primaryimage"},"thumbnailUrl":"https:\/\/inelli.ee\/wp-content\/uploads\/2024\/05\/IMG_8946-2-1-scaled-1.jpg","datePublished":"2024-05-28T13:27:40+00:00","dateModified":"2026-04-21T03:23:07+00:00","breadcrumb":{"@id":"https:\/\/inelli.ee\/fi\/toode\/sipsik-yhdistelmaalue-levottomalle-potilaalle\/#breadcrumb"},"inLanguage":"fi","potentialAction":[{"@type":"ReadAction","target":["https:\/\/inelli.ee\/fi\/toode\/sipsik-yhdistelmaalue-levottomalle-potilaalle\/"]}]},{"@type":"ImageObject","inLanguage":"fi","@id":"https:\/\/inelli.ee\/fi\/toode\/sipsik-yhdistelmaalue-levottomalle-potilaalle\/#primaryimage","url":"https:\/\/inelli.ee\/wp-content\/uploads\/2024\/05\/IMG_8946-2-1-scaled-1.jpg","contentUrl":"https:\/\/inelli.ee\/wp-content\/uploads\/2024\/05\/IMG_8946-2-1-scaled-1.jpg","width":2560,"height":2560,"caption":"Rahutu patsiendi kombinesoon Sipsik"},{"@type":"BreadcrumbList","@id":"https:\/\/inelli.ee\/fi\/toode\/sipsik-yhdistelmaalue-levottomalle-potilaalle\/#breadcrumb","itemListElement":[{"@type":"ListItem","position":1,"name":"Home","item":"https:\/\/inelli.ee\/fi\/"},{"@type":"ListItem","position":2,"name":"Osta osoitteessa","item":"https:\/\/inelli.ee\/pood\/"},{"@type":"ListItem","position":3,"name":"Dementiahaalarit","item":"https:\/\/inelli.ee\/fi\/tuotekategoria\/dementiahaalarit\/"},{"@type":"ListItem","position":4,"name":"Sipsik-yhdistelm\u00e4alue levottomalle potilaalle"}]},{"@type":"WebSite","@id":"https:\/\/inelli.ee\/fi\/#website","url":"https:\/\/inelli.ee\/fi\/","name":"Inelli","description":"Madratsikaitsed, aluslinad, padjakaitsed","publisher":{"@id":"https:\/\/inelli.ee\/fi\/#organization"},"potentialAction":[{"@type":"SearchAction","target":{"@type":"EntryPoint","urlTemplate":"https:\/\/inelli.ee\/fi\/?s={search_term_string}"},"query-input":{"@type":"PropertyValueSpecification","valueRequired":true,"valueName":"search_term_string"}}],"inLanguage":"fi"},{"@type":["Organization","Place"],"@id":"https:\/\/inelli.ee\/fi\/#organization","name":"Inelli Holding O\u00dc","alternateName":"Inelli","url":"https:\/\/inelli.ee\/fi\/","logo":{"@id":"https:\/\/inelli.ee\/fi\/toode\/sipsik-yhdistelmaalue-levottomalle-potilaalle\/#local-main-organization-logo"},"image":{"@id":"https:\/\/inelli.ee\/fi\/toode\/sipsik-yhdistelmaalue-levottomalle-potilaalle\/#local-main-organization-logo"},"sameAs":["https:\/\/www.facebook.com\/profile.php?id=61562379249253"],"description":"Meie p\u00f5hifookuses on parima hinna-kvaliteedi suhtega veekindlad madratsikaitsed ja aluslinad, voodipesu, lisaks LIBILINAD ja RAHUTU PATSIENDI KOST\u00dc\u00dcMID","legalName":"Inelli Holding O\u00dc","numberOfEmployees":{"@type":"QuantitativeValue","minValue":"1","maxValue":"10"},"address":{"@id":"https:\/\/inelli.ee\/fi\/toode\/sipsik-yhdistelmaalue-levottomalle-potilaalle\/#local-main-place-address"},"geo":{"@type":"GeoCoordinates","latitude":"59.4209596615229","longitude":"24.81181683991278"},"telephone":["+37253844660"],"openingHoursSpecification":[{"@type":"OpeningHoursSpecification","dayOfWeek":["Monday","Tuesday","Wednesday","Thursday","Friday"],"opens":"10:00","closes":"15:00"},{"@type":"OpeningHoursSpecification","dayOfWeek":["Saturday","Sunday"],"opens":"00:00","closes":"00:00"}],"email":"info@inelli.ee"},{"@type":"PostalAddress","@id":"https:\/\/inelli.ee\/fi\/toode\/sipsik-yhdistelmaalue-levottomalle-potilaalle\/#local-main-place-address","streetAddress":"Suur-S\u00f5jam\u00e4e 14","addressLocality":"Tallinn","postalCode":"11415","addressRegion":"Harju","addressCountry":"EE"},{"@type":"ImageObject","inLanguage":"fi","@id":"https:\/\/inelli.ee\/fi\/toode\/sipsik-yhdistelmaalue-levottomalle-potilaalle\/#local-main-organization-logo","url":"https:\/\/inelli.ee\/wp-content\/uploads\/2024\/10\/Inelli-logo-600x600-1.jpg","contentUrl":"https:\/\/inelli.ee\/wp-content\/uploads\/2024\/10\/Inelli-logo-600x600-1.jpg","width":600,"height":600,"caption":"Inelli Holding O\u00dc"}]},"geo.placename":"Tallinn","geo.position":{"lat":"59.4209596615229","long":"24.81181683991278"},"geo.region":"Viro"},"_links":{"self":[{"href":"https:\/\/inelli.ee\/fi\/wp-json\/wp\/v2\/product\/1999","targetHints":{"allow":["GET"]}}],"collection":[{"href":"https:\/\/inelli.ee\/fi\/wp-json\/wp\/v2\/product"}],"about":[{"href":"https:\/\/inelli.ee\/fi\/wp-json\/wp\/v2\/types\/product"}],"wp:featuredmedia":[{"embeddable":true,"href":"https:\/\/inelli.ee\/fi\/wp-json\/wp\/v2\/media\/2000"}],"wp:attachment":[{"href":"https:\/\/inelli.ee\/fi\/wp-json\/wp\/v2\/media?parent=1999"}],"wp:term":[{"taxonomy":"product_brand","embeddable":true,"href":"https:\/\/inelli.ee\/fi\/wp-json\/wp\/v2\/product_brand?post=1999"},{"taxonomy":"product_cat","embeddable":true,"href":"https:\/\/inelli.ee\/fi\/wp-json\/wp\/v2\/product_cat?post=1999"},{"taxonomy":"product_tag","embeddable":true,"href":"https:\/\/inelli.ee\/fi\/wp-json\/wp\/v2\/product_tag?post=1999"}],"curies":[{"name":"wp","href":"https:\/\/api.w.org\/{rel}","templated":true}]}}