{"id":1907,"date":"2024-06-26T13:19:51","date_gmt":"2024-06-26T10:19:51","guid":{"rendered":"https:\/\/inelli.ee\/toode\/kompressiosukkahousut-raskaana-oleville-naisille-compritex\/"},"modified":"2024-08-15T12:36:57","modified_gmt":"2024-08-15T09:36:57","slug":"kompressiosukkahousut-raskaana-oleville-naisille-compritex","status":"publish","type":"product","link":"https:\/\/inelli.ee\/fi\/toode\/kompressiosukkahousut-raskaana-oleville-naisille-compritex\/","title":{"rendered":"Kompressiosukkahousut raskaana oleville naisille CompriTex"},"content":{"rendered":"","protected":false},"excerpt":{"rendered":"<p>Raskaana oleville naisille tarkoitetut CompriTex-kompressiosukkahousut auttavat lievitt\u00e4m\u00e4\u00e4n jalkojen raskautta ja v\u00e4hent\u00e4m\u00e4\u00e4n turvotusta. Sukkahousut ovat kevyet ja silkkiset ja mukavat k\u00e4ytt\u00e4\u00e4. Raskaana oleville naisille tarkoitetuissa sukkahousuissa on erityinen vatsaosa kasvavaa vatsaa varten ja vahvistettu kantap\u00e4\u00e4. Niit\u00e4 suositellaan ehk\u00e4isem\u00e4\u00e4n turvotusta alun perin, mutta ne voivat my\u00f6s auttaa v\u00e4hent\u00e4m\u00e4\u00e4n turvotusta ja parantamaan jalkojen kuntoa, kun turvotusta esiintyy. Sukkien l\u00e4\u00e4ketieteellinen kompressio on 23-32 mmHg (luokka 2 \/ CCL2). Tuote on v\u00e4rilt\u00e4\u00e4n<br \/><strong>musta<\/strong>. Sukkahousuissa on <strong>suljettu<\/strong> k\u00e4rki! Koostumus: polyamidi 65 %, elastaani 35 %.       <\/p>\n","protected":false},"featured_media":1908,"template":"","meta":{"_acf_changed":false,"inline_featured_image":false},"product_brand":[],"product_cat":[136],"product_tag":[],"class_list":{"0":"post-1907","1":"product","2":"type-product","3":"status-publish","4":"has-post-thumbnail","6":"product_cat-kompressiotuotteet","8":"first","9":"onbackorder","10":"taxable","11":"shipping-taxable","12":"purchasable","13":"product-type-variable"},"acf":[],"yoast_head":"<!-- This site is optimized with the Yoast SEO Premium plugin v25.6 (Yoast SEO v27.4) - https:\/\/yoast.com\/product\/yoast-seo-premium-wordpress\/ -->\n<title>Kompressiosukkahousut raskaana oleville naisille CompriTex | Inelli<\/title>\n<meta name=\"robots\" content=\"index, follow, max-snippet:-1, max-image-preview:large, max-video-preview:-1\" \/>\n<link rel=\"canonical\" href=\"https:\/\/inelli.ee\/fi\/toode\/kompressiosukkahousut-raskaana-oleville-naisille-compritex\/\" \/>\n<meta property=\"og:locale\" content=\"fi_FI\" \/>\n<meta property=\"og:type\" content=\"article\" \/>\n<meta property=\"og:title\" content=\"Kompressiosukkahousut raskaana oleville naisille CompriTex | Inelli\" \/>\n<meta property=\"og:description\" content=\"Raskaana oleville naisille tarkoitetut CompriTex-kompressiosukkahousut auttavat lievitt\u00e4m\u00e4\u00e4n jalkojen raskautta ja v\u00e4hent\u00e4m\u00e4\u00e4n turvotusta. Sukkahousut ovat kevyet ja silkkiset ja mukavat k\u00e4ytt\u00e4\u00e4. Raskaana oleville naisille tarkoitetuissa sukkahousuissa on erityinen vatsaosa kasvavaa vatsaa varten ja vahvistettu kantap\u00e4\u00e4. Niit\u00e4 suositellaan ehk\u00e4isem\u00e4\u00e4n turvotusta alun perin, mutta ne voivat my\u00f6s auttaa v\u00e4hent\u00e4m\u00e4\u00e4n turvotusta ja parantamaan jalkojen kuntoa, kun turvotusta esiintyy. Sukkien l\u00e4\u00e4ketieteellinen kompressio on 23-32 mmHg (luokka 2 \/ CCL2). Tuote on v\u00e4rilt\u00e4\u00e4nmusta. Sukkahousuissa on suljettu k\u00e4rki! Koostumus: polyamidi 65 %, elastaani 35 %.\" \/>\n<meta property=\"og:url\" content=\"https:\/\/inelli.ee\/fi\/toode\/kompressiosukkahousut-raskaana-oleville-naisille-compritex\/\" \/>\n<meta property=\"og:site_name\" content=\"Inelli\" \/>\n<meta property=\"article:publisher\" content=\"https:\/\/www.facebook.com\/profile.php?id=61562379249253\" \/>\n<meta property=\"article:modified_time\" content=\"2024-08-15T09:36:57+00:00\" \/>\n<meta property=\"og:image\" content=\"https:\/\/inelli.ee\/wp-content\/uploads\/2024\/06\/Rasedate-sukkpuksid_40080-40084.webp\" \/>\n\t<meta property=\"og:image:width\" content=\"500\" \/>\n\t<meta property=\"og:image:height\" content=\"500\" \/>\n\t<meta property=\"og:image:type\" content=\"image\/webp\" \/>\n<meta name=\"twitter:card\" content=\"summary_large_image\" \/>\n<script type=\"application\/ld+json\" class=\"yoast-schema-graph\">{\"@context\":\"https:\\\/\\\/schema.org\",\"@graph\":[{\"@type\":\"WebPage\",\"@id\":\"https:\\\/\\\/inelli.ee\\\/fi\\\/toode\\\/kompressiosukkahousut-raskaana-oleville-naisille-compritex\\\/\",\"url\":\"https:\\\/\\\/inelli.ee\\\/fi\\\/toode\\\/kompressiosukkahousut-raskaana-oleville-naisille-compritex\\\/\",\"name\":\"Kompressiosukkahousut raskaana oleville naisille CompriTex | Inelli\",\"isPartOf\":{\"@id\":\"https:\\\/\\\/inelli.ee\\\/fi\\\/#website\"},\"primaryImageOfPage\":{\"@id\":\"https:\\\/\\\/inelli.ee\\\/fi\\\/toode\\\/kompressiosukkahousut-raskaana-oleville-naisille-compritex\\\/#primaryimage\"},\"image\":{\"@id\":\"https:\\\/\\\/inelli.ee\\\/fi\\\/toode\\\/kompressiosukkahousut-raskaana-oleville-naisille-compritex\\\/#primaryimage\"},\"thumbnailUrl\":\"https:\\\/\\\/inelli.ee\\\/wp-content\\\/uploads\\\/2024\\\/06\\\/Rasedate-sukkpuksid_40080-40084.webp\",\"datePublished\":\"2024-06-26T10:19:51+00:00\",\"dateModified\":\"2024-08-15T09:36:57+00:00\",\"breadcrumb\":{\"@id\":\"https:\\\/\\\/inelli.ee\\\/fi\\\/toode\\\/kompressiosukkahousut-raskaana-oleville-naisille-compritex\\\/#breadcrumb\"},\"inLanguage\":\"fi\",\"potentialAction\":[{\"@type\":\"ReadAction\",\"target\":[\"https:\\\/\\\/inelli.ee\\\/fi\\\/toode\\\/kompressiosukkahousut-raskaana-oleville-naisille-compritex\\\/\"]}]},{\"@type\":\"ImageObject\",\"inLanguage\":\"fi\",\"@id\":\"https:\\\/\\\/inelli.ee\\\/fi\\\/toode\\\/kompressiosukkahousut-raskaana-oleville-naisille-compritex\\\/#primaryimage\",\"url\":\"https:\\\/\\\/inelli.ee\\\/wp-content\\\/uploads\\\/2024\\\/06\\\/Rasedate-sukkpuksid_40080-40084.webp\",\"contentUrl\":\"https:\\\/\\\/inelli.ee\\\/wp-content\\\/uploads\\\/2024\\\/06\\\/Rasedate-sukkpuksid_40080-40084.webp\",\"width\":500,\"height\":500,\"caption\":\"Kompressioonsukkp\u00fcksid rasedatele CompriTex\"},{\"@type\":\"BreadcrumbList\",\"@id\":\"https:\\\/\\\/inelli.ee\\\/fi\\\/toode\\\/kompressiosukkahousut-raskaana-oleville-naisille-compritex\\\/#breadcrumb\",\"itemListElement\":[{\"@type\":\"ListItem\",\"position\":1,\"name\":\"Home\",\"item\":\"https:\\\/\\\/inelli.ee\\\/fi\\\/\"},{\"@type\":\"ListItem\",\"position\":2,\"name\":\"Osta osoitteessa\",\"item\":\"https:\\\/\\\/inelli.ee\\\/pood\\\/\"},{\"@type\":\"ListItem\",\"position\":3,\"name\":\"Kompressiotuotteet\",\"item\":\"https:\\\/\\\/inelli.ee\\\/fi\\\/tuotekategoria\\\/kompressiotuotteet\\\/\"},{\"@type\":\"ListItem\",\"position\":4,\"name\":\"Kompressiosukkahousut raskaana oleville naisille CompriTex\"}]},{\"@type\":\"WebSite\",\"@id\":\"https:\\\/\\\/inelli.ee\\\/fi\\\/#website\",\"url\":\"https:\\\/\\\/inelli.ee\\\/fi\\\/\",\"name\":\"Inelli\",\"description\":\"Madratsikaitsed, aluslinad, padjakaitsed\",\"publisher\":{\"@id\":\"https:\\\/\\\/inelli.ee\\\/fi\\\/#organization\"},\"potentialAction\":[{\"@type\":\"SearchAction\",\"target\":{\"@type\":\"EntryPoint\",\"urlTemplate\":\"https:\\\/\\\/inelli.ee\\\/fi\\\/?s={search_term_string}\"},\"query-input\":{\"@type\":\"PropertyValueSpecification\",\"valueRequired\":true,\"valueName\":\"search_term_string\"}}],\"inLanguage\":\"fi\"},{\"@type\":[\"Organization\",\"Place\"],\"@id\":\"https:\\\/\\\/inelli.ee\\\/fi\\\/#organization\",\"name\":\"Inelli Holding O\u00dc\",\"alternateName\":\"Inelli\",\"url\":\"https:\\\/\\\/inelli.ee\\\/fi\\\/\",\"logo\":{\"@id\":\"https:\\\/\\\/inelli.ee\\\/fi\\\/toode\\\/kompressiosukkahousut-raskaana-oleville-naisille-compritex\\\/#local-main-organization-logo\"},\"image\":{\"@id\":\"https:\\\/\\\/inelli.ee\\\/fi\\\/toode\\\/kompressiosukkahousut-raskaana-oleville-naisille-compritex\\\/#local-main-organization-logo\"},\"sameAs\":[\"https:\\\/\\\/www.facebook.com\\\/profile.php?id=61562379249253\"],\"description\":\"Meie p\u00f5hifookuses on parima hinna-kvaliteedi suhtega veekindlad madratsikaitsed ja aluslinad, voodipesu, lisaks LIBILINAD ja RAHUTU PATSIENDI KOST\u00dc\u00dcMID\",\"legalName\":\"Inelli Holding O\u00dc\",\"numberOfEmployees\":{\"@type\":\"QuantitativeValue\",\"minValue\":\"1\",\"maxValue\":\"10\"},\"address\":{\"@id\":\"https:\\\/\\\/inelli.ee\\\/fi\\\/toode\\\/kompressiosukkahousut-raskaana-oleville-naisille-compritex\\\/#local-main-place-address\"},\"geo\":{\"@type\":\"GeoCoordinates\",\"latitude\":\"59.4209596615229\",\"longitude\":\"24.81181683991278\"},\"telephone\":[\"+37253844660\"],\"openingHoursSpecification\":[{\"@type\":\"OpeningHoursSpecification\",\"dayOfWeek\":[\"Monday\",\"Tuesday\",\"Wednesday\",\"Thursday\",\"Friday\"],\"opens\":\"10:00\",\"closes\":\"15:00\"},{\"@type\":\"OpeningHoursSpecification\",\"dayOfWeek\":[\"Saturday\",\"Sunday\"],\"opens\":\"00:00\",\"closes\":\"00:00\"}],\"email\":\"info@inelli.ee\"},{\"@type\":\"PostalAddress\",\"@id\":\"https:\\\/\\\/inelli.ee\\\/fi\\\/toode\\\/kompressiosukkahousut-raskaana-oleville-naisille-compritex\\\/#local-main-place-address\",\"streetAddress\":\"Suur-S\u00f5jam\u00e4e 14\",\"addressLocality\":\"Tallinn\",\"postalCode\":\"11415\",\"addressRegion\":\"Harju\",\"addressCountry\":\"EE\"},{\"@type\":\"ImageObject\",\"inLanguage\":\"fi\",\"@id\":\"https:\\\/\\\/inelli.ee\\\/fi\\\/toode\\\/kompressiosukkahousut-raskaana-oleville-naisille-compritex\\\/#local-main-organization-logo\",\"url\":\"https:\\\/\\\/inelli.ee\\\/wp-content\\\/uploads\\\/2024\\\/10\\\/Inelli-logo-600x600-1.jpg\",\"contentUrl\":\"https:\\\/\\\/inelli.ee\\\/wp-content\\\/uploads\\\/2024\\\/10\\\/Inelli-logo-600x600-1.jpg\",\"width\":600,\"height\":600,\"caption\":\"Inelli Holding O\u00dc\"}]}<\/script>\n<meta name=\"geo.placename\" content=\"Tallinn\" \/>\n<meta name=\"geo.position\" content=\"59.4209596615229;24.81181683991278\" \/>\n<meta name=\"geo.region\" content=\"Viro\" \/>\n<!-- \/ Yoast SEO Premium plugin. -->","yoast_head_json":{"title":"Kompressiosukkahousut raskaana oleville naisille CompriTex | Inelli","robots":{"index":"index","follow":"follow","max-snippet":"max-snippet:-1","max-image-preview":"max-image-preview:large","max-video-preview":"max-video-preview:-1"},"canonical":"https:\/\/inelli.ee\/fi\/toode\/kompressiosukkahousut-raskaana-oleville-naisille-compritex\/","og_locale":"fi_FI","og_type":"article","og_title":"Kompressiosukkahousut raskaana oleville naisille CompriTex | Inelli","og_description":"Raskaana oleville naisille tarkoitetut CompriTex-kompressiosukkahousut auttavat lievitt\u00e4m\u00e4\u00e4n jalkojen raskautta ja v\u00e4hent\u00e4m\u00e4\u00e4n turvotusta. Sukkahousut ovat kevyet ja silkkiset ja mukavat k\u00e4ytt\u00e4\u00e4. Raskaana oleville naisille tarkoitetuissa sukkahousuissa on erityinen vatsaosa kasvavaa vatsaa varten ja vahvistettu kantap\u00e4\u00e4. Niit\u00e4 suositellaan ehk\u00e4isem\u00e4\u00e4n turvotusta alun perin, mutta ne voivat my\u00f6s auttaa v\u00e4hent\u00e4m\u00e4\u00e4n turvotusta ja parantamaan jalkojen kuntoa, kun turvotusta esiintyy. Sukkien l\u00e4\u00e4ketieteellinen kompressio on 23-32 mmHg (luokka 2 \/ CCL2). Tuote on v\u00e4rilt\u00e4\u00e4nmusta. Sukkahousuissa on suljettu k\u00e4rki! Koostumus: polyamidi 65 %, elastaani 35 %.","og_url":"https:\/\/inelli.ee\/fi\/toode\/kompressiosukkahousut-raskaana-oleville-naisille-compritex\/","og_site_name":"Inelli","article_publisher":"https:\/\/www.facebook.com\/profile.php?id=61562379249253","article_modified_time":"2024-08-15T09:36:57+00:00","og_image":[{"width":500,"height":500,"url":"https:\/\/inelli.ee\/wp-content\/uploads\/2024\/06\/Rasedate-sukkpuksid_40080-40084.webp","type":"image\/webp"}],"twitter_card":"summary_large_image","schema":{"@context":"https:\/\/schema.org","@graph":[{"@type":"WebPage","@id":"https:\/\/inelli.ee\/fi\/toode\/kompressiosukkahousut-raskaana-oleville-naisille-compritex\/","url":"https:\/\/inelli.ee\/fi\/toode\/kompressiosukkahousut-raskaana-oleville-naisille-compritex\/","name":"Kompressiosukkahousut raskaana oleville naisille CompriTex | Inelli","isPartOf":{"@id":"https:\/\/inelli.ee\/fi\/#website"},"primaryImageOfPage":{"@id":"https:\/\/inelli.ee\/fi\/toode\/kompressiosukkahousut-raskaana-oleville-naisille-compritex\/#primaryimage"},"image":{"@id":"https:\/\/inelli.ee\/fi\/toode\/kompressiosukkahousut-raskaana-oleville-naisille-compritex\/#primaryimage"},"thumbnailUrl":"https:\/\/inelli.ee\/wp-content\/uploads\/2024\/06\/Rasedate-sukkpuksid_40080-40084.webp","datePublished":"2024-06-26T10:19:51+00:00","dateModified":"2024-08-15T09:36:57+00:00","breadcrumb":{"@id":"https:\/\/inelli.ee\/fi\/toode\/kompressiosukkahousut-raskaana-oleville-naisille-compritex\/#breadcrumb"},"inLanguage":"fi","potentialAction":[{"@type":"ReadAction","target":["https:\/\/inelli.ee\/fi\/toode\/kompressiosukkahousut-raskaana-oleville-naisille-compritex\/"]}]},{"@type":"ImageObject","inLanguage":"fi","@id":"https:\/\/inelli.ee\/fi\/toode\/kompressiosukkahousut-raskaana-oleville-naisille-compritex\/#primaryimage","url":"https:\/\/inelli.ee\/wp-content\/uploads\/2024\/06\/Rasedate-sukkpuksid_40080-40084.webp","contentUrl":"https:\/\/inelli.ee\/wp-content\/uploads\/2024\/06\/Rasedate-sukkpuksid_40080-40084.webp","width":500,"height":500,"caption":"Kompressioonsukkp\u00fcksid rasedatele CompriTex"},{"@type":"BreadcrumbList","@id":"https:\/\/inelli.ee\/fi\/toode\/kompressiosukkahousut-raskaana-oleville-naisille-compritex\/#breadcrumb","itemListElement":[{"@type":"ListItem","position":1,"name":"Home","item":"https:\/\/inelli.ee\/fi\/"},{"@type":"ListItem","position":2,"name":"Osta osoitteessa","item":"https:\/\/inelli.ee\/pood\/"},{"@type":"ListItem","position":3,"name":"Kompressiotuotteet","item":"https:\/\/inelli.ee\/fi\/tuotekategoria\/kompressiotuotteet\/"},{"@type":"ListItem","position":4,"name":"Kompressiosukkahousut raskaana oleville naisille CompriTex"}]},{"@type":"WebSite","@id":"https:\/\/inelli.ee\/fi\/#website","url":"https:\/\/inelli.ee\/fi\/","name":"Inelli","description":"Madratsikaitsed, aluslinad, padjakaitsed","publisher":{"@id":"https:\/\/inelli.ee\/fi\/#organization"},"potentialAction":[{"@type":"SearchAction","target":{"@type":"EntryPoint","urlTemplate":"https:\/\/inelli.ee\/fi\/?s={search_term_string}"},"query-input":{"@type":"PropertyValueSpecification","valueRequired":true,"valueName":"search_term_string"}}],"inLanguage":"fi"},{"@type":["Organization","Place"],"@id":"https:\/\/inelli.ee\/fi\/#organization","name":"Inelli Holding O\u00dc","alternateName":"Inelli","url":"https:\/\/inelli.ee\/fi\/","logo":{"@id":"https:\/\/inelli.ee\/fi\/toode\/kompressiosukkahousut-raskaana-oleville-naisille-compritex\/#local-main-organization-logo"},"image":{"@id":"https:\/\/inelli.ee\/fi\/toode\/kompressiosukkahousut-raskaana-oleville-naisille-compritex\/#local-main-organization-logo"},"sameAs":["https:\/\/www.facebook.com\/profile.php?id=61562379249253"],"description":"Meie p\u00f5hifookuses on parima hinna-kvaliteedi suhtega veekindlad madratsikaitsed ja aluslinad, voodipesu, lisaks LIBILINAD ja RAHUTU PATSIENDI KOST\u00dc\u00dcMID","legalName":"Inelli Holding O\u00dc","numberOfEmployees":{"@type":"QuantitativeValue","minValue":"1","maxValue":"10"},"address":{"@id":"https:\/\/inelli.ee\/fi\/toode\/kompressiosukkahousut-raskaana-oleville-naisille-compritex\/#local-main-place-address"},"geo":{"@type":"GeoCoordinates","latitude":"59.4209596615229","longitude":"24.81181683991278"},"telephone":["+37253844660"],"openingHoursSpecification":[{"@type":"OpeningHoursSpecification","dayOfWeek":["Monday","Tuesday","Wednesday","Thursday","Friday"],"opens":"10:00","closes":"15:00"},{"@type":"OpeningHoursSpecification","dayOfWeek":["Saturday","Sunday"],"opens":"00:00","closes":"00:00"}],"email":"info@inelli.ee"},{"@type":"PostalAddress","@id":"https:\/\/inelli.ee\/fi\/toode\/kompressiosukkahousut-raskaana-oleville-naisille-compritex\/#local-main-place-address","streetAddress":"Suur-S\u00f5jam\u00e4e 14","addressLocality":"Tallinn","postalCode":"11415","addressRegion":"Harju","addressCountry":"EE"},{"@type":"ImageObject","inLanguage":"fi","@id":"https:\/\/inelli.ee\/fi\/toode\/kompressiosukkahousut-raskaana-oleville-naisille-compritex\/#local-main-organization-logo","url":"https:\/\/inelli.ee\/wp-content\/uploads\/2024\/10\/Inelli-logo-600x600-1.jpg","contentUrl":"https:\/\/inelli.ee\/wp-content\/uploads\/2024\/10\/Inelli-logo-600x600-1.jpg","width":600,"height":600,"caption":"Inelli Holding O\u00dc"}]},"geo.placename":"Tallinn","geo.position":{"lat":"59.4209596615229","long":"24.81181683991278"},"geo.region":"Viro"},"_links":{"self":[{"href":"https:\/\/inelli.ee\/fi\/wp-json\/wp\/v2\/product\/1907","targetHints":{"allow":["GET"]}}],"collection":[{"href":"https:\/\/inelli.ee\/fi\/wp-json\/wp\/v2\/product"}],"about":[{"href":"https:\/\/inelli.ee\/fi\/wp-json\/wp\/v2\/types\/product"}],"wp:featuredmedia":[{"embeddable":true,"href":"https:\/\/inelli.ee\/fi\/wp-json\/wp\/v2\/media\/1908"}],"wp:attachment":[{"href":"https:\/\/inelli.ee\/fi\/wp-json\/wp\/v2\/media?parent=1907"}],"wp:term":[{"taxonomy":"product_brand","embeddable":true,"href":"https:\/\/inelli.ee\/fi\/wp-json\/wp\/v2\/product_brand?post=1907"},{"taxonomy":"product_cat","embeddable":true,"href":"https:\/\/inelli.ee\/fi\/wp-json\/wp\/v2\/product_cat?post=1907"},{"taxonomy":"product_tag","embeddable":true,"href":"https:\/\/inelli.ee\/fi\/wp-json\/wp\/v2\/product_tag?post=1907"}],"curies":[{"name":"wp","href":"https:\/\/api.w.org\/{rel}","templated":true}]}}