{"id":1591,"date":"2024-06-05T10:19:14","date_gmt":"2024-06-05T07:19:14","guid":{"rendered":"https:\/\/inelli.ee\/myyntiehdot\/"},"modified":"2024-08-15T12:36:50","modified_gmt":"2024-08-15T09:36:50","slug":"myyntiehdot","status":"publish","type":"page","link":"https:\/\/inelli.ee\/fi\/myyntiehdot\/","title":{"rendered":"Myyntiehdot"},"content":{"rendered":"\t\t<div data-elementor-type=\"wp-page\" data-elementor-id=\"1591\" class=\"elementor elementor-1591 elementor-250\" data-elementor-post-type=\"page\">\n\t\t\t\t<div class=\"elementor-element elementor-element-b19dde9 e-con-full e-flex e-con e-parent\" data-id=\"b19dde9\" data-element_type=\"container\" data-e-type=\"container\">\n\t\t<div class=\"elementor-element elementor-element-921742f e-flex e-con-boxed e-con e-child\" data-id=\"921742f\" data-element_type=\"container\" data-e-type=\"container\">\n\t\t\t\t\t<div class=\"e-con-inner\">\n\t\t\t\t<div class=\"elementor-element elementor-element-c213d86 elementor-widget elementor-widget-text-editor\" data-id=\"c213d86\" data-element_type=\"widget\" data-e-type=\"widget\" data-widget_type=\"text-editor.default\">\n\t\t\t\t<div class=\"elementor-widget-container\">\n\t\t\t\t\t\t\t\t\t<p>N\u00e4m\u00e4 myyntiehdot (j\u00e4ljemp\u00e4n\u00e4 <strong>&#8221;ehdot&#8221;<\/strong>) koskevat verkkokauppaa <a href=\"http:\/\/www.inelli.ee\/\">www.inelli.ee<\/a> (j\u00e4ljemp\u00e4n\u00e4 <strong>&#8221;verkkokauppa&#8221;<\/strong>).<\/p>\n<p>Verkkokaupan omistaja on Inelli Holding O\u00dc, jonka rekisteritunnus on EE101173933 ja joka sijaitsee osoitteessa M\u00e4ealuse 10, varasto 10, Tallinna 12618 Viro (j\u00e4ljemp\u00e4n\u00e4 <strong>Myyj\u00e4<\/strong>).<\/p>\n<p>Henkil\u00f6, joka tekee ostoksen verkkokaupasta (j\u00e4ljemp\u00e4n\u00e4 &#8221; <strong>ostaja<\/strong>&#8221;), hyv\u00e4ksyy n\u00e4m\u00e4 ehdot ja sitoutuu noudattamaan niit\u00e4.<br \/>\nJos Ostajalla on kysytt\u00e4v\u00e4\u00e4 k\u00e4ytt\u00f6ehdoista, h\u00e4n voi saada lis\u00e4tietoja soittamalla numeroon +37253844660 tai l\u00e4hett\u00e4m\u00e4ll\u00e4 s\u00e4hk\u00f6postia osoitteeseen info@inelli.ee. <\/p>\n<p>N\u00e4iden ehtojen lis\u00e4ksi verkkokaupasta ostettujen tuotteiden ostamiseen liittyvi\u00e4 oikeussuhteita s\u00e4\u00e4telev\u00e4t velvoiteoikeuslaki (j\u00e4ljemp\u00e4n\u00e4 LOA), kuluttajansuojalaki (j\u00e4ljemp\u00e4n\u00e4 CPA) ja muu Viron tasavallassa voimassa oleva lains\u00e4\u00e4d\u00e4nt\u00f6.<\/p>\n<p>Myyj\u00e4ll\u00e4 on oikeus tehd\u00e4 muutoksia n\u00e4ihin ehtoihin, jotka julkaistaan verkkokaupassa.<\/p>\n<h5><strong>Myyntisopimus, myyntitilauksen laatiminen<\/strong><\/h5>\n<p>Myyntisopimus katsotaan tehdyksi, kun Ostaja tekee myyntitilauksen verkkokaupassa.<br \/>\nKun myyntitilaus on tehty, Ostaja sitoutuu maksamaan kauppasumman pankkisiirrolla tai pankkisiirrolla ennakkolaskun perusteella.<br \/>\nMyyj\u00e4 l\u00e4hett\u00e4\u00e4 myyntitilauksessa ilmoitetut tavarat sen j\u00e4lkeen, kun koko ostosumma on hyvitetty Myyj\u00e4n pankkitilille.  <\/p>\n<p>Myyntitilaus, jota ostaja ei ole maksanut kahden p\u00e4iv\u00e4n kuluessa myyntitilauksen p\u00e4iv\u00e4m\u00e4\u00e4r\u00e4st\u00e4, peruutetaan.<\/p>\n<p>Jos Ostaja haluaa peruuttaa myyntitilauksen, Ostaja sitoutuu l\u00e4hett\u00e4m\u00e4\u00e4n Myyj\u00e4lle t\u00e4t\u00e4 koskevan tahdonilmaisun s\u00e4hk\u00f6postitse osoitteeseen info@inelli.ee tai ottamalla yhteytt\u00e4 Myyj\u00e4\u00e4n verkkokaupan yhteydenottolomakkeen kautta.<\/p>\n<h5><strong>Tuotteet<\/strong><\/h5>\n<p>Verkkokaupassa myyt\u00e4v\u00e4t tuotteet ovat saatavilla verkkokaupassa.<br \/>\nVerkkokaupan tuotekuvat ovat havainnollistavia ja saattavat poiketa todellisesta tuotteesta.<br \/>\nVerkkokaupan tuotekuvaukset eiv\u00e4t v\u00e4ltt\u00e4m\u00e4tt\u00e4 ole tyhjent\u00e4vi\u00e4.<br \/>\nJos Myyj\u00e4 on tarjonnut linkkej\u00e4 kolmansien osapuolten verkkosivustoille, Myyj\u00e4 ei takaa, ett\u00e4 linkkej\u00e4 klikattaessa n\u00e4ytett\u00e4v\u00e4t tiedot ovat oikeita, t\u00e4ydellisi\u00e4 tai tarkkoja.<br \/>\nKolmansien osapuolten tarjoamien tietojen sis\u00e4lt\u00f6, tarkkuus, t\u00e4ydellisyys ja oikeellisuus ovat kolmansien osapuolten vastuulla.<br \/>\nMyyj\u00e4ll\u00e4 ei ole velvollisuutta tarkistaa ulkopuolelta l\u00e4hetettyj\u00e4 tai tallennettuja tietoja tai tunnistaa laitonta toimintaa.     <\/p>\n<h5><strong>Hinta ja maksu<\/strong><\/h5>\n<p>Jokaisen verkkokaupassa tarjotun tuotteen hinta on ilmoitettu vastaavan tuotteen kohdalla.<br \/>\nKaikkien tuotteiden hinnat sis\u00e4lt\u00e4v\u00e4t arvonlis\u00e4veron.<br \/>\nKaikki hinnat ovat eurom\u00e4\u00e4r\u00e4isi\u00e4.<br \/>\nVerkkokaupassa ilmoitetut hinnat ovat voimassa vain verkkokaupassa tehdyille ostoksille.   <\/p>\n<p>Verkkokaupassa tarjottujen tuotteiden hinnat voivat muuttua.<br \/>\nOstajan vastuulla on varmistaa tuotteiden ostohinta myyntitilausta tehdess\u00e4\u00e4n. <\/p>\n<p>Tuotteiden hintaan lis\u00e4t\u00e4\u00e4n toimitusmaksu, joka riippuu ostajan sijainnista ja toimitustavasta.<br \/>\nIlmainen toimitus Viron sis\u00e4ll\u00e4 myyntitilauksille, joiden ostohinta on v\u00e4hint\u00e4\u00e4n 75 euroa.<br \/>\nT\u00e4t\u00e4 pienemm\u00e4n arvoisiin tilauksiin lis\u00e4t\u00e4\u00e4n toimitusmaksu ostajan valitseman toimitustavan mukaan.  <\/p>\n<p>Kun teet myyntitilauksen, saat tilausvahvistuksen tai ennakkomaksulaskun siihen s\u00e4hk\u00f6postiosoitteeseen, jonka annoit myyntitilauslomakkeessa.<br \/>\nJos myyntitilaus maksetaan pankkisiirrolla, ennakkomaksulaskua ei tarvitse maksaa uudelleen. <\/p>\n<p>Jos ostaja on valinnut maksutavaksi pankkisiirron, h\u00e4n on velvollinen maksamaan laskun ennakkomaksun.<br \/>\nMyyntitilaukset, joiden osalta ostaja ei ole maksanut ennakkolaskua kahden p\u00e4iv\u00e4n kuluessa myyntitilauksen j\u00e4tt\u00e4misest\u00e4, peruutetaan. <\/p>\n<h5><strong>Jos tuotetta ei ole varastossa<\/strong><\/h5>\n<p>Jos myyntitilauksessa mainittua tuotetta ei ole saatavilla Myyj\u00e4n varastossa, Myyj\u00e4 ilmoittaa siit\u00e4 Ostajalle s\u00e4hk\u00f6postitse tai puhelimitse viimeist\u00e4\u00e4n seuraavana pankkip\u00e4iv\u00e4n\u00e4 sen j\u00e4lkeen, kun myyntitilauksessa mainittu kauppahinta on hyvitetty Myyj\u00e4n pankkitilille.<br \/>\nT\u00e4llaisessa tapauksessa Ostajalla on oikeus: <\/p>\n<ul>\n<li>suostua ylim\u00e4\u00e4r\u00e4iseen odotusaikaan tuotteiden saapumista varten;<\/li>\n<li>peruuttaa myyntitilauksen, jolloin Myyj\u00e4 palauttaa Ostajalle myyntitilauksesta maksetun summan.\n<\/li>\n<\/ul>\n<h5><strong>Toimitus<\/strong><\/h5>\n<p>Ostaja voi valita seuraavien vaihtoehtojen v\u00e4lill\u00e4 tuotteiden vastaanottamiseksi:<\/p>\n<ul>\n<li>pakettiautomaatti;<\/li>\n<li>kuriiripalvelu;\n<\/li>\n<\/ul>\n<h5><strong>Pakettiautomaatti<\/strong><\/h5>\n<p>Voimme l\u00e4hett\u00e4\u00e4 tilaukset, joiden kokonaispaino on enint\u00e4\u00e4n 30 kg, pakettiautomaateilla.<br \/>\nPaketti on noudettava pakettiautomaatista postipalvelun tarjoajan asettamassa m\u00e4\u00e4r\u00e4ajassa. <\/p>\n<h5><strong>Kuriiripalvelu<\/strong><\/h5>\n<p>Maanantaista torstaihin ostettu ja kuriiripalvelun kautta toimitettu tuote toimitetaan kuriiripalvelun kautta ostajan ilmoittamaan osoitteeseen ostop\u00e4iv\u00e4\u00e4 seuraavana p\u00e4iv\u00e4n\u00e4 kello 09.00 ja 20.00 v\u00e4lisen\u00e4 aikana.<br \/>\nPerjantaista sunnuntaihin ostettu tuote toimitetaan kuriiripalvelun v\u00e4lityksell\u00e4 asiakkaan ilmoittamaan osoitteeseen viimeist\u00e4\u00e4n seuraavana arkip\u00e4iv\u00e4n\u00e4 klo 09.00 ja 20.00 v\u00e4lisen\u00e4 aikana.<br \/>\nKuriiri sopii etuk\u00e4teen puhelimitse asiakkaan kanssa tuotteen tarkasta toimitusajankohdasta.  <\/p>\n<p>Ostajan on varmistettava, ett\u00e4 tuote vastaanotetaan sovittuna ajankohtana ja sovitussa osoitteessa.<br \/>\nJos ostaja ei ole tavoitettavissa tuotteen saapumisajankohtana, kuriiri tekee yhden ylim\u00e4\u00e4r\u00e4isen yrityksen tuotteen toimittamiseksi.<br \/>\nJos molemmat yritykset toimittaa tuote asiakkaalle ep\u00e4onnistuvat, myyj\u00e4 katsoo, ett\u00e4 ostaja on peruuttanut tilauksen, ja palauttaa ostosumman ostajalle ilman toimituskuluja ilman aiheetonta viivytyst\u00e4, kuitenkin viimeist\u00e4\u00e4n 14 kalenterip\u00e4iv\u00e4n kuluessa, samalle tilille, jolta ostos on maksettu.  <\/p>\n<p>Jos valitset kuriirin toimittamaan tavarasi, tavaran hintaan lis\u00e4t\u00e4\u00e4n toimitusmaksu.<br \/>\nHinnat sis\u00e4lt\u00e4v\u00e4t arvonlis\u00e4veron. <\/p>\n<p>Jos ostaja haluaa noutaa tuotteet pakettina tai kuriiripalvelun v\u00e4lityksell\u00e4, on aina ilmoitettava ostajan matkapuhelinnumero (lankapuhelinnumerot eiv\u00e4t mahdollista t\u00e4t\u00e4 palvelua).<\/p>\n<h5><strong>Seuraa itse\u00e4si<\/strong><\/h5>\n<p>Ostajat ovat tervetulleita noutamaan tuotteet osoitteeseen M\u00e4ealuse 10, Ladu 10, Tallinna.<br \/>\nAjanvaraus on teht\u00e4v\u00e4 puhelimitse +37253844660. <\/p>\n<h5><strong>Palautusoikeus<\/strong><\/h5>\n<p>Tuotteen vastaanottamisen j\u00e4lkeen ostajalla on oikeus peruuttaa verkkokauppasopimus 14 p\u00e4iv\u00e4n kuluessa.<br \/>\nPeruuttamisoikeutta ei sovelleta, jos ostaja on oikeushenkil\u00f6. <\/p>\n<p>Palautettavan tuotteen on oltava vahingoittumaton, k\u00e4ytt\u00e4m\u00e4t\u00f6n ja alkuper\u00e4ispakkauksessa.<\/p>\n<p>Jotta 14 p\u00e4iv\u00e4n palautusoikeutta voidaan k\u00e4ytt\u00e4\u00e4, tilattua tuotetta ei saa k\u00e4ytt\u00e4\u00e4 muulla tavoin kuin tuotteen luonteen, ominaisuuksien ja toiminnan selvitt\u00e4miseksi samalla tavalla kuin tuotteen testaaminen fyysisess\u00e4 myym\u00e4l\u00e4ss\u00e4 on sallittua.<br \/>\nTutustumisella tarkoitetaan vastaavaa k\u00e4ytt\u00f6\u00e4 kuin jos tutustuisit tuotteeseen v\u00e4hitt\u00e4ismyym\u00e4l\u00e4ss\u00e4 ennen ostoksen tekemist\u00e4. <\/p>\n<p>Jos tuotetta on k\u00e4ytetty muuhun kuin tavaroiden luonteen, ominaisuuksien ja toiminnan selvitt\u00e4miseen tarvittaviin tarkoituksiin tai jos siin\u00e4 on k\u00e4yt\u00f6n tai kulumisen merkkej\u00e4, verkkokaupalla on oikeus alentaa palautettavaa maksua tavaroiden arvon alenemisen mukaisesti.<\/p>\n<p>Palauttaaksesi<a href=\"https:\/\/teresa.ee\/app\/uploads\/2022\/10\/E-poest-ostetud-kauba-tagastamise-avaldus.pdf\"> tavarat<\/a> sinun on l\u00e4hetett\u00e4v\u00e4 peruutuslomake.<\/p>\n<p>Ostaja vastaa tuotteen palauttamisesta aiheutuvista kustannuksista, ellei palautuksen syyn\u00e4 ole se, ett\u00e4 palautettava tuote ei vastaa tilattua tuotetta (esim. v\u00e4\u00e4r\u00e4 tai viallinen tuote).<\/p>\n<p>Ostajan on palautettava tavarat 14 p\u00e4iv\u00e4n kuluessa hakemuksen p\u00e4iv\u00e4yksest\u00e4 tai esitett\u00e4v\u00e4 todiste siit\u00e4, ett\u00e4 h\u00e4n on luovuttanut tavarat rahdinkuljettajalle edell\u00e4 mainitun ajan kuluessa.<\/p>\n<p>Verkkokauppa palauttaa tilausmaksun ostajalle v\u00e4litt\u00f6m\u00e4sti palautetun tuotteen vastaanottamisen j\u00e4lkeen, kuitenkin viimeist\u00e4\u00e4n 14 p\u00e4iv\u00e4n kuluessa.<\/p>\n<h5><strong>Valituksen tekeminen<\/strong><\/h5>\n<p>Myyj\u00e4 vastaa ostajalle myydyn tuotteen virheest\u00e4 tai puutteesta, joka oli olemassa toimitushetkell\u00e4 ja joka ilmenee kahden vuoden kuluessa tuotteen toimittamisesta ostajalle.<br \/>\nEnsimm\u00e4isten kuuden kuukauden aikana siit\u00e4, kun tuote on toimitettu ostajalle, oletetaan, ett\u00e4 virhe on ollut olemassa toimitushetkell\u00e4, ellei t\u00e4llainen oletus ole ristiriidassa tuotteen tai virheen luonteen kanssa. <\/p>\n<p>Jos virhe ilmenee, ostajalla on oikeus ottaa yhteytt\u00e4 myyj\u00e4\u00e4n viimeist\u00e4\u00e4n kahden kuukauden kuluessa l\u00e4hett\u00e4m\u00e4ll\u00e4 s\u00e4hk\u00f6postia osoitteeseen info@inelli.ee.<\/p>\n<p>Myyj\u00e4 ei ole vastuussa vioista, jotka ilmenev\u00e4t sen j\u00e4lkeen, kun tuote on toimitettu ostajalle.<\/p>\n<p>Myyj\u00e4 ei ole vastuussa tuotteen vioista, jotka ostajan tai tuotteen k\u00e4ytt\u00e4j\u00e4n toimesta johtuvat tuotteen virheellisest\u00e4 varastoinnista tai virheellisest\u00e4 k\u00e4yt\u00f6st\u00e4.<\/p>\n<p>Jos Verkkokaupasta ostetussa tuotteessa on vikoja, joista Myyj\u00e4 on vastuussa, Myyj\u00e4 korjaa tai vaihtaa viallisen tuotteen.<br \/>\nJos tuotetta ei voida korjata tai vaihtaa, Myyj\u00e4 palauttaa Ostajalle kaikki kauppasopimuksen mukaisesti maksetut maksut. <\/p>\n<p>Myyj\u00e4n vastuu rajoittuu ostajalle aiheutuneisiin v\u00e4litt\u00f6miin aineellisiin vahinkoihin.<br \/>\nOstajan k\u00e4rsim\u00e4t tulonmenetykset ja aineettomat vahingot eiv\u00e4t ole korvattavia.<br \/>\nVastuunrajoitusta ei sovelleta silt\u00e4 osin kuin laki ei salli myyj\u00e4n vastuun rajoittamista, mukaan lukien myyj\u00e4n tahallisen ja t\u00f6rke\u00e4n huolimattoman rikkomuksen tapauksessa sek\u00e4 silloin, kun aiheutetaan ostajan kuolema tai ostajan terveydelle aiheutuva vahinko.  <\/p>\n<p>Myyj\u00e4n on vastattava kuluttajaostajan tekem\u00e4\u00e4n valitukseen kirjallisesti tai sellaisessa muodossa, ett\u00e4 se voidaan j\u00e4ljent\u00e4\u00e4 kirjallisesti 15 p\u00e4iv\u00e4n kuluessa.<\/p>\n<p>Jos ostaja ja myyj\u00e4 eiv\u00e4t pysty ratkaisemaan riitaa yhteisymm\u00e4rryksess\u00e4, ostaja voi saattaa riidan kuluttajariitalautakunnan k\u00e4sitelt\u00e4v\u00e4ksi.<br \/>\nVoit lukea menettelyn ehdot ja hakea sit\u00e4 <a href=\"\">t\u00e4\u00e4lt\u00e4.<\/a><br \/>\nKuluttajariitalautakunta on toimivaltainen ratkaisemaan ostajan ja myyj\u00e4n v\u00e4lisest\u00e4 sopimuksesta johtuvat riidat.<br \/>\nOstajan valituksen tutkiminen lautakunnassa on maksutonta.   <\/p>\n<p>Ostaja voi k\u00e4\u00e4nty\u00e4 Euroopan unionin kuluttajariitojen <a href=\"https:\/\/ec.europa.eu\/consumers\/odr\/main\/index.cfm?event=main.home2.show&amp;lng=ET\">ratkaisufoorumin<\/a> puoleen.<\/p>\n<h5><strong>Tietosuoja<\/strong><\/h5>\n<p>Sy\u00f6tt\u00e4m\u00e4ll\u00e4 tietoja verkkokauppaan Ostaja antaa oikeuden ker\u00e4t\u00e4 ja k\u00e4sitell\u00e4 henkil\u00f6tietojaan sek\u00e4 v\u00e4litt\u00e4\u00e4 henkil\u00f6tietojaan Myyj\u00e4n logistiikkakumppanille tavaroiden toimittamista varten.<br \/>\nKaikkia Ostajan henkil\u00f6tietoja, jotka luovutetaan Verkkokaupassa k\u00e4ynnin ja ostosten aikana, k\u00e4sitell\u00e4\u00e4n luottamuksellisesti ja ainoastaan tilauksen t\u00e4ytt\u00e4mist\u00e4 varten. <\/p>\n<p>S\u00e4hk\u00f6isi\u00e4 henkil\u00f6tietoja k\u00e4ytet\u00e4\u00e4n markkinointitarkoituksiin vain, jos ostaja on antanut siihen nimenomaisen suostumuksensa.<br \/>\nOstajalla on pyynn\u00f6st\u00e4 oikeus pyyt\u00e4\u00e4 tietojensa poistamista Myyj\u00e4n verkkokaupan tietokannasta. <\/p>\n<p>Salattu tiedonsiirto pankkien kanssa ostoksia maksettaessa takaa ostajan henkil\u00f6kohtaisten pankkitietojen turvallisuuden, eik\u00e4 myyj\u00e4 p\u00e4\u00e4se niihin k\u00e4siksi.<\/p>\n\t\t\t\t\t\t\t\t<\/div>\n\t\t\t\t<\/div>\n\t\t\t\t\t<\/div>\n\t\t\t\t<\/div>\n\t\t\t\t<\/div>\n\t\t\t\t<\/div>\n\t\t","protected":false},"excerpt":{"rendered":"<p>N\u00e4m\u00e4 myyntiehdot (j\u00e4ljemp\u00e4n\u00e4 &#8221;ehdot&#8221;) koskevat verkkokauppaa www.inelli.ee (j\u00e4ljemp\u00e4n\u00e4 &#8221;verkkokauppa&#8221;). Verkkokaupan omistaja on Inelli Holding O\u00dc, jonka rekisteritunnus on EE101173933 ja joka sijaitsee osoitteessa M\u00e4ealuse 10, varasto 10, Tallinna 12618 Viro (j\u00e4ljemp\u00e4n\u00e4 Myyj\u00e4). Henkil\u00f6, joka tekee ostoksen verkkokaupasta (j\u00e4ljemp\u00e4n\u00e4 &#8221; ostaja&#8221;), hyv\u00e4ksyy n\u00e4m\u00e4 ehdot ja sitoutuu noudattamaan niit\u00e4. Jos Ostajalla on kysytt\u00e4v\u00e4\u00e4 k\u00e4ytt\u00f6ehdoista, h\u00e4n voi saada [&hellip;]<\/p>\n","protected":false},"author":7,"featured_media":0,"parent":0,"menu_order":0,"comment_status":"closed","ping_status":"closed","template":"elementor_header_footer","meta":{"_acf_changed":false,"inline_featured_image":false,"footnotes":""},"class_list":["post-1591","page","type-page","status-publish","hentry"],"acf":[],"yoast_head":"<!-- This site is optimized with the Yoast SEO Premium plugin v25.6 (Yoast SEO v27.4) - https:\/\/yoast.com\/product\/yoast-seo-premium-wordpress\/ -->\n<title>Myyntiehdot | Inelli<\/title>\n<meta name=\"robots\" content=\"index, follow, max-snippet:-1, max-image-preview:large, max-video-preview:-1\" \/>\n<link rel=\"canonical\" href=\"https:\/\/inelli.ee\/fi\/myyntiehdot\/\" \/>\n<meta property=\"og:locale\" content=\"fi_FI\" \/>\n<meta property=\"og:type\" content=\"article\" \/>\n<meta property=\"og:title\" content=\"Myyntiehdot | Inelli\" \/>\n<meta property=\"og:description\" content=\"N\u00e4m\u00e4 myyntiehdot (j\u00e4ljemp\u00e4n\u00e4 &#8221;ehdot&#8221;) koskevat verkkokauppaa www.inelli.ee (j\u00e4ljemp\u00e4n\u00e4 &#8221;verkkokauppa&#8221;). Verkkokaupan omistaja on Inelli Holding O\u00dc, jonka rekisteritunnus on EE101173933 ja joka sijaitsee osoitteessa M\u00e4ealuse 10, varasto 10, Tallinna 12618 Viro (j\u00e4ljemp\u00e4n\u00e4 Myyj\u00e4). Henkil\u00f6, joka tekee ostoksen verkkokaupasta (j\u00e4ljemp\u00e4n\u00e4 &#8221; ostaja&#8221;), hyv\u00e4ksyy n\u00e4m\u00e4 ehdot ja sitoutuu noudattamaan niit\u00e4. Jos Ostajalla on kysytt\u00e4v\u00e4\u00e4 k\u00e4ytt\u00f6ehdoista, h\u00e4n voi saada [&hellip;]\" \/>\n<meta property=\"og:url\" content=\"https:\/\/inelli.ee\/fi\/myyntiehdot\/\" \/>\n<meta property=\"og:site_name\" content=\"Inelli\" \/>\n<meta property=\"article:publisher\" content=\"https:\/\/www.facebook.com\/profile.php?id=61562379249253\" \/>\n<meta property=\"article:modified_time\" content=\"2024-08-15T09:36:50+00:00\" \/>\n<meta property=\"og:image\" content=\"https:\/\/inelli.ee\/wp-content\/uploads\/2024\/08\/Uus-Projekt-5.png\" \/>\n\t<meta property=\"og:image:width\" content=\"1280\" \/>\n\t<meta property=\"og:image:height\" content=\"720\" \/>\n\t<meta property=\"og:image:type\" content=\"image\/png\" \/>\n<meta name=\"twitter:card\" content=\"summary_large_image\" \/>\n<script type=\"application\/ld+json\" class=\"yoast-schema-graph\">{\"@context\":\"https:\\\/\\\/schema.org\",\"@graph\":[{\"@type\":\"WebPage\",\"@id\":\"https:\\\/\\\/inelli.ee\\\/fi\\\/myyntiehdot\\\/\",\"url\":\"https:\\\/\\\/inelli.ee\\\/fi\\\/myyntiehdot\\\/\",\"name\":\"Myyntiehdot | Inelli\",\"isPartOf\":{\"@id\":\"https:\\\/\\\/inelli.ee\\\/fi\\\/#website\"},\"datePublished\":\"2024-06-05T07:19:14+00:00\",\"dateModified\":\"2024-08-15T09:36:50+00:00\",\"breadcrumb\":{\"@id\":\"https:\\\/\\\/inelli.ee\\\/fi\\\/myyntiehdot\\\/#breadcrumb\"},\"inLanguage\":\"fi\",\"potentialAction\":[{\"@type\":\"ReadAction\",\"target\":[\"https:\\\/\\\/inelli.ee\\\/fi\\\/myyntiehdot\\\/\"]}]},{\"@type\":\"BreadcrumbList\",\"@id\":\"https:\\\/\\\/inelli.ee\\\/fi\\\/myyntiehdot\\\/#breadcrumb\",\"itemListElement\":[{\"@type\":\"ListItem\",\"position\":1,\"name\":\"Home\",\"item\":\"https:\\\/\\\/inelli.ee\\\/fi\\\/\"},{\"@type\":\"ListItem\",\"position\":2,\"name\":\"Myyntiehdot\"}]},{\"@type\":\"WebSite\",\"@id\":\"https:\\\/\\\/inelli.ee\\\/fi\\\/#website\",\"url\":\"https:\\\/\\\/inelli.ee\\\/fi\\\/\",\"name\":\"Inelli\",\"description\":\"Madratsikaitsed, aluslinad, padjakaitsed\",\"publisher\":{\"@id\":\"https:\\\/\\\/inelli.ee\\\/fi\\\/#organization\"},\"potentialAction\":[{\"@type\":\"SearchAction\",\"target\":{\"@type\":\"EntryPoint\",\"urlTemplate\":\"https:\\\/\\\/inelli.ee\\\/fi\\\/?s={search_term_string}\"},\"query-input\":{\"@type\":\"PropertyValueSpecification\",\"valueRequired\":true,\"valueName\":\"search_term_string\"}}],\"inLanguage\":\"fi\"},{\"@type\":[\"Organization\",\"Place\"],\"@id\":\"https:\\\/\\\/inelli.ee\\\/fi\\\/#organization\",\"name\":\"Inelli Holding O\u00dc\",\"alternateName\":\"Inelli\",\"url\":\"https:\\\/\\\/inelli.ee\\\/fi\\\/\",\"logo\":{\"@id\":\"https:\\\/\\\/inelli.ee\\\/fi\\\/myyntiehdot\\\/#local-main-organization-logo\"},\"image\":{\"@id\":\"https:\\\/\\\/inelli.ee\\\/fi\\\/myyntiehdot\\\/#local-main-organization-logo\"},\"sameAs\":[\"https:\\\/\\\/www.facebook.com\\\/profile.php?id=61562379249253\"],\"description\":\"Meie p\u00f5hifookuses on parima hinna-kvaliteedi suhtega veekindlad madratsikaitsed ja aluslinad, voodipesu, lisaks LIBILINAD ja RAHUTU PATSIENDI KOST\u00dc\u00dcMID\",\"legalName\":\"Inelli Holding O\u00dc\",\"numberOfEmployees\":{\"@type\":\"QuantitativeValue\",\"minValue\":\"1\",\"maxValue\":\"10\"},\"address\":{\"@id\":\"https:\\\/\\\/inelli.ee\\\/fi\\\/myyntiehdot\\\/#local-main-place-address\"},\"geo\":{\"@type\":\"GeoCoordinates\",\"latitude\":\"59.4209596615229\",\"longitude\":\"24.81181683991278\"},\"telephone\":[\"+37253844660\"],\"openingHoursSpecification\":[{\"@type\":\"OpeningHoursSpecification\",\"dayOfWeek\":[\"Monday\",\"Tuesday\",\"Wednesday\",\"Thursday\",\"Friday\"],\"opens\":\"10:00\",\"closes\":\"15:00\"},{\"@type\":\"OpeningHoursSpecification\",\"dayOfWeek\":[\"Saturday\",\"Sunday\"],\"opens\":\"00:00\",\"closes\":\"00:00\"}],\"email\":\"info@inelli.ee\"},{\"@type\":\"PostalAddress\",\"@id\":\"https:\\\/\\\/inelli.ee\\\/fi\\\/myyntiehdot\\\/#local-main-place-address\",\"streetAddress\":\"Suur-S\u00f5jam\u00e4e 14\",\"addressLocality\":\"Tallinn\",\"postalCode\":\"11415\",\"addressRegion\":\"Harju\",\"addressCountry\":\"EE\"},{\"@type\":\"ImageObject\",\"inLanguage\":\"fi\",\"@id\":\"https:\\\/\\\/inelli.ee\\\/fi\\\/myyntiehdot\\\/#local-main-organization-logo\",\"url\":\"https:\\\/\\\/inelli.ee\\\/wp-content\\\/uploads\\\/2024\\\/10\\\/Inelli-logo-600x600-1.jpg\",\"contentUrl\":\"https:\\\/\\\/inelli.ee\\\/wp-content\\\/uploads\\\/2024\\\/10\\\/Inelli-logo-600x600-1.jpg\",\"width\":600,\"height\":600,\"caption\":\"Inelli Holding O\u00dc\"}]}<\/script>\n<meta name=\"geo.placename\" content=\"Tallinn\" \/>\n<meta name=\"geo.position\" content=\"59.4209596615229;24.81181683991278\" \/>\n<meta name=\"geo.region\" content=\"Viro\" \/>\n<!-- \/ Yoast SEO Premium plugin. -->","yoast_head_json":{"title":"Myyntiehdot | Inelli","robots":{"index":"index","follow":"follow","max-snippet":"max-snippet:-1","max-image-preview":"max-image-preview:large","max-video-preview":"max-video-preview:-1"},"canonical":"https:\/\/inelli.ee\/fi\/myyntiehdot\/","og_locale":"fi_FI","og_type":"article","og_title":"Myyntiehdot | Inelli","og_description":"N\u00e4m\u00e4 myyntiehdot (j\u00e4ljemp\u00e4n\u00e4 &#8221;ehdot&#8221;) koskevat verkkokauppaa www.inelli.ee (j\u00e4ljemp\u00e4n\u00e4 &#8221;verkkokauppa&#8221;). Verkkokaupan omistaja on Inelli Holding O\u00dc, jonka rekisteritunnus on EE101173933 ja joka sijaitsee osoitteessa M\u00e4ealuse 10, varasto 10, Tallinna 12618 Viro (j\u00e4ljemp\u00e4n\u00e4 Myyj\u00e4). Henkil\u00f6, joka tekee ostoksen verkkokaupasta (j\u00e4ljemp\u00e4n\u00e4 &#8221; ostaja&#8221;), hyv\u00e4ksyy n\u00e4m\u00e4 ehdot ja sitoutuu noudattamaan niit\u00e4. Jos Ostajalla on kysytt\u00e4v\u00e4\u00e4 k\u00e4ytt\u00f6ehdoista, h\u00e4n voi saada [&hellip;]","og_url":"https:\/\/inelli.ee\/fi\/myyntiehdot\/","og_site_name":"Inelli","article_publisher":"https:\/\/www.facebook.com\/profile.php?id=61562379249253","article_modified_time":"2024-08-15T09:36:50+00:00","og_image":[{"width":1280,"height":720,"url":"https:\/\/inelli.ee\/wp-content\/uploads\/2024\/08\/Uus-Projekt-5.png","type":"image\/png"}],"twitter_card":"summary_large_image","schema":{"@context":"https:\/\/schema.org","@graph":[{"@type":"WebPage","@id":"https:\/\/inelli.ee\/fi\/myyntiehdot\/","url":"https:\/\/inelli.ee\/fi\/myyntiehdot\/","name":"Myyntiehdot | Inelli","isPartOf":{"@id":"https:\/\/inelli.ee\/fi\/#website"},"datePublished":"2024-06-05T07:19:14+00:00","dateModified":"2024-08-15T09:36:50+00:00","breadcrumb":{"@id":"https:\/\/inelli.ee\/fi\/myyntiehdot\/#breadcrumb"},"inLanguage":"fi","potentialAction":[{"@type":"ReadAction","target":["https:\/\/inelli.ee\/fi\/myyntiehdot\/"]}]},{"@type":"BreadcrumbList","@id":"https:\/\/inelli.ee\/fi\/myyntiehdot\/#breadcrumb","itemListElement":[{"@type":"ListItem","position":1,"name":"Home","item":"https:\/\/inelli.ee\/fi\/"},{"@type":"ListItem","position":2,"name":"Myyntiehdot"}]},{"@type":"WebSite","@id":"https:\/\/inelli.ee\/fi\/#website","url":"https:\/\/inelli.ee\/fi\/","name":"Inelli","description":"Madratsikaitsed, aluslinad, padjakaitsed","publisher":{"@id":"https:\/\/inelli.ee\/fi\/#organization"},"potentialAction":[{"@type":"SearchAction","target":{"@type":"EntryPoint","urlTemplate":"https:\/\/inelli.ee\/fi\/?s={search_term_string}"},"query-input":{"@type":"PropertyValueSpecification","valueRequired":true,"valueName":"search_term_string"}}],"inLanguage":"fi"},{"@type":["Organization","Place"],"@id":"https:\/\/inelli.ee\/fi\/#organization","name":"Inelli Holding O\u00dc","alternateName":"Inelli","url":"https:\/\/inelli.ee\/fi\/","logo":{"@id":"https:\/\/inelli.ee\/fi\/myyntiehdot\/#local-main-organization-logo"},"image":{"@id":"https:\/\/inelli.ee\/fi\/myyntiehdot\/#local-main-organization-logo"},"sameAs":["https:\/\/www.facebook.com\/profile.php?id=61562379249253"],"description":"Meie p\u00f5hifookuses on parima hinna-kvaliteedi suhtega veekindlad madratsikaitsed ja aluslinad, voodipesu, lisaks LIBILINAD ja RAHUTU PATSIENDI KOST\u00dc\u00dcMID","legalName":"Inelli Holding O\u00dc","numberOfEmployees":{"@type":"QuantitativeValue","minValue":"1","maxValue":"10"},"address":{"@id":"https:\/\/inelli.ee\/fi\/myyntiehdot\/#local-main-place-address"},"geo":{"@type":"GeoCoordinates","latitude":"59.4209596615229","longitude":"24.81181683991278"},"telephone":["+37253844660"],"openingHoursSpecification":[{"@type":"OpeningHoursSpecification","dayOfWeek":["Monday","Tuesday","Wednesday","Thursday","Friday"],"opens":"10:00","closes":"15:00"},{"@type":"OpeningHoursSpecification","dayOfWeek":["Saturday","Sunday"],"opens":"00:00","closes":"00:00"}],"email":"info@inelli.ee"},{"@type":"PostalAddress","@id":"https:\/\/inelli.ee\/fi\/myyntiehdot\/#local-main-place-address","streetAddress":"Suur-S\u00f5jam\u00e4e 14","addressLocality":"Tallinn","postalCode":"11415","addressRegion":"Harju","addressCountry":"EE"},{"@type":"ImageObject","inLanguage":"fi","@id":"https:\/\/inelli.ee\/fi\/myyntiehdot\/#local-main-organization-logo","url":"https:\/\/inelli.ee\/wp-content\/uploads\/2024\/10\/Inelli-logo-600x600-1.jpg","contentUrl":"https:\/\/inelli.ee\/wp-content\/uploads\/2024\/10\/Inelli-logo-600x600-1.jpg","width":600,"height":600,"caption":"Inelli Holding O\u00dc"}]},"geo.placename":"Tallinn","geo.position":{"lat":"59.4209596615229","long":"24.81181683991278"},"geo.region":"Viro"},"_links":{"self":[{"href":"https:\/\/inelli.ee\/fi\/wp-json\/wp\/v2\/pages\/1591","targetHints":{"allow":["GET"]}}],"collection":[{"href":"https:\/\/inelli.ee\/fi\/wp-json\/wp\/v2\/pages"}],"about":[{"href":"https:\/\/inelli.ee\/fi\/wp-json\/wp\/v2\/types\/page"}],"author":[{"embeddable":true,"href":"https:\/\/inelli.ee\/fi\/wp-json\/wp\/v2\/users\/7"}],"replies":[{"embeddable":true,"href":"https:\/\/inelli.ee\/fi\/wp-json\/wp\/v2\/comments?post=1591"}],"version-history":[{"count":0,"href":"https:\/\/inelli.ee\/fi\/wp-json\/wp\/v2\/pages\/1591\/revisions"}],"wp:attachment":[{"href":"https:\/\/inelli.ee\/fi\/wp-json\/wp\/v2\/media?parent=1591"}],"curies":[{"name":"wp","href":"https:\/\/api.w.org\/{rel}","templated":true}]}}