{"id":1532,"date":"2024-05-28T15:32:07","date_gmt":"2024-05-28T12:32:07","guid":{"rendered":"https:\/\/inelli.ee\/ostoskori\/"},"modified":"2024-08-15T14:22:22","modified_gmt":"2024-08-15T11:22:22","slug":"ostoskori","status":"publish","type":"page","link":"https:\/\/inelli.ee\/fi\/ostoskori\/","title":{"rendered":"Ostoskori"},"content":{"rendered":"\t\t<div data-elementor-type=\"wp-page\" data-elementor-id=\"1532\" class=\"elementor elementor-1532 elementor-138\" data-elementor-post-type=\"page\">\n\t\t\t\t\t\t<section class=\"elementor-section elementor-top-section elementor-element elementor-element-2e7db68 elementor-section-boxed elementor-section-height-default elementor-section-height-default\" data-id=\"2e7db68\" data-element_type=\"section\" data-e-type=\"section\" data-settings=\"{&quot;background_background&quot;:&quot;classic&quot;}\">\n\t\t\t\t\t\t\t<div class=\"elementor-background-overlay\"><\/div>\n\t\t\t\t\t\t\t<div class=\"elementor-container elementor-column-gap-default\">\n\t\t\t\t\t<div class=\"elementor-column elementor-col-100 elementor-top-column elementor-element elementor-element-61d682\" data-id=\"61d682\" data-element_type=\"column\" data-e-type=\"column\">\n\t\t\t<div class=\"elementor-widget-wrap elementor-element-populated\">\n\t\t\t\t\t\t<div class=\"elementor-element elementor-element-4993a5a elementor-widget elementor-widget-heading\" data-id=\"4993a5a\" data-element_type=\"widget\" data-e-type=\"widget\" data-settings=\"{&quot;_animation&quot;:&quot;none&quot;}\" data-widget_type=\"heading.default\">\n\t\t\t\t<div class=\"elementor-widget-container\">\n\t\t\t\t\t<h2 class=\"elementor-heading-title elementor-size-default\">Ostoskori<\/h2>\t\t\t\t<\/div>\n\t\t\t\t<\/div>\n\t\t\t\t<div class=\"elementor-element elementor-element-3b903d8f elementor-icon-list--layout-inline elementor-align-center elementor-list-item-link-full_width elementor-widget elementor-widget-icon-list\" data-id=\"3b903d8f\" data-element_type=\"widget\" data-e-type=\"widget\" data-widget_type=\"icon-list.default\">\n\t\t\t\t<div class=\"elementor-widget-container\">\n\t\t\t\t\t\t\t<ul class=\"elementor-icon-list-items elementor-inline-items\">\n\t\t\t\t\t\t\t<li class=\"elementor-icon-list-item elementor-inline-item\">\n\t\t\t\t\t\t\t\t\t\t\t<a href=\"\/fi\/\">\n\n\t\t\t\t\t\t\t\t\t\t\t<span class=\"elementor-icon-list-text\">Kotisivu<\/span>\n\t\t\t\t\t\t\t\t\t\t\t<\/a>\n\t\t\t\t\t\t\t\t\t<\/li>\n\t\t\t\t\t\t\t\t<li class=\"elementor-icon-list-item elementor-inline-item\">\n\t\t\t\t\t\t\t\t\t\t\t<a href=\"\/fi\/osta-osoitteessa\/\">\n\n\t\t\t\t\t\t\t\t\t\t\t<span class=\"elementor-icon-list-text\">\/ Kauppa<\/span>\n\t\t\t\t\t\t\t\t\t\t\t<\/a>\n\t\t\t\t\t\t\t\t\t<\/li>\n\t\t\t\t\t\t\t\t<li class=\"elementor-icon-list-item elementor-inline-item\">\n\t\t\t\t\t\t\t\t\t\t<span class=\"elementor-icon-list-text\">\/ Ostoskori<\/span>\n\t\t\t\t\t\t\t\t\t<\/li>\n\t\t\t\t\t\t<\/ul>\n\t\t\t\t\t\t<\/div>\n\t\t\t\t<\/div>\n\t\t\t\t\t<\/div>\n\t\t<\/div>\n\t\t\t\t\t<\/div>\n\t\t<\/section>\n\t\t\t\t<section class=\"elementor-section elementor-top-section elementor-element elementor-element-2168a41a elementor-section-boxed elementor-section-height-default elementor-section-height-default\" data-id=\"2168a41a\" data-element_type=\"section\" data-e-type=\"section\" data-settings=\"{&quot;background_background&quot;:&quot;classic&quot;}\">\n\t\t\t\t\t\t<div class=\"elementor-container elementor-column-gap-default\">\n\t\t\t\t\t<div class=\"elementor-column elementor-col-100 elementor-top-column elementor-element elementor-element-6b49e048\" data-id=\"6b49e048\" data-element_type=\"column\" data-e-type=\"column\">\n\t\t\t<div class=\"elementor-widget-wrap elementor-element-populated\">\n\t\t\t\t\t\t\t<\/div>\n\t\t<\/div>\n\t\t\t\t\t<\/div>\n\t\t<\/section>\n\t\t\t\t<\/div>\n\t\t","protected":false},"excerpt":{"rendered":"<p>Ostoskori Kotisivu \/ Kauppa \/ Ostoskori Remove item Thumbnail image Product Price Quantity Subtotal &times; Veekindel madratsikate SIIRI PU\/frotee (seelikuga) &#8211; 140x200cm 14,50&nbsp;&euro; Quantity &#8211; 1 + 14,50&nbsp;&euro; &times; \u00d6\u00f6s\u00e4rk Fruits &#8211; M 20,00&nbsp;&euro; Quantity &#8211; 1 + 20,00&nbsp;&euro; Rakenna kuponki Ostoskorin m\u00e4\u00e4r\u00e4 Subtotal 34,50&nbsp;&euro; Shipping Smartpost kuller: 3,00&nbsp;&euro; Omniva kuller: 3,00&nbsp;&euro; DPD pakiautomaat: 3,00&nbsp;&euro; [&hellip;]<\/p>\n","protected":false},"author":7,"featured_media":0,"parent":0,"menu_order":0,"comment_status":"closed","ping_status":"closed","template":"elementor_header_footer","meta":{"_acf_changed":false,"inline_featured_image":false,"footnotes":""},"class_list":["post-1532","page","type-page","status-publish","hentry"],"acf":[],"yoast_head":"<!-- This site is optimized with the Yoast SEO Premium plugin v25.6 (Yoast SEO v27.4) - https:\/\/yoast.com\/product\/yoast-seo-premium-wordpress\/ -->\n<title>Ostoskori | Inelli<\/title>\n<meta name=\"robots\" content=\"index, follow, max-snippet:-1, max-image-preview:large, max-video-preview:-1\" \/>\n<link rel=\"canonical\" href=\"https:\/\/inelli.ee\/fi\/ostoskori\/\" \/>\n<meta property=\"og:locale\" content=\"fi_FI\" \/>\n<meta property=\"og:type\" content=\"article\" \/>\n<meta property=\"og:title\" content=\"Ostoskori | Inelli\" \/>\n<meta property=\"og:description\" content=\"Ostoskori Kotisivu \/ Kauppa \/ Ostoskori Remove item Thumbnail image Product Price Quantity Subtotal &times; Veekindel madratsikate SIIRI PU\/frotee (seelikuga) &#8211; 140x200cm 14,50&nbsp;&euro; Quantity &#8211; 1 + 14,50&nbsp;&euro; &times; \u00d6\u00f6s\u00e4rk Fruits &#8211; M 20,00&nbsp;&euro; Quantity &#8211; 1 + 20,00&nbsp;&euro; Rakenna kuponki Ostoskorin m\u00e4\u00e4r\u00e4 Subtotal 34,50&nbsp;&euro; Shipping Smartpost kuller: 3,00&nbsp;&euro; Omniva kuller: 3,00&nbsp;&euro; DPD pakiautomaat: 3,00&nbsp;&euro; [&hellip;]\" \/>\n<meta property=\"og:url\" content=\"https:\/\/inelli.ee\/fi\/ostoskori\/\" \/>\n<meta property=\"og:site_name\" content=\"Inelli\" \/>\n<meta property=\"article:publisher\" content=\"https:\/\/www.facebook.com\/profile.php?id=61562379249253\" \/>\n<meta property=\"article:modified_time\" content=\"2024-08-15T11:22:22+00:00\" \/>\n<meta property=\"og:image\" content=\"https:\/\/inelli.ee\/wp-content\/uploads\/2024\/05\/siiri90s-300x300.png\" \/>\n<meta name=\"twitter:card\" content=\"summary_large_image\" \/>\n<script type=\"application\/ld+json\" class=\"yoast-schema-graph\">{\"@context\":\"https:\\\/\\\/schema.org\",\"@graph\":[{\"@type\":\"WebPage\",\"@id\":\"https:\\\/\\\/inelli.ee\\\/fi\\\/ostoskori\\\/\",\"url\":\"https:\\\/\\\/inelli.ee\\\/fi\\\/ostoskori\\\/\",\"name\":\"Ostoskori | Inelli\",\"isPartOf\":{\"@id\":\"https:\\\/\\\/inelli.ee\\\/fi\\\/#website\"},\"primaryImageOfPage\":{\"@id\":\"https:\\\/\\\/inelli.ee\\\/fi\\\/ostoskori\\\/#primaryimage\"},\"image\":{\"@id\":\"https:\\\/\\\/inelli.ee\\\/fi\\\/ostoskori\\\/#primaryimage\"},\"thumbnailUrl\":\"https:\\\/\\\/inelli.ee\\\/wp-content\\\/uploads\\\/2024\\\/05\\\/siiri90s-300x300.png\",\"datePublished\":\"2024-05-28T12:32:07+00:00\",\"dateModified\":\"2024-08-15T11:22:22+00:00\",\"breadcrumb\":{\"@id\":\"https:\\\/\\\/inelli.ee\\\/fi\\\/ostoskori\\\/#breadcrumb\"},\"inLanguage\":\"fi\",\"potentialAction\":[{\"@type\":\"ReadAction\",\"target\":[\"https:\\\/\\\/inelli.ee\\\/fi\\\/ostoskori\\\/\"]}]},{\"@type\":\"ImageObject\",\"inLanguage\":\"fi\",\"@id\":\"https:\\\/\\\/inelli.ee\\\/fi\\\/ostoskori\\\/#primaryimage\",\"url\":\"https:\\\/\\\/inelli.ee\\\/wp-content\\\/uploads\\\/2024\\\/05\\\/siiri90s-300x300.png\",\"contentUrl\":\"https:\\\/\\\/inelli.ee\\\/wp-content\\\/uploads\\\/2024\\\/05\\\/siiri90s-300x300.png\"},{\"@type\":\"BreadcrumbList\",\"@id\":\"https:\\\/\\\/inelli.ee\\\/fi\\\/ostoskori\\\/#breadcrumb\",\"itemListElement\":[{\"@type\":\"ListItem\",\"position\":1,\"name\":\"Home\",\"item\":\"https:\\\/\\\/inelli.ee\\\/fi\\\/\"},{\"@type\":\"ListItem\",\"position\":2,\"name\":\"Ostoskori\"}]},{\"@type\":\"WebSite\",\"@id\":\"https:\\\/\\\/inelli.ee\\\/fi\\\/#website\",\"url\":\"https:\\\/\\\/inelli.ee\\\/fi\\\/\",\"name\":\"Inelli\",\"description\":\"Madratsikaitsed, aluslinad, padjakaitsed\",\"publisher\":{\"@id\":\"https:\\\/\\\/inelli.ee\\\/fi\\\/#organization\"},\"potentialAction\":[{\"@type\":\"SearchAction\",\"target\":{\"@type\":\"EntryPoint\",\"urlTemplate\":\"https:\\\/\\\/inelli.ee\\\/fi\\\/?s={search_term_string}\"},\"query-input\":{\"@type\":\"PropertyValueSpecification\",\"valueRequired\":true,\"valueName\":\"search_term_string\"}}],\"inLanguage\":\"fi\"},{\"@type\":[\"Organization\",\"Place\"],\"@id\":\"https:\\\/\\\/inelli.ee\\\/fi\\\/#organization\",\"name\":\"Inelli Holding O\u00dc\",\"alternateName\":\"Inelli\",\"url\":\"https:\\\/\\\/inelli.ee\\\/fi\\\/\",\"logo\":{\"@id\":\"https:\\\/\\\/inelli.ee\\\/fi\\\/ostoskori\\\/#local-main-organization-logo\"},\"image\":{\"@id\":\"https:\\\/\\\/inelli.ee\\\/fi\\\/ostoskori\\\/#local-main-organization-logo\"},\"sameAs\":[\"https:\\\/\\\/www.facebook.com\\\/profile.php?id=61562379249253\"],\"description\":\"Meie p\u00f5hifookuses on parima hinna-kvaliteedi suhtega veekindlad madratsikaitsed ja aluslinad, voodipesu, lisaks LIBILINAD ja RAHUTU PATSIENDI KOST\u00dc\u00dcMID\",\"legalName\":\"Inelli Holding O\u00dc\",\"numberOfEmployees\":{\"@type\":\"QuantitativeValue\",\"minValue\":\"1\",\"maxValue\":\"10\"},\"address\":{\"@id\":\"https:\\\/\\\/inelli.ee\\\/fi\\\/ostoskori\\\/#local-main-place-address\"},\"geo\":{\"@type\":\"GeoCoordinates\",\"latitude\":\"59.4209596615229\",\"longitude\":\"24.81181683991278\"},\"telephone\":[\"+37253844660\"],\"openingHoursSpecification\":[{\"@type\":\"OpeningHoursSpecification\",\"dayOfWeek\":[\"Monday\",\"Tuesday\",\"Wednesday\",\"Thursday\",\"Friday\"],\"opens\":\"10:00\",\"closes\":\"15:00\"},{\"@type\":\"OpeningHoursSpecification\",\"dayOfWeek\":[\"Saturday\",\"Sunday\"],\"opens\":\"00:00\",\"closes\":\"00:00\"}],\"email\":\"info@inelli.ee\"},{\"@type\":\"PostalAddress\",\"@id\":\"https:\\\/\\\/inelli.ee\\\/fi\\\/ostoskori\\\/#local-main-place-address\",\"streetAddress\":\"Suur-S\u00f5jam\u00e4e 14\",\"addressLocality\":\"Tallinn\",\"postalCode\":\"11415\",\"addressRegion\":\"Harju\",\"addressCountry\":\"EE\"},{\"@type\":\"ImageObject\",\"inLanguage\":\"fi\",\"@id\":\"https:\\\/\\\/inelli.ee\\\/fi\\\/ostoskori\\\/#local-main-organization-logo\",\"url\":\"https:\\\/\\\/inelli.ee\\\/wp-content\\\/uploads\\\/2024\\\/10\\\/Inelli-logo-600x600-1.jpg\",\"contentUrl\":\"https:\\\/\\\/inelli.ee\\\/wp-content\\\/uploads\\\/2024\\\/10\\\/Inelli-logo-600x600-1.jpg\",\"width\":600,\"height\":600,\"caption\":\"Inelli Holding O\u00dc\"}]}<\/script>\n<meta name=\"geo.placename\" content=\"Tallinn\" \/>\n<meta name=\"geo.position\" content=\"59.4209596615229;24.81181683991278\" \/>\n<meta name=\"geo.region\" content=\"Viro\" \/>\n<!-- \/ Yoast SEO Premium plugin. -->","yoast_head_json":{"title":"Ostoskori | Inelli","robots":{"index":"index","follow":"follow","max-snippet":"max-snippet:-1","max-image-preview":"max-image-preview:large","max-video-preview":"max-video-preview:-1"},"canonical":"https:\/\/inelli.ee\/fi\/ostoskori\/","og_locale":"fi_FI","og_type":"article","og_title":"Ostoskori | Inelli","og_description":"Ostoskori Kotisivu \/ Kauppa \/ Ostoskori Remove item Thumbnail image Product Price Quantity Subtotal &times; Veekindel madratsikate SIIRI PU\/frotee (seelikuga) &#8211; 140x200cm 14,50&nbsp;&euro; Quantity &#8211; 1 + 14,50&nbsp;&euro; &times; \u00d6\u00f6s\u00e4rk Fruits &#8211; M 20,00&nbsp;&euro; Quantity &#8211; 1 + 20,00&nbsp;&euro; Rakenna kuponki Ostoskorin m\u00e4\u00e4r\u00e4 Subtotal 34,50&nbsp;&euro; Shipping Smartpost kuller: 3,00&nbsp;&euro; Omniva kuller: 3,00&nbsp;&euro; DPD pakiautomaat: 3,00&nbsp;&euro; [&hellip;]","og_url":"https:\/\/inelli.ee\/fi\/ostoskori\/","og_site_name":"Inelli","article_publisher":"https:\/\/www.facebook.com\/profile.php?id=61562379249253","article_modified_time":"2024-08-15T11:22:22+00:00","og_image":[{"url":"https:\/\/inelli.ee\/wp-content\/uploads\/2024\/05\/siiri90s-300x300.png","type":"","width":"","height":""}],"twitter_card":"summary_large_image","schema":{"@context":"https:\/\/schema.org","@graph":[{"@type":"WebPage","@id":"https:\/\/inelli.ee\/fi\/ostoskori\/","url":"https:\/\/inelli.ee\/fi\/ostoskori\/","name":"Ostoskori | Inelli","isPartOf":{"@id":"https:\/\/inelli.ee\/fi\/#website"},"primaryImageOfPage":{"@id":"https:\/\/inelli.ee\/fi\/ostoskori\/#primaryimage"},"image":{"@id":"https:\/\/inelli.ee\/fi\/ostoskori\/#primaryimage"},"thumbnailUrl":"https:\/\/inelli.ee\/wp-content\/uploads\/2024\/05\/siiri90s-300x300.png","datePublished":"2024-05-28T12:32:07+00:00","dateModified":"2024-08-15T11:22:22+00:00","breadcrumb":{"@id":"https:\/\/inelli.ee\/fi\/ostoskori\/#breadcrumb"},"inLanguage":"fi","potentialAction":[{"@type":"ReadAction","target":["https:\/\/inelli.ee\/fi\/ostoskori\/"]}]},{"@type":"ImageObject","inLanguage":"fi","@id":"https:\/\/inelli.ee\/fi\/ostoskori\/#primaryimage","url":"https:\/\/inelli.ee\/wp-content\/uploads\/2024\/05\/siiri90s-300x300.png","contentUrl":"https:\/\/inelli.ee\/wp-content\/uploads\/2024\/05\/siiri90s-300x300.png"},{"@type":"BreadcrumbList","@id":"https:\/\/inelli.ee\/fi\/ostoskori\/#breadcrumb","itemListElement":[{"@type":"ListItem","position":1,"name":"Home","item":"https:\/\/inelli.ee\/fi\/"},{"@type":"ListItem","position":2,"name":"Ostoskori"}]},{"@type":"WebSite","@id":"https:\/\/inelli.ee\/fi\/#website","url":"https:\/\/inelli.ee\/fi\/","name":"Inelli","description":"Madratsikaitsed, aluslinad, padjakaitsed","publisher":{"@id":"https:\/\/inelli.ee\/fi\/#organization"},"potentialAction":[{"@type":"SearchAction","target":{"@type":"EntryPoint","urlTemplate":"https:\/\/inelli.ee\/fi\/?s={search_term_string}"},"query-input":{"@type":"PropertyValueSpecification","valueRequired":true,"valueName":"search_term_string"}}],"inLanguage":"fi"},{"@type":["Organization","Place"],"@id":"https:\/\/inelli.ee\/fi\/#organization","name":"Inelli Holding O\u00dc","alternateName":"Inelli","url":"https:\/\/inelli.ee\/fi\/","logo":{"@id":"https:\/\/inelli.ee\/fi\/ostoskori\/#local-main-organization-logo"},"image":{"@id":"https:\/\/inelli.ee\/fi\/ostoskori\/#local-main-organization-logo"},"sameAs":["https:\/\/www.facebook.com\/profile.php?id=61562379249253"],"description":"Meie p\u00f5hifookuses on parima hinna-kvaliteedi suhtega veekindlad madratsikaitsed ja aluslinad, voodipesu, lisaks LIBILINAD ja RAHUTU PATSIENDI KOST\u00dc\u00dcMID","legalName":"Inelli Holding O\u00dc","numberOfEmployees":{"@type":"QuantitativeValue","minValue":"1","maxValue":"10"},"address":{"@id":"https:\/\/inelli.ee\/fi\/ostoskori\/#local-main-place-address"},"geo":{"@type":"GeoCoordinates","latitude":"59.4209596615229","longitude":"24.81181683991278"},"telephone":["+37253844660"],"openingHoursSpecification":[{"@type":"OpeningHoursSpecification","dayOfWeek":["Monday","Tuesday","Wednesday","Thursday","Friday"],"opens":"10:00","closes":"15:00"},{"@type":"OpeningHoursSpecification","dayOfWeek":["Saturday","Sunday"],"opens":"00:00","closes":"00:00"}],"email":"info@inelli.ee"},{"@type":"PostalAddress","@id":"https:\/\/inelli.ee\/fi\/ostoskori\/#local-main-place-address","streetAddress":"Suur-S\u00f5jam\u00e4e 14","addressLocality":"Tallinn","postalCode":"11415","addressRegion":"Harju","addressCountry":"EE"},{"@type":"ImageObject","inLanguage":"fi","@id":"https:\/\/inelli.ee\/fi\/ostoskori\/#local-main-organization-logo","url":"https:\/\/inelli.ee\/wp-content\/uploads\/2024\/10\/Inelli-logo-600x600-1.jpg","contentUrl":"https:\/\/inelli.ee\/wp-content\/uploads\/2024\/10\/Inelli-logo-600x600-1.jpg","width":600,"height":600,"caption":"Inelli Holding O\u00dc"}]},"geo.placename":"Tallinn","geo.position":{"lat":"59.4209596615229","long":"24.81181683991278"},"geo.region":"Viro"},"_links":{"self":[{"href":"https:\/\/inelli.ee\/fi\/wp-json\/wp\/v2\/pages\/1532","targetHints":{"allow":["GET"]}}],"collection":[{"href":"https:\/\/inelli.ee\/fi\/wp-json\/wp\/v2\/pages"}],"about":[{"href":"https:\/\/inelli.ee\/fi\/wp-json\/wp\/v2\/types\/page"}],"author":[{"embeddable":true,"href":"https:\/\/inelli.ee\/fi\/wp-json\/wp\/v2\/users\/7"}],"replies":[{"embeddable":true,"href":"https:\/\/inelli.ee\/fi\/wp-json\/wp\/v2\/comments?post=1532"}],"version-history":[{"count":0,"href":"https:\/\/inelli.ee\/fi\/wp-json\/wp\/v2\/pages\/1532\/revisions"}],"wp:attachment":[{"href":"https:\/\/inelli.ee\/fi\/wp-json\/wp\/v2\/media?parent=1532"}],"curies":[{"name":"wp","href":"https:\/\/api.w.org\/{rel}","templated":true}]}}