{"id":1860,"date":"2024-05-28T16:26:27","date_gmt":"2024-05-28T13:26:27","guid":{"rendered":"https:\/\/inelli.ee\/toode\/waterproof-washable-mattress-cover-90x200-100-natural-tencel-bottom-layer-pu\/"},"modified":"2026-04-20T17:00:11","modified_gmt":"2026-04-20T14:00:11","slug":"waterproof-washable-mattress-cover-90x200-100-natural-tencel-bottom-layer-pu","status":"publish","type":"product","link":"https:\/\/inelli.ee\/en\/toode\/waterproof-washable-mattress-cover-90x200-100-natural-tencel-bottom-layer-pu\/","title":{"rendered":"Waterproof washable mattress cover 90\u00d7200 100% natural tencel, bottom layer PU"},"content":{"rendered":"<p>Waterproof washable bed sheet\/mattress cover tencel 2 in 1.  <\/p>\n<ul>\n<li>TENCEL &#8211; natural csessulose fibre<\/li>\n<li>Suitable for allergy sufferers and customers with sensitive skin<\/li>\n<li>Thermoregulatory cooling effect, maintains the body&#8217;s natural temperature.<\/li>\n<li>Dark brown colour does not show up stains<\/li>\n<\/ul>\n","protected":false},"excerpt":{"rendered":"<p>Waterproof washable bed sheet\/mattress cover tencel 2 in 1. TENCEL &#8211; natural csessulose fibre Suitable for allergy sufferers and customers with sensitive skin Thermoregulatory cooling effect, maintains the body&#8217;s natural temperature. Dark brown colour does not show up stains<\/p>\n","protected":false},"featured_media":2855,"template":"","meta":{"_acf_changed":false,"inline_featured_image":false},"product_brand":[],"product_cat":[123],"product_tag":[],"class_list":{"0":"post-1860","1":"product","2":"type-product","3":"status-publish","4":"has-post-thumbnail","6":"product_cat-mattress-protectors","8":"first","9":"instock","10":"taxable","11":"shipping-taxable","12":"purchasable","13":"product-type-simple"},"acf":[],"yoast_head":"<!-- This site is optimized with the Yoast SEO Premium plugin v25.6 (Yoast SEO v27.4) - https:\/\/yoast.com\/product\/yoast-seo-premium-wordpress\/ -->\n<title>Waterproof washable mattress cover 90\u00d7200 100% natural tencel, bottom layer PU | Inelli<\/title>\n<meta name=\"robots\" content=\"index, follow, max-snippet:-1, max-image-preview:large, max-video-preview:-1\" \/>\n<link rel=\"canonical\" href=\"https:\/\/inelli.ee\/en\/toode\/waterproof-washable-mattress-cover-90x200-100-natural-tencel-bottom-layer-pu\/\" \/>\n<meta property=\"og:locale\" content=\"en_US\" \/>\n<meta property=\"og:type\" content=\"article\" \/>\n<meta property=\"og:title\" content=\"Waterproof washable mattress cover 90\u00d7200 100% natural tencel, bottom layer PU | Inelli\" \/>\n<meta property=\"og:description\" content=\"Waterproof washable bed sheet\/mattress cover tencel 2 in 1. TENCEL &#8211; natural csessulose fibre Suitable for allergy sufferers and customers with sensitive skin Thermoregulatory cooling effect, maintains the body&#8217;s natural temperature. Dark brown colour does not show up stains\" \/>\n<meta property=\"og:url\" content=\"https:\/\/inelli.ee\/en\/toode\/waterproof-washable-mattress-cover-90x200-100-natural-tencel-bottom-layer-pu\/\" \/>\n<meta property=\"og:site_name\" content=\"Inelli\" \/>\n<meta property=\"article:publisher\" content=\"https:\/\/www.facebook.com\/profile.php?id=61562379249253\" \/>\n<meta property=\"article:modified_time\" content=\"2026-04-20T14:00:11+00:00\" \/>\n<meta property=\"og:image\" content=\"https:\/\/inelli.ee\/wp-content\/uploads\/2024\/05\/tencell.jpg\" \/>\n\t<meta property=\"og:image:width\" content=\"1284\" \/>\n\t<meta property=\"og:image:height\" content=\"978\" \/>\n\t<meta property=\"og:image:type\" content=\"image\/jpeg\" \/>\n<meta name=\"twitter:card\" content=\"summary_large_image\" \/>\n<script type=\"application\/ld+json\" class=\"yoast-schema-graph\">{\"@context\":\"https:\\\/\\\/schema.org\",\"@graph\":[{\"@type\":\"WebPage\",\"@id\":\"https:\\\/\\\/inelli.ee\\\/en\\\/toode\\\/waterproof-washable-mattress-cover-90x200-100-natural-tencel-bottom-layer-pu\\\/\",\"url\":\"https:\\\/\\\/inelli.ee\\\/en\\\/toode\\\/waterproof-washable-mattress-cover-90x200-100-natural-tencel-bottom-layer-pu\\\/\",\"name\":\"Waterproof washable mattress cover 90\u00d7200 100% natural tencel, bottom layer PU | Inelli\",\"isPartOf\":{\"@id\":\"https:\\\/\\\/inelli.ee\\\/en\\\/#website\"},\"primaryImageOfPage\":{\"@id\":\"https:\\\/\\\/inelli.ee\\\/en\\\/toode\\\/waterproof-washable-mattress-cover-90x200-100-natural-tencel-bottom-layer-pu\\\/#primaryimage\"},\"image\":{\"@id\":\"https:\\\/\\\/inelli.ee\\\/en\\\/toode\\\/waterproof-washable-mattress-cover-90x200-100-natural-tencel-bottom-layer-pu\\\/#primaryimage\"},\"thumbnailUrl\":\"https:\\\/\\\/inelli.ee\\\/wp-content\\\/uploads\\\/2024\\\/05\\\/Veekindel-voodilina_imav-aluslina_90x200.jpg\",\"datePublished\":\"2024-05-28T13:26:27+00:00\",\"dateModified\":\"2026-04-20T14:00:11+00:00\",\"breadcrumb\":{\"@id\":\"https:\\\/\\\/inelli.ee\\\/en\\\/toode\\\/waterproof-washable-mattress-cover-90x200-100-natural-tencel-bottom-layer-pu\\\/#breadcrumb\"},\"inLanguage\":\"en-US\",\"potentialAction\":[{\"@type\":\"ReadAction\",\"target\":[\"https:\\\/\\\/inelli.ee\\\/en\\\/toode\\\/waterproof-washable-mattress-cover-90x200-100-natural-tencel-bottom-layer-pu\\\/\"]}]},{\"@type\":\"ImageObject\",\"inLanguage\":\"en-US\",\"@id\":\"https:\\\/\\\/inelli.ee\\\/en\\\/toode\\\/waterproof-washable-mattress-cover-90x200-100-natural-tencel-bottom-layer-pu\\\/#primaryimage\",\"url\":\"https:\\\/\\\/inelli.ee\\\/wp-content\\\/uploads\\\/2024\\\/05\\\/Veekindel-voodilina_imav-aluslina_90x200.jpg\",\"contentUrl\":\"https:\\\/\\\/inelli.ee\\\/wp-content\\\/uploads\\\/2024\\\/05\\\/Veekindel-voodilina_imav-aluslina_90x200.jpg\",\"width\":1284,\"height\":978},{\"@type\":\"BreadcrumbList\",\"@id\":\"https:\\\/\\\/inelli.ee\\\/en\\\/toode\\\/waterproof-washable-mattress-cover-90x200-100-natural-tencel-bottom-layer-pu\\\/#breadcrumb\",\"itemListElement\":[{\"@type\":\"ListItem\",\"position\":1,\"name\":\"Home\",\"item\":\"https:\\\/\\\/inelli.ee\\\/en\\\/\"},{\"@type\":\"ListItem\",\"position\":2,\"name\":\"Shop\",\"item\":\"https:\\\/\\\/inelli.ee\\\/pood\\\/\"},{\"@type\":\"ListItem\",\"position\":3,\"name\":\"Mattress protectors\",\"item\":\"https:\\\/\\\/inelli.ee\\\/en\\\/product-category\\\/mattress-protectors\\\/\"},{\"@type\":\"ListItem\",\"position\":4,\"name\":\"Waterproof washable mattress cover 90\u00d7200 100% natural tencel, bottom layer PU\"}]},{\"@type\":\"WebSite\",\"@id\":\"https:\\\/\\\/inelli.ee\\\/en\\\/#website\",\"url\":\"https:\\\/\\\/inelli.ee\\\/en\\\/\",\"name\":\"Inelli\",\"description\":\"Madratsikaitsed, aluslinad, padjakaitsed\",\"publisher\":{\"@id\":\"https:\\\/\\\/inelli.ee\\\/en\\\/#organization\"},\"potentialAction\":[{\"@type\":\"SearchAction\",\"target\":{\"@type\":\"EntryPoint\",\"urlTemplate\":\"https:\\\/\\\/inelli.ee\\\/en\\\/?s={search_term_string}\"},\"query-input\":{\"@type\":\"PropertyValueSpecification\",\"valueRequired\":true,\"valueName\":\"search_term_string\"}}],\"inLanguage\":\"en-US\"},{\"@type\":[\"Organization\",\"Place\"],\"@id\":\"https:\\\/\\\/inelli.ee\\\/en\\\/#organization\",\"name\":\"Inelli Holding O\u00dc\",\"alternateName\":\"Inelli\",\"url\":\"https:\\\/\\\/inelli.ee\\\/en\\\/\",\"logo\":{\"@id\":\"https:\\\/\\\/inelli.ee\\\/en\\\/toode\\\/waterproof-washable-mattress-cover-90x200-100-natural-tencel-bottom-layer-pu\\\/#local-main-organization-logo\"},\"image\":{\"@id\":\"https:\\\/\\\/inelli.ee\\\/en\\\/toode\\\/waterproof-washable-mattress-cover-90x200-100-natural-tencel-bottom-layer-pu\\\/#local-main-organization-logo\"},\"sameAs\":[\"https:\\\/\\\/www.facebook.com\\\/profile.php?id=61562379249253\"],\"description\":\"Meie p\u00f5hifookuses on parima hinna-kvaliteedi suhtega veekindlad madratsikaitsed ja aluslinad, voodipesu, lisaks LIBILINAD ja RAHUTU PATSIENDI KOST\u00dc\u00dcMID\",\"legalName\":\"Inelli Holding O\u00dc\",\"numberOfEmployees\":{\"@type\":\"QuantitativeValue\",\"minValue\":\"1\",\"maxValue\":\"10\"},\"address\":{\"@id\":\"https:\\\/\\\/inelli.ee\\\/en\\\/toode\\\/waterproof-washable-mattress-cover-90x200-100-natural-tencel-bottom-layer-pu\\\/#local-main-place-address\"},\"geo\":{\"@type\":\"GeoCoordinates\",\"latitude\":\"59.4209596615229\",\"longitude\":\"24.81181683991278\"},\"telephone\":[\"+37253844660\"],\"openingHoursSpecification\":[{\"@type\":\"OpeningHoursSpecification\",\"dayOfWeek\":[\"Monday\",\"Tuesday\",\"Wednesday\",\"Thursday\",\"Friday\"],\"opens\":\"10:00\",\"closes\":\"15:00\"},{\"@type\":\"OpeningHoursSpecification\",\"dayOfWeek\":[\"Saturday\",\"Sunday\"],\"opens\":\"00:00\",\"closes\":\"00:00\"}],\"email\":\"info@inelli.ee\"},{\"@type\":\"PostalAddress\",\"@id\":\"https:\\\/\\\/inelli.ee\\\/en\\\/toode\\\/waterproof-washable-mattress-cover-90x200-100-natural-tencel-bottom-layer-pu\\\/#local-main-place-address\",\"streetAddress\":\"Suur-S\u00f5jam\u00e4e 14\",\"addressLocality\":\"Tallinn\",\"postalCode\":\"11415\",\"addressRegion\":\"Harju\",\"addressCountry\":\"EE\"},{\"@type\":\"ImageObject\",\"inLanguage\":\"en-US\",\"@id\":\"https:\\\/\\\/inelli.ee\\\/en\\\/toode\\\/waterproof-washable-mattress-cover-90x200-100-natural-tencel-bottom-layer-pu\\\/#local-main-organization-logo\",\"url\":\"https:\\\/\\\/inelli.ee\\\/wp-content\\\/uploads\\\/2024\\\/10\\\/Inelli-logo-600x600-1.jpg\",\"contentUrl\":\"https:\\\/\\\/inelli.ee\\\/wp-content\\\/uploads\\\/2024\\\/10\\\/Inelli-logo-600x600-1.jpg\",\"width\":600,\"height\":600,\"caption\":\"Inelli Holding O\u00dc\"}]}<\/script>\n<meta name=\"geo.placename\" content=\"Tallinn\" \/>\n<meta name=\"geo.position\" content=\"59.4209596615229;24.81181683991278\" \/>\n<meta name=\"geo.region\" content=\"Estonia\" \/>\n<!-- \/ Yoast SEO Premium plugin. -->","yoast_head_json":{"title":"Waterproof washable mattress cover 90\u00d7200 100% natural tencel, bottom layer PU | Inelli","robots":{"index":"index","follow":"follow","max-snippet":"max-snippet:-1","max-image-preview":"max-image-preview:large","max-video-preview":"max-video-preview:-1"},"canonical":"https:\/\/inelli.ee\/en\/toode\/waterproof-washable-mattress-cover-90x200-100-natural-tencel-bottom-layer-pu\/","og_locale":"en_US","og_type":"article","og_title":"Waterproof washable mattress cover 90\u00d7200 100% natural tencel, bottom layer PU | Inelli","og_description":"Waterproof washable bed sheet\/mattress cover tencel 2 in 1. TENCEL &#8211; natural csessulose fibre Suitable for allergy sufferers and customers with sensitive skin Thermoregulatory cooling effect, maintains the body&#8217;s natural temperature. Dark brown colour does not show up stains","og_url":"https:\/\/inelli.ee\/en\/toode\/waterproof-washable-mattress-cover-90x200-100-natural-tencel-bottom-layer-pu\/","og_site_name":"Inelli","article_publisher":"https:\/\/www.facebook.com\/profile.php?id=61562379249253","article_modified_time":"2026-04-20T14:00:11+00:00","og_image":[{"width":1284,"height":978,"url":"https:\/\/inelli.ee\/wp-content\/uploads\/2024\/05\/tencell.jpg","type":"image\/jpeg"}],"twitter_card":"summary_large_image","schema":{"@context":"https:\/\/schema.org","@graph":[{"@type":"WebPage","@id":"https:\/\/inelli.ee\/en\/toode\/waterproof-washable-mattress-cover-90x200-100-natural-tencel-bottom-layer-pu\/","url":"https:\/\/inelli.ee\/en\/toode\/waterproof-washable-mattress-cover-90x200-100-natural-tencel-bottom-layer-pu\/","name":"Waterproof washable mattress cover 90\u00d7200 100% natural tencel, bottom layer PU | Inelli","isPartOf":{"@id":"https:\/\/inelli.ee\/en\/#website"},"primaryImageOfPage":{"@id":"https:\/\/inelli.ee\/en\/toode\/waterproof-washable-mattress-cover-90x200-100-natural-tencel-bottom-layer-pu\/#primaryimage"},"image":{"@id":"https:\/\/inelli.ee\/en\/toode\/waterproof-washable-mattress-cover-90x200-100-natural-tencel-bottom-layer-pu\/#primaryimage"},"thumbnailUrl":"https:\/\/inelli.ee\/wp-content\/uploads\/2024\/05\/Veekindel-voodilina_imav-aluslina_90x200.jpg","datePublished":"2024-05-28T13:26:27+00:00","dateModified":"2026-04-20T14:00:11+00:00","breadcrumb":{"@id":"https:\/\/inelli.ee\/en\/toode\/waterproof-washable-mattress-cover-90x200-100-natural-tencel-bottom-layer-pu\/#breadcrumb"},"inLanguage":"en-US","potentialAction":[{"@type":"ReadAction","target":["https:\/\/inelli.ee\/en\/toode\/waterproof-washable-mattress-cover-90x200-100-natural-tencel-bottom-layer-pu\/"]}]},{"@type":"ImageObject","inLanguage":"en-US","@id":"https:\/\/inelli.ee\/en\/toode\/waterproof-washable-mattress-cover-90x200-100-natural-tencel-bottom-layer-pu\/#primaryimage","url":"https:\/\/inelli.ee\/wp-content\/uploads\/2024\/05\/Veekindel-voodilina_imav-aluslina_90x200.jpg","contentUrl":"https:\/\/inelli.ee\/wp-content\/uploads\/2024\/05\/Veekindel-voodilina_imav-aluslina_90x200.jpg","width":1284,"height":978},{"@type":"BreadcrumbList","@id":"https:\/\/inelli.ee\/en\/toode\/waterproof-washable-mattress-cover-90x200-100-natural-tencel-bottom-layer-pu\/#breadcrumb","itemListElement":[{"@type":"ListItem","position":1,"name":"Home","item":"https:\/\/inelli.ee\/en\/"},{"@type":"ListItem","position":2,"name":"Shop","item":"https:\/\/inelli.ee\/pood\/"},{"@type":"ListItem","position":3,"name":"Mattress protectors","item":"https:\/\/inelli.ee\/en\/product-category\/mattress-protectors\/"},{"@type":"ListItem","position":4,"name":"Waterproof washable mattress cover 90\u00d7200 100% natural tencel, bottom layer PU"}]},{"@type":"WebSite","@id":"https:\/\/inelli.ee\/en\/#website","url":"https:\/\/inelli.ee\/en\/","name":"Inelli","description":"Madratsikaitsed, aluslinad, padjakaitsed","publisher":{"@id":"https:\/\/inelli.ee\/en\/#organization"},"potentialAction":[{"@type":"SearchAction","target":{"@type":"EntryPoint","urlTemplate":"https:\/\/inelli.ee\/en\/?s={search_term_string}"},"query-input":{"@type":"PropertyValueSpecification","valueRequired":true,"valueName":"search_term_string"}}],"inLanguage":"en-US"},{"@type":["Organization","Place"],"@id":"https:\/\/inelli.ee\/en\/#organization","name":"Inelli Holding O\u00dc","alternateName":"Inelli","url":"https:\/\/inelli.ee\/en\/","logo":{"@id":"https:\/\/inelli.ee\/en\/toode\/waterproof-washable-mattress-cover-90x200-100-natural-tencel-bottom-layer-pu\/#local-main-organization-logo"},"image":{"@id":"https:\/\/inelli.ee\/en\/toode\/waterproof-washable-mattress-cover-90x200-100-natural-tencel-bottom-layer-pu\/#local-main-organization-logo"},"sameAs":["https:\/\/www.facebook.com\/profile.php?id=61562379249253"],"description":"Meie p\u00f5hifookuses on parima hinna-kvaliteedi suhtega veekindlad madratsikaitsed ja aluslinad, voodipesu, lisaks LIBILINAD ja RAHUTU PATSIENDI KOST\u00dc\u00dcMID","legalName":"Inelli Holding O\u00dc","numberOfEmployees":{"@type":"QuantitativeValue","minValue":"1","maxValue":"10"},"address":{"@id":"https:\/\/inelli.ee\/en\/toode\/waterproof-washable-mattress-cover-90x200-100-natural-tencel-bottom-layer-pu\/#local-main-place-address"},"geo":{"@type":"GeoCoordinates","latitude":"59.4209596615229","longitude":"24.81181683991278"},"telephone":["+37253844660"],"openingHoursSpecification":[{"@type":"OpeningHoursSpecification","dayOfWeek":["Monday","Tuesday","Wednesday","Thursday","Friday"],"opens":"10:00","closes":"15:00"},{"@type":"OpeningHoursSpecification","dayOfWeek":["Saturday","Sunday"],"opens":"00:00","closes":"00:00"}],"email":"info@inelli.ee"},{"@type":"PostalAddress","@id":"https:\/\/inelli.ee\/en\/toode\/waterproof-washable-mattress-cover-90x200-100-natural-tencel-bottom-layer-pu\/#local-main-place-address","streetAddress":"Suur-S\u00f5jam\u00e4e 14","addressLocality":"Tallinn","postalCode":"11415","addressRegion":"Harju","addressCountry":"EE"},{"@type":"ImageObject","inLanguage":"en-US","@id":"https:\/\/inelli.ee\/en\/toode\/waterproof-washable-mattress-cover-90x200-100-natural-tencel-bottom-layer-pu\/#local-main-organization-logo","url":"https:\/\/inelli.ee\/wp-content\/uploads\/2024\/10\/Inelli-logo-600x600-1.jpg","contentUrl":"https:\/\/inelli.ee\/wp-content\/uploads\/2024\/10\/Inelli-logo-600x600-1.jpg","width":600,"height":600,"caption":"Inelli Holding O\u00dc"}]},"geo.placename":"Tallinn","geo.position":{"lat":"59.4209596615229","long":"24.81181683991278"},"geo.region":"Estonia"},"_links":{"self":[{"href":"https:\/\/inelli.ee\/en\/wp-json\/wp\/v2\/product\/1860","targetHints":{"allow":["GET"]}}],"collection":[{"href":"https:\/\/inelli.ee\/en\/wp-json\/wp\/v2\/product"}],"about":[{"href":"https:\/\/inelli.ee\/en\/wp-json\/wp\/v2\/types\/product"}],"wp:featuredmedia":[{"embeddable":true,"href":"https:\/\/inelli.ee\/en\/wp-json\/wp\/v2\/media\/2855"}],"wp:attachment":[{"href":"https:\/\/inelli.ee\/en\/wp-json\/wp\/v2\/media?parent=1860"}],"wp:term":[{"taxonomy":"product_brand","embeddable":true,"href":"https:\/\/inelli.ee\/en\/wp-json\/wp\/v2\/product_brand?post=1860"},{"taxonomy":"product_cat","embeddable":true,"href":"https:\/\/inelli.ee\/en\/wp-json\/wp\/v2\/product_cat?post=1860"},{"taxonomy":"product_tag","embeddable":true,"href":"https:\/\/inelli.ee\/en\/wp-json\/wp\/v2\/product_tag?post=1860"}],"curies":[{"name":"wp","href":"https:\/\/api.w.org\/{rel}","templated":true}]}}