{"id":1850,"date":"2024-05-28T16:26:27","date_gmt":"2024-05-28T13:26:27","guid":{"rendered":"https:\/\/inelli.ee\/toode\/flysheet\/"},"modified":"2024-08-15T12:36:38","modified_gmt":"2024-08-15T09:36:38","slug":"flysheet","status":"publish","type":"product","link":"https:\/\/inelli.ee\/en\/toode\/flysheet\/","title":{"rendered":"Flysheet"},"content":{"rendered":"<p>Washable and absorbent flysheet 85&#215;90 cm with wings with buckets. Bottom with satin.  <\/p>\n<ul>\n<li>Reinforced handles<\/li>\n<li>Sliding lower part to help turn and move the patient<\/li>\n<li>Absorbent and waterproof<\/li>\n<li>Washable at 95 degrees<\/li>\n<li>Do not use water softeners<\/li>\n<li>Load capacity 360 kg<\/li>\n<\/ul>\n","protected":false},"excerpt":{"rendered":"<p>Washable and absorbent flysheet 85&#215;90 cm with wings with buckets. Bottom with satin. Reinforced handles Sliding lower part to help turn and move the patient Absorbent and waterproof Washable at 95 degrees Do not use water softeners Load capacity 360 kg<\/p>\n","protected":false},"featured_media":449,"template":"","meta":{"_acf_changed":false,"inline_featured_image":false},"product_brand":[],"product_cat":[122],"product_tag":[],"class_list":{"0":"post-1850","1":"product","2":"type-product","3":"status-publish","4":"has-post-thumbnail","6":"product_cat-butterfly-sheets","8":"first","9":"instock","10":"taxable","11":"shipping-taxable","12":"purchasable","13":"product-type-variable"},"acf":[],"yoast_head":"<!-- This site is optimized with the Yoast SEO Premium plugin v25.6 (Yoast SEO v27.4) - https:\/\/yoast.com\/product\/yoast-seo-premium-wordpress\/ -->\n<title>Flysheet 85\u00d790 cm with Wings \u2013 Waterproof, Absorbent, and Durable | Inelli<\/title>\n<meta name=\"robots\" content=\"index, follow, max-snippet:-1, max-image-preview:large, max-video-preview:-1\" \/>\n<link rel=\"canonical\" href=\"https:\/\/inelli.ee\/en\/toode\/flysheet\/\" \/>\n<meta property=\"og:locale\" content=\"en_US\" \/>\n<meta property=\"og:type\" content=\"article\" \/>\n<meta property=\"og:title\" content=\"Flysheet | Inelli\" \/>\n<meta property=\"og:description\" content=\"Washable and absorbent flysheet 85&#215;90 cm with wings with buckets. Bottom with satin. Reinforced handles Sliding lower part to help turn and move the patient Absorbent and waterproof Washable at 95 degrees Do not use water softeners Load capacity 360 kg\" \/>\n<meta property=\"og:url\" content=\"https:\/\/inelli.ee\/en\/toode\/flysheet\/\" \/>\n<meta property=\"og:site_name\" content=\"Inelli\" \/>\n<meta property=\"article:publisher\" content=\"https:\/\/www.facebook.com\/profile.php?id=61562379249253\" \/>\n<meta property=\"article:modified_time\" content=\"2024-08-15T09:36:38+00:00\" \/>\n<meta property=\"og:image\" content=\"https:\/\/inelli.ee\/wp-content\/uploads\/2024\/05\/libilina.png\" \/>\n\t<meta property=\"og:image:width\" content=\"800\" \/>\n\t<meta property=\"og:image:height\" content=\"800\" \/>\n\t<meta property=\"og:image:type\" content=\"image\/png\" \/>\n<meta name=\"twitter:card\" content=\"summary_large_image\" \/>\n<script type=\"application\/ld+json\" class=\"yoast-schema-graph\">{\"@context\":\"https:\\\/\\\/schema.org\",\"@graph\":[{\"@type\":\"WebPage\",\"@id\":\"https:\\\/\\\/inelli.ee\\\/en\\\/toode\\\/flysheet\\\/\",\"url\":\"https:\\\/\\\/inelli.ee\\\/en\\\/toode\\\/flysheet\\\/\",\"name\":\"Flysheet 85\u00d790 cm with Wings \u2013 Waterproof, Absorbent, and Durable | Inelli\",\"isPartOf\":{\"@id\":\"https:\\\/\\\/inelli.ee\\\/en\\\/#website\"},\"primaryImageOfPage\":{\"@id\":\"https:\\\/\\\/inelli.ee\\\/en\\\/toode\\\/flysheet\\\/#primaryimage\"},\"image\":{\"@id\":\"https:\\\/\\\/inelli.ee\\\/en\\\/toode\\\/flysheet\\\/#primaryimage\"},\"thumbnailUrl\":\"https:\\\/\\\/inelli.ee\\\/wp-content\\\/uploads\\\/2024\\\/05\\\/libilina.png\",\"datePublished\":\"2024-05-28T13:26:27+00:00\",\"dateModified\":\"2024-08-15T09:36:38+00:00\",\"breadcrumb\":{\"@id\":\"https:\\\/\\\/inelli.ee\\\/en\\\/toode\\\/flysheet\\\/#breadcrumb\"},\"inLanguage\":\"en-US\",\"potentialAction\":[{\"@type\":\"ReadAction\",\"target\":[\"https:\\\/\\\/inelli.ee\\\/en\\\/toode\\\/flysheet\\\/\"]}]},{\"@type\":\"ImageObject\",\"inLanguage\":\"en-US\",\"@id\":\"https:\\\/\\\/inelli.ee\\\/en\\\/toode\\\/flysheet\\\/#primaryimage\",\"url\":\"https:\\\/\\\/inelli.ee\\\/wp-content\\\/uploads\\\/2024\\\/05\\\/libilina.png\",\"contentUrl\":\"https:\\\/\\\/inelli.ee\\\/wp-content\\\/uploads\\\/2024\\\/05\\\/libilina.png\",\"width\":800,\"height\":800,\"caption\":\"libilina 85x90 cm tiibadega\"},{\"@type\":\"BreadcrumbList\",\"@id\":\"https:\\\/\\\/inelli.ee\\\/en\\\/toode\\\/flysheet\\\/#breadcrumb\",\"itemListElement\":[{\"@type\":\"ListItem\",\"position\":1,\"name\":\"Home\",\"item\":\"https:\\\/\\\/inelli.ee\\\/en\\\/\"},{\"@type\":\"ListItem\",\"position\":2,\"name\":\"Shop\",\"item\":\"https:\\\/\\\/inelli.ee\\\/pood\\\/\"},{\"@type\":\"ListItem\",\"position\":3,\"name\":\"Butterfly sheets\",\"item\":\"https:\\\/\\\/inelli.ee\\\/en\\\/product-category\\\/butterfly-sheets\\\/\"},{\"@type\":\"ListItem\",\"position\":4,\"name\":\"Flysheet\"}]},{\"@type\":\"WebSite\",\"@id\":\"https:\\\/\\\/inelli.ee\\\/en\\\/#website\",\"url\":\"https:\\\/\\\/inelli.ee\\\/en\\\/\",\"name\":\"Inelli\",\"description\":\"Madratsikaitsed, aluslinad, padjakaitsed\",\"publisher\":{\"@id\":\"https:\\\/\\\/inelli.ee\\\/en\\\/#organization\"},\"potentialAction\":[{\"@type\":\"SearchAction\",\"target\":{\"@type\":\"EntryPoint\",\"urlTemplate\":\"https:\\\/\\\/inelli.ee\\\/en\\\/?s={search_term_string}\"},\"query-input\":{\"@type\":\"PropertyValueSpecification\",\"valueRequired\":true,\"valueName\":\"search_term_string\"}}],\"inLanguage\":\"en-US\"},{\"@type\":[\"Organization\",\"Place\"],\"@id\":\"https:\\\/\\\/inelli.ee\\\/en\\\/#organization\",\"name\":\"Inelli Holding O\u00dc\",\"alternateName\":\"Inelli\",\"url\":\"https:\\\/\\\/inelli.ee\\\/en\\\/\",\"logo\":{\"@id\":\"https:\\\/\\\/inelli.ee\\\/en\\\/toode\\\/flysheet\\\/#local-main-organization-logo\"},\"image\":{\"@id\":\"https:\\\/\\\/inelli.ee\\\/en\\\/toode\\\/flysheet\\\/#local-main-organization-logo\"},\"sameAs\":[\"https:\\\/\\\/www.facebook.com\\\/profile.php?id=61562379249253\"],\"description\":\"Meie p\u00f5hifookuses on parima hinna-kvaliteedi suhtega veekindlad madratsikaitsed ja aluslinad, voodipesu, lisaks LIBILINAD ja RAHUTU PATSIENDI KOST\u00dc\u00dcMID\",\"legalName\":\"Inelli Holding O\u00dc\",\"numberOfEmployees\":{\"@type\":\"QuantitativeValue\",\"minValue\":\"1\",\"maxValue\":\"10\"},\"address\":{\"@id\":\"https:\\\/\\\/inelli.ee\\\/en\\\/toode\\\/flysheet\\\/#local-main-place-address\"},\"geo\":{\"@type\":\"GeoCoordinates\",\"latitude\":\"59.4209596615229\",\"longitude\":\"24.81181683991278\"},\"telephone\":[\"+37253844660\"],\"openingHoursSpecification\":[{\"@type\":\"OpeningHoursSpecification\",\"dayOfWeek\":[\"Monday\",\"Tuesday\",\"Wednesday\",\"Thursday\",\"Friday\"],\"opens\":\"10:00\",\"closes\":\"15:00\"},{\"@type\":\"OpeningHoursSpecification\",\"dayOfWeek\":[\"Saturday\",\"Sunday\"],\"opens\":\"00:00\",\"closes\":\"00:00\"}],\"email\":\"info@inelli.ee\"},{\"@type\":\"PostalAddress\",\"@id\":\"https:\\\/\\\/inelli.ee\\\/en\\\/toode\\\/flysheet\\\/#local-main-place-address\",\"streetAddress\":\"Suur-S\u00f5jam\u00e4e 14\",\"addressLocality\":\"Tallinn\",\"postalCode\":\"11415\",\"addressRegion\":\"Harju\",\"addressCountry\":\"EE\"},{\"@type\":\"ImageObject\",\"inLanguage\":\"en-US\",\"@id\":\"https:\\\/\\\/inelli.ee\\\/en\\\/toode\\\/flysheet\\\/#local-main-organization-logo\",\"url\":\"https:\\\/\\\/inelli.ee\\\/wp-content\\\/uploads\\\/2024\\\/10\\\/Inelli-logo-600x600-1.jpg\",\"contentUrl\":\"https:\\\/\\\/inelli.ee\\\/wp-content\\\/uploads\\\/2024\\\/10\\\/Inelli-logo-600x600-1.jpg\",\"width\":600,\"height\":600,\"caption\":\"Inelli Holding O\u00dc\"}]}<\/script>\n<meta name=\"geo.placename\" content=\"Tallinn\" \/>\n<meta name=\"geo.position\" content=\"59.4209596615229;24.81181683991278\" \/>\n<meta name=\"geo.region\" content=\"Estonia\" \/>\n<!-- \/ Yoast SEO Premium plugin. -->","yoast_head_json":{"title":"Flysheet 85\u00d790 cm with Wings \u2013 Waterproof, Absorbent, and Durable | Inelli","robots":{"index":"index","follow":"follow","max-snippet":"max-snippet:-1","max-image-preview":"max-image-preview:large","max-video-preview":"max-video-preview:-1"},"canonical":"https:\/\/inelli.ee\/en\/toode\/flysheet\/","og_locale":"en_US","og_type":"article","og_title":"Flysheet | Inelli","og_description":"Washable and absorbent flysheet 85&#215;90 cm with wings with buckets. Bottom with satin. Reinforced handles Sliding lower part to help turn and move the patient Absorbent and waterproof Washable at 95 degrees Do not use water softeners Load capacity 360 kg","og_url":"https:\/\/inelli.ee\/en\/toode\/flysheet\/","og_site_name":"Inelli","article_publisher":"https:\/\/www.facebook.com\/profile.php?id=61562379249253","article_modified_time":"2024-08-15T09:36:38+00:00","og_image":[{"width":800,"height":800,"url":"https:\/\/inelli.ee\/wp-content\/uploads\/2024\/05\/libilina.png","type":"image\/png"}],"twitter_card":"summary_large_image","schema":{"@context":"https:\/\/schema.org","@graph":[{"@type":"WebPage","@id":"https:\/\/inelli.ee\/en\/toode\/flysheet\/","url":"https:\/\/inelli.ee\/en\/toode\/flysheet\/","name":"Flysheet 85\u00d790 cm with Wings \u2013 Waterproof, Absorbent, and Durable | Inelli","isPartOf":{"@id":"https:\/\/inelli.ee\/en\/#website"},"primaryImageOfPage":{"@id":"https:\/\/inelli.ee\/en\/toode\/flysheet\/#primaryimage"},"image":{"@id":"https:\/\/inelli.ee\/en\/toode\/flysheet\/#primaryimage"},"thumbnailUrl":"https:\/\/inelli.ee\/wp-content\/uploads\/2024\/05\/libilina.png","datePublished":"2024-05-28T13:26:27+00:00","dateModified":"2024-08-15T09:36:38+00:00","breadcrumb":{"@id":"https:\/\/inelli.ee\/en\/toode\/flysheet\/#breadcrumb"},"inLanguage":"en-US","potentialAction":[{"@type":"ReadAction","target":["https:\/\/inelli.ee\/en\/toode\/flysheet\/"]}]},{"@type":"ImageObject","inLanguage":"en-US","@id":"https:\/\/inelli.ee\/en\/toode\/flysheet\/#primaryimage","url":"https:\/\/inelli.ee\/wp-content\/uploads\/2024\/05\/libilina.png","contentUrl":"https:\/\/inelli.ee\/wp-content\/uploads\/2024\/05\/libilina.png","width":800,"height":800,"caption":"libilina 85x90 cm tiibadega"},{"@type":"BreadcrumbList","@id":"https:\/\/inelli.ee\/en\/toode\/flysheet\/#breadcrumb","itemListElement":[{"@type":"ListItem","position":1,"name":"Home","item":"https:\/\/inelli.ee\/en\/"},{"@type":"ListItem","position":2,"name":"Shop","item":"https:\/\/inelli.ee\/pood\/"},{"@type":"ListItem","position":3,"name":"Butterfly sheets","item":"https:\/\/inelli.ee\/en\/product-category\/butterfly-sheets\/"},{"@type":"ListItem","position":4,"name":"Flysheet"}]},{"@type":"WebSite","@id":"https:\/\/inelli.ee\/en\/#website","url":"https:\/\/inelli.ee\/en\/","name":"Inelli","description":"Madratsikaitsed, aluslinad, padjakaitsed","publisher":{"@id":"https:\/\/inelli.ee\/en\/#organization"},"potentialAction":[{"@type":"SearchAction","target":{"@type":"EntryPoint","urlTemplate":"https:\/\/inelli.ee\/en\/?s={search_term_string}"},"query-input":{"@type":"PropertyValueSpecification","valueRequired":true,"valueName":"search_term_string"}}],"inLanguage":"en-US"},{"@type":["Organization","Place"],"@id":"https:\/\/inelli.ee\/en\/#organization","name":"Inelli Holding O\u00dc","alternateName":"Inelli","url":"https:\/\/inelli.ee\/en\/","logo":{"@id":"https:\/\/inelli.ee\/en\/toode\/flysheet\/#local-main-organization-logo"},"image":{"@id":"https:\/\/inelli.ee\/en\/toode\/flysheet\/#local-main-organization-logo"},"sameAs":["https:\/\/www.facebook.com\/profile.php?id=61562379249253"],"description":"Meie p\u00f5hifookuses on parima hinna-kvaliteedi suhtega veekindlad madratsikaitsed ja aluslinad, voodipesu, lisaks LIBILINAD ja RAHUTU PATSIENDI KOST\u00dc\u00dcMID","legalName":"Inelli Holding O\u00dc","numberOfEmployees":{"@type":"QuantitativeValue","minValue":"1","maxValue":"10"},"address":{"@id":"https:\/\/inelli.ee\/en\/toode\/flysheet\/#local-main-place-address"},"geo":{"@type":"GeoCoordinates","latitude":"59.4209596615229","longitude":"24.81181683991278"},"telephone":["+37253844660"],"openingHoursSpecification":[{"@type":"OpeningHoursSpecification","dayOfWeek":["Monday","Tuesday","Wednesday","Thursday","Friday"],"opens":"10:00","closes":"15:00"},{"@type":"OpeningHoursSpecification","dayOfWeek":["Saturday","Sunday"],"opens":"00:00","closes":"00:00"}],"email":"info@inelli.ee"},{"@type":"PostalAddress","@id":"https:\/\/inelli.ee\/en\/toode\/flysheet\/#local-main-place-address","streetAddress":"Suur-S\u00f5jam\u00e4e 14","addressLocality":"Tallinn","postalCode":"11415","addressRegion":"Harju","addressCountry":"EE"},{"@type":"ImageObject","inLanguage":"en-US","@id":"https:\/\/inelli.ee\/en\/toode\/flysheet\/#local-main-organization-logo","url":"https:\/\/inelli.ee\/wp-content\/uploads\/2024\/10\/Inelli-logo-600x600-1.jpg","contentUrl":"https:\/\/inelli.ee\/wp-content\/uploads\/2024\/10\/Inelli-logo-600x600-1.jpg","width":600,"height":600,"caption":"Inelli Holding O\u00dc"}]},"geo.placename":"Tallinn","geo.position":{"lat":"59.4209596615229","long":"24.81181683991278"},"geo.region":"Estonia"},"_links":{"self":[{"href":"https:\/\/inelli.ee\/en\/wp-json\/wp\/v2\/product\/1850","targetHints":{"allow":["GET"]}}],"collection":[{"href":"https:\/\/inelli.ee\/en\/wp-json\/wp\/v2\/product"}],"about":[{"href":"https:\/\/inelli.ee\/en\/wp-json\/wp\/v2\/types\/product"}],"wp:featuredmedia":[{"embeddable":true,"href":"https:\/\/inelli.ee\/en\/wp-json\/wp\/v2\/media\/449"}],"wp:attachment":[{"href":"https:\/\/inelli.ee\/en\/wp-json\/wp\/v2\/media?parent=1850"}],"wp:term":[{"taxonomy":"product_brand","embeddable":true,"href":"https:\/\/inelli.ee\/en\/wp-json\/wp\/v2\/product_brand?post=1850"},{"taxonomy":"product_cat","embeddable":true,"href":"https:\/\/inelli.ee\/en\/wp-json\/wp\/v2\/product_cat?post=1850"},{"taxonomy":"product_tag","embeddable":true,"href":"https:\/\/inelli.ee\/en\/wp-json\/wp\/v2\/product_tag?post=1850"}],"curies":[{"name":"wp","href":"https:\/\/api.w.org\/{rel}","templated":true}]}}