{"id":1831,"date":"2024-05-28T16:27:15","date_gmt":"2024-05-28T13:27:15","guid":{"rendered":"https:\/\/inelli.ee\/toode\/high-absorbency-4-layer-90x115-cm-with-wings-underlayer\/"},"modified":"2026-04-20T19:34:05","modified_gmt":"2026-04-20T16:34:05","slug":"high-absorbency-4-layer-90x115-cm-with-wings-underlayer","status":"publish","type":"product","link":"https:\/\/inelli.ee\/en\/toode\/high-absorbency-4-layer-90x115-cm-with-wings-underlayer\/","title":{"rendered":"High absorbency 4-layer 90&#215;115 cm (with wings) underlayer"},"content":{"rendered":"<p>High absorbency 4-layer 90&#215;115 cm (with wings) underlayer  <\/p>\n<ul>\n<li>Absorbent part 90cm<\/li>\n<li>Wings 2x46cm<\/li>\n<li>The top layer quickly drains the liquid to the lower layers and the surface becomes dry.<\/li>\n<li>Washable at 60\u00baC<\/li>\n<li>Do not use fabric softeners<\/li>\n<\/ul>\n","protected":false},"excerpt":{"rendered":"<p>High absorbency 4-layer 90&#215;115 cm (with wings) underlayer Absorbent part 90cm Wings 2x46cm The top layer quickly drains the liquid to the lower layers and the surface becomes dry. Washable at 60\u00baC Do not use fabric softeners<\/p>\n","protected":false},"featured_media":465,"template":"","meta":{"_acf_changed":false,"inline_featured_image":false},"product_brand":[],"product_cat":[119],"product_tag":[],"class_list":{"0":"post-1831","1":"product","2":"type-product","3":"status-publish","4":"has-post-thumbnail","6":"product_cat-base-sheets","8":"first","9":"instock","10":"taxable","11":"shipping-taxable","12":"purchasable","13":"product-type-simple"},"acf":[],"yoast_head":"<!-- This site is optimized with the Yoast SEO Premium plugin v25.6 (Yoast SEO v27.4) - https:\/\/yoast.com\/product\/yoast-seo-premium-wordpress\/ -->\n<title>High absorbency 4-layer 90x115 cm (with wings) underlayer | Inelli<\/title>\n<meta name=\"robots\" content=\"index, follow, max-snippet:-1, max-image-preview:large, max-video-preview:-1\" \/>\n<link rel=\"canonical\" href=\"https:\/\/inelli.ee\/en\/toode\/high-absorbency-4-layer-90x115-cm-with-wings-underlayer\/\" \/>\n<meta property=\"og:locale\" content=\"en_US\" \/>\n<meta property=\"og:type\" content=\"article\" \/>\n<meta property=\"og:title\" content=\"High absorbency 4-layer 90x115 cm (with wings) underlayer | Inelli\" \/>\n<meta property=\"og:description\" content=\"High absorbency 4-layer 90&#215;115 cm (with wings) underlayer Absorbent part 90cm Wings 2x46cm The top layer quickly drains the liquid to the lower layers and the surface becomes dry. Washable at 60\u00baC Do not use fabric softeners\" \/>\n<meta property=\"og:url\" content=\"https:\/\/inelli.ee\/en\/toode\/high-absorbency-4-layer-90x115-cm-with-wings-underlayer\/\" \/>\n<meta property=\"og:site_name\" content=\"Inelli\" \/>\n<meta property=\"article:publisher\" content=\"https:\/\/www.facebook.com\/profile.php?id=61562379249253\" \/>\n<meta property=\"article:modified_time\" content=\"2026-04-20T16:34:05+00:00\" \/>\n<meta property=\"og:image\" content=\"https:\/\/inelli.ee\/wp-content\/uploads\/2024\/05\/214-90x114-1.png\" \/>\n\t<meta property=\"og:image:width\" content=\"800\" \/>\n\t<meta property=\"og:image:height\" content=\"800\" \/>\n\t<meta property=\"og:image:type\" content=\"image\/png\" \/>\n<meta name=\"twitter:card\" content=\"summary_large_image\" \/>\n<script type=\"application\/ld+json\" class=\"yoast-schema-graph\">{\"@context\":\"https:\\\/\\\/schema.org\",\"@graph\":[{\"@type\":\"WebPage\",\"@id\":\"https:\\\/\\\/inelli.ee\\\/en\\\/toode\\\/high-absorbency-4-layer-90x115-cm-with-wings-underlayer\\\/\",\"url\":\"https:\\\/\\\/inelli.ee\\\/en\\\/toode\\\/high-absorbency-4-layer-90x115-cm-with-wings-underlayer\\\/\",\"name\":\"High absorbency 4-layer 90x115 cm (with wings) underlayer | Inelli\",\"isPartOf\":{\"@id\":\"https:\\\/\\\/inelli.ee\\\/en\\\/#website\"},\"primaryImageOfPage\":{\"@id\":\"https:\\\/\\\/inelli.ee\\\/en\\\/toode\\\/high-absorbency-4-layer-90x115-cm-with-wings-underlayer\\\/#primaryimage\"},\"image\":{\"@id\":\"https:\\\/\\\/inelli.ee\\\/en\\\/toode\\\/high-absorbency-4-layer-90x115-cm-with-wings-underlayer\\\/#primaryimage\"},\"thumbnailUrl\":\"https:\\\/\\\/inelli.ee\\\/wp-content\\\/uploads\\\/2024\\\/05\\\/214-90x114-1.png\",\"datePublished\":\"2024-05-28T13:27:15+00:00\",\"dateModified\":\"2026-04-20T16:34:05+00:00\",\"breadcrumb\":{\"@id\":\"https:\\\/\\\/inelli.ee\\\/en\\\/toode\\\/high-absorbency-4-layer-90x115-cm-with-wings-underlayer\\\/#breadcrumb\"},\"inLanguage\":\"en-US\",\"potentialAction\":[{\"@type\":\"ReadAction\",\"target\":[\"https:\\\/\\\/inelli.ee\\\/en\\\/toode\\\/high-absorbency-4-layer-90x115-cm-with-wings-underlayer\\\/\"]}]},{\"@type\":\"ImageObject\",\"inLanguage\":\"en-US\",\"@id\":\"https:\\\/\\\/inelli.ee\\\/en\\\/toode\\\/high-absorbency-4-layer-90x115-cm-with-wings-underlayer\\\/#primaryimage\",\"url\":\"https:\\\/\\\/inelli.ee\\\/wp-content\\\/uploads\\\/2024\\\/05\\\/214-90x114-1.png\",\"contentUrl\":\"https:\\\/\\\/inelli.ee\\\/wp-content\\\/uploads\\\/2024\\\/05\\\/214-90x114-1.png\",\"width\":800,\"height\":800,\"caption\":\"Suure imavusega 4-kihiline aluslina 90 x 115 cm tiibadega\"},{\"@type\":\"BreadcrumbList\",\"@id\":\"https:\\\/\\\/inelli.ee\\\/en\\\/toode\\\/high-absorbency-4-layer-90x115-cm-with-wings-underlayer\\\/#breadcrumb\",\"itemListElement\":[{\"@type\":\"ListItem\",\"position\":1,\"name\":\"Home\",\"item\":\"https:\\\/\\\/inelli.ee\\\/en\\\/\"},{\"@type\":\"ListItem\",\"position\":2,\"name\":\"Shop\",\"item\":\"https:\\\/\\\/inelli.ee\\\/pood\\\/\"},{\"@type\":\"ListItem\",\"position\":3,\"name\":\"Base sheets\",\"item\":\"https:\\\/\\\/inelli.ee\\\/en\\\/product-category\\\/base-sheets\\\/\"},{\"@type\":\"ListItem\",\"position\":4,\"name\":\"High absorbency 4-layer 90&#215;115 cm (with wings) underlayer\"}]},{\"@type\":\"WebSite\",\"@id\":\"https:\\\/\\\/inelli.ee\\\/en\\\/#website\",\"url\":\"https:\\\/\\\/inelli.ee\\\/en\\\/\",\"name\":\"Inelli\",\"description\":\"Madratsikaitsed, aluslinad, padjakaitsed\",\"publisher\":{\"@id\":\"https:\\\/\\\/inelli.ee\\\/en\\\/#organization\"},\"potentialAction\":[{\"@type\":\"SearchAction\",\"target\":{\"@type\":\"EntryPoint\",\"urlTemplate\":\"https:\\\/\\\/inelli.ee\\\/en\\\/?s={search_term_string}\"},\"query-input\":{\"@type\":\"PropertyValueSpecification\",\"valueRequired\":true,\"valueName\":\"search_term_string\"}}],\"inLanguage\":\"en-US\"},{\"@type\":[\"Organization\",\"Place\"],\"@id\":\"https:\\\/\\\/inelli.ee\\\/en\\\/#organization\",\"name\":\"Inelli Holding O\u00dc\",\"alternateName\":\"Inelli\",\"url\":\"https:\\\/\\\/inelli.ee\\\/en\\\/\",\"logo\":{\"@id\":\"https:\\\/\\\/inelli.ee\\\/en\\\/toode\\\/high-absorbency-4-layer-90x115-cm-with-wings-underlayer\\\/#local-main-organization-logo\"},\"image\":{\"@id\":\"https:\\\/\\\/inelli.ee\\\/en\\\/toode\\\/high-absorbency-4-layer-90x115-cm-with-wings-underlayer\\\/#local-main-organization-logo\"},\"sameAs\":[\"https:\\\/\\\/www.facebook.com\\\/profile.php?id=61562379249253\"],\"description\":\"Meie p\u00f5hifookuses on parima hinna-kvaliteedi suhtega veekindlad madratsikaitsed ja aluslinad, voodipesu, lisaks LIBILINAD ja RAHUTU PATSIENDI KOST\u00dc\u00dcMID\",\"legalName\":\"Inelli Holding O\u00dc\",\"numberOfEmployees\":{\"@type\":\"QuantitativeValue\",\"minValue\":\"1\",\"maxValue\":\"10\"},\"address\":{\"@id\":\"https:\\\/\\\/inelli.ee\\\/en\\\/toode\\\/high-absorbency-4-layer-90x115-cm-with-wings-underlayer\\\/#local-main-place-address\"},\"geo\":{\"@type\":\"GeoCoordinates\",\"latitude\":\"59.4209596615229\",\"longitude\":\"24.81181683991278\"},\"telephone\":[\"+37253844660\"],\"openingHoursSpecification\":[{\"@type\":\"OpeningHoursSpecification\",\"dayOfWeek\":[\"Monday\",\"Tuesday\",\"Wednesday\",\"Thursday\",\"Friday\"],\"opens\":\"10:00\",\"closes\":\"15:00\"},{\"@type\":\"OpeningHoursSpecification\",\"dayOfWeek\":[\"Saturday\",\"Sunday\"],\"opens\":\"00:00\",\"closes\":\"00:00\"}],\"email\":\"info@inelli.ee\"},{\"@type\":\"PostalAddress\",\"@id\":\"https:\\\/\\\/inelli.ee\\\/en\\\/toode\\\/high-absorbency-4-layer-90x115-cm-with-wings-underlayer\\\/#local-main-place-address\",\"streetAddress\":\"Suur-S\u00f5jam\u00e4e 14\",\"addressLocality\":\"Tallinn\",\"postalCode\":\"11415\",\"addressRegion\":\"Harju\",\"addressCountry\":\"EE\"},{\"@type\":\"ImageObject\",\"inLanguage\":\"en-US\",\"@id\":\"https:\\\/\\\/inelli.ee\\\/en\\\/toode\\\/high-absorbency-4-layer-90x115-cm-with-wings-underlayer\\\/#local-main-organization-logo\",\"url\":\"https:\\\/\\\/inelli.ee\\\/wp-content\\\/uploads\\\/2024\\\/10\\\/Inelli-logo-600x600-1.jpg\",\"contentUrl\":\"https:\\\/\\\/inelli.ee\\\/wp-content\\\/uploads\\\/2024\\\/10\\\/Inelli-logo-600x600-1.jpg\",\"width\":600,\"height\":600,\"caption\":\"Inelli Holding O\u00dc\"}]}<\/script>\n<meta name=\"geo.placename\" content=\"Tallinn\" \/>\n<meta name=\"geo.position\" content=\"59.4209596615229;24.81181683991278\" \/>\n<meta name=\"geo.region\" content=\"Estonia\" \/>\n<!-- \/ Yoast SEO Premium plugin. -->","yoast_head_json":{"title":"High absorbency 4-layer 90x115 cm (with wings) underlayer | Inelli","robots":{"index":"index","follow":"follow","max-snippet":"max-snippet:-1","max-image-preview":"max-image-preview:large","max-video-preview":"max-video-preview:-1"},"canonical":"https:\/\/inelli.ee\/en\/toode\/high-absorbency-4-layer-90x115-cm-with-wings-underlayer\/","og_locale":"en_US","og_type":"article","og_title":"High absorbency 4-layer 90x115 cm (with wings) underlayer | Inelli","og_description":"High absorbency 4-layer 90&#215;115 cm (with wings) underlayer Absorbent part 90cm Wings 2x46cm The top layer quickly drains the liquid to the lower layers and the surface becomes dry. Washable at 60\u00baC Do not use fabric softeners","og_url":"https:\/\/inelli.ee\/en\/toode\/high-absorbency-4-layer-90x115-cm-with-wings-underlayer\/","og_site_name":"Inelli","article_publisher":"https:\/\/www.facebook.com\/profile.php?id=61562379249253","article_modified_time":"2026-04-20T16:34:05+00:00","og_image":[{"width":800,"height":800,"url":"https:\/\/inelli.ee\/wp-content\/uploads\/2024\/05\/214-90x114-1.png","type":"image\/png"}],"twitter_card":"summary_large_image","schema":{"@context":"https:\/\/schema.org","@graph":[{"@type":"WebPage","@id":"https:\/\/inelli.ee\/en\/toode\/high-absorbency-4-layer-90x115-cm-with-wings-underlayer\/","url":"https:\/\/inelli.ee\/en\/toode\/high-absorbency-4-layer-90x115-cm-with-wings-underlayer\/","name":"High absorbency 4-layer 90x115 cm (with wings) underlayer | Inelli","isPartOf":{"@id":"https:\/\/inelli.ee\/en\/#website"},"primaryImageOfPage":{"@id":"https:\/\/inelli.ee\/en\/toode\/high-absorbency-4-layer-90x115-cm-with-wings-underlayer\/#primaryimage"},"image":{"@id":"https:\/\/inelli.ee\/en\/toode\/high-absorbency-4-layer-90x115-cm-with-wings-underlayer\/#primaryimage"},"thumbnailUrl":"https:\/\/inelli.ee\/wp-content\/uploads\/2024\/05\/214-90x114-1.png","datePublished":"2024-05-28T13:27:15+00:00","dateModified":"2026-04-20T16:34:05+00:00","breadcrumb":{"@id":"https:\/\/inelli.ee\/en\/toode\/high-absorbency-4-layer-90x115-cm-with-wings-underlayer\/#breadcrumb"},"inLanguage":"en-US","potentialAction":[{"@type":"ReadAction","target":["https:\/\/inelli.ee\/en\/toode\/high-absorbency-4-layer-90x115-cm-with-wings-underlayer\/"]}]},{"@type":"ImageObject","inLanguage":"en-US","@id":"https:\/\/inelli.ee\/en\/toode\/high-absorbency-4-layer-90x115-cm-with-wings-underlayer\/#primaryimage","url":"https:\/\/inelli.ee\/wp-content\/uploads\/2024\/05\/214-90x114-1.png","contentUrl":"https:\/\/inelli.ee\/wp-content\/uploads\/2024\/05\/214-90x114-1.png","width":800,"height":800,"caption":"Suure imavusega 4-kihiline aluslina 90 x 115 cm tiibadega"},{"@type":"BreadcrumbList","@id":"https:\/\/inelli.ee\/en\/toode\/high-absorbency-4-layer-90x115-cm-with-wings-underlayer\/#breadcrumb","itemListElement":[{"@type":"ListItem","position":1,"name":"Home","item":"https:\/\/inelli.ee\/en\/"},{"@type":"ListItem","position":2,"name":"Shop","item":"https:\/\/inelli.ee\/pood\/"},{"@type":"ListItem","position":3,"name":"Base sheets","item":"https:\/\/inelli.ee\/en\/product-category\/base-sheets\/"},{"@type":"ListItem","position":4,"name":"High absorbency 4-layer 90&#215;115 cm (with wings) underlayer"}]},{"@type":"WebSite","@id":"https:\/\/inelli.ee\/en\/#website","url":"https:\/\/inelli.ee\/en\/","name":"Inelli","description":"Madratsikaitsed, aluslinad, padjakaitsed","publisher":{"@id":"https:\/\/inelli.ee\/en\/#organization"},"potentialAction":[{"@type":"SearchAction","target":{"@type":"EntryPoint","urlTemplate":"https:\/\/inelli.ee\/en\/?s={search_term_string}"},"query-input":{"@type":"PropertyValueSpecification","valueRequired":true,"valueName":"search_term_string"}}],"inLanguage":"en-US"},{"@type":["Organization","Place"],"@id":"https:\/\/inelli.ee\/en\/#organization","name":"Inelli Holding O\u00dc","alternateName":"Inelli","url":"https:\/\/inelli.ee\/en\/","logo":{"@id":"https:\/\/inelli.ee\/en\/toode\/high-absorbency-4-layer-90x115-cm-with-wings-underlayer\/#local-main-organization-logo"},"image":{"@id":"https:\/\/inelli.ee\/en\/toode\/high-absorbency-4-layer-90x115-cm-with-wings-underlayer\/#local-main-organization-logo"},"sameAs":["https:\/\/www.facebook.com\/profile.php?id=61562379249253"],"description":"Meie p\u00f5hifookuses on parima hinna-kvaliteedi suhtega veekindlad madratsikaitsed ja aluslinad, voodipesu, lisaks LIBILINAD ja RAHUTU PATSIENDI KOST\u00dc\u00dcMID","legalName":"Inelli Holding O\u00dc","numberOfEmployees":{"@type":"QuantitativeValue","minValue":"1","maxValue":"10"},"address":{"@id":"https:\/\/inelli.ee\/en\/toode\/high-absorbency-4-layer-90x115-cm-with-wings-underlayer\/#local-main-place-address"},"geo":{"@type":"GeoCoordinates","latitude":"59.4209596615229","longitude":"24.81181683991278"},"telephone":["+37253844660"],"openingHoursSpecification":[{"@type":"OpeningHoursSpecification","dayOfWeek":["Monday","Tuesday","Wednesday","Thursday","Friday"],"opens":"10:00","closes":"15:00"},{"@type":"OpeningHoursSpecification","dayOfWeek":["Saturday","Sunday"],"opens":"00:00","closes":"00:00"}],"email":"info@inelli.ee"},{"@type":"PostalAddress","@id":"https:\/\/inelli.ee\/en\/toode\/high-absorbency-4-layer-90x115-cm-with-wings-underlayer\/#local-main-place-address","streetAddress":"Suur-S\u00f5jam\u00e4e 14","addressLocality":"Tallinn","postalCode":"11415","addressRegion":"Harju","addressCountry":"EE"},{"@type":"ImageObject","inLanguage":"en-US","@id":"https:\/\/inelli.ee\/en\/toode\/high-absorbency-4-layer-90x115-cm-with-wings-underlayer\/#local-main-organization-logo","url":"https:\/\/inelli.ee\/wp-content\/uploads\/2024\/10\/Inelli-logo-600x600-1.jpg","contentUrl":"https:\/\/inelli.ee\/wp-content\/uploads\/2024\/10\/Inelli-logo-600x600-1.jpg","width":600,"height":600,"caption":"Inelli Holding O\u00dc"}]},"geo.placename":"Tallinn","geo.position":{"lat":"59.4209596615229","long":"24.81181683991278"},"geo.region":"Estonia"},"_links":{"self":[{"href":"https:\/\/inelli.ee\/en\/wp-json\/wp\/v2\/product\/1831","targetHints":{"allow":["GET"]}}],"collection":[{"href":"https:\/\/inelli.ee\/en\/wp-json\/wp\/v2\/product"}],"about":[{"href":"https:\/\/inelli.ee\/en\/wp-json\/wp\/v2\/types\/product"}],"wp:featuredmedia":[{"embeddable":true,"href":"https:\/\/inelli.ee\/en\/wp-json\/wp\/v2\/media\/465"}],"wp:attachment":[{"href":"https:\/\/inelli.ee\/en\/wp-json\/wp\/v2\/media?parent=1831"}],"wp:term":[{"taxonomy":"product_brand","embeddable":true,"href":"https:\/\/inelli.ee\/en\/wp-json\/wp\/v2\/product_brand?post=1831"},{"taxonomy":"product_cat","embeddable":true,"href":"https:\/\/inelli.ee\/en\/wp-json\/wp\/v2\/product_cat?post=1831"},{"taxonomy":"product_tag","embeddable":true,"href":"https:\/\/inelli.ee\/en\/wp-json\/wp\/v2\/product_tag?post=1831"}],"curies":[{"name":"wp","href":"https:\/\/api.w.org\/{rel}","templated":true}]}}