{"id":1825,"date":"2024-05-28T16:27:40","date_gmt":"2024-05-28T13:27:40","guid":{"rendered":"https:\/\/inelli.ee\/toode\/the-sipsik-combination-zone-for-the-restless-patient\/"},"modified":"2026-04-21T06:24:09","modified_gmt":"2026-04-21T03:24:09","slug":"the-sipsik-combination-zone-for-the-restless-patient","status":"publish","type":"product","link":"https:\/\/inelli.ee\/en\/toode\/the-sipsik-combination-zone-for-the-restless-patient\/","title":{"rendered":"The Sipsik Combination Zone for the restless patient"},"content":{"rendered":"<p>The Sipsik Combination Zone for the restless patient.  <\/p>\n<ul>\n<li>material: 100% soft cotton<\/li>\n<li>lock from the back of the neck down to the bottom of the leg, length 120 cm<\/li>\n<li>half sleeves and full-length leg section<\/li>\n<li>very durable lock<\/li>\n<li>before washing, please turn the product upside down and tighten the lock<\/li>\n<li>washable up to 60C<\/li>\n<\/ul>\n<p>&nbsp;<\/p>\n","protected":false},"excerpt":{"rendered":"<p>The Sipsik Combination Zone for the restless patient. material: 100% soft cotton lock from the back of the neck down to the bottom of the leg, length 120 cm half sleeves and full-length leg section very durable lock before washing, please turn the product upside down and tighten the lock washable up to 60C &nbsp;<\/p>\n","protected":false},"featured_media":467,"template":"","meta":{"_acf_changed":false,"inline_featured_image":false},"product_brand":[],"product_cat":[120],"product_tag":[],"class_list":{"0":"post-1825","1":"product","2":"type-product","3":"status-publish","4":"has-post-thumbnail","6":"product_cat-dementia-overalls","8":"first","9":"instock","10":"taxable","11":"shipping-taxable","12":"purchasable","13":"product-type-variable"},"acf":[],"yoast_head":"<!-- This site is optimized with the Yoast SEO Premium plugin v25.6 (Yoast SEO v27.4) - https:\/\/yoast.com\/product\/yoast-seo-premium-wordpress\/ -->\n<title>The Sipsik Combination Zone for the restless patient | Inelli<\/title>\n<meta name=\"robots\" content=\"index, follow, max-snippet:-1, max-image-preview:large, max-video-preview:-1\" \/>\n<link rel=\"canonical\" href=\"https:\/\/inelli.ee\/en\/toode\/the-sipsik-combination-zone-for-the-restless-patient\/\" \/>\n<meta property=\"og:locale\" content=\"en_US\" \/>\n<meta property=\"og:type\" content=\"article\" \/>\n<meta property=\"og:title\" content=\"The Sipsik Combination Zone for the restless patient | Inelli\" \/>\n<meta property=\"og:description\" content=\"The Sipsik Combination Zone for the restless patient. material: 100% soft cotton lock from the back of the neck down to the bottom of the leg, length 120 cm half sleeves and full-length leg section very durable lock before washing, please turn the product upside down and tighten the lock washable up to 60C &nbsp;\" \/>\n<meta property=\"og:url\" content=\"https:\/\/inelli.ee\/en\/toode\/the-sipsik-combination-zone-for-the-restless-patient\/\" \/>\n<meta property=\"og:site_name\" content=\"Inelli\" \/>\n<meta property=\"article:publisher\" content=\"https:\/\/www.facebook.com\/profile.php?id=61562379249253\" \/>\n<meta property=\"article:modified_time\" content=\"2026-04-21T03:24:09+00:00\" \/>\n<meta property=\"og:image\" content=\"https:\/\/inelli.ee\/wp-content\/uploads\/2024\/05\/IMG_8946-2-1-scaled-1.jpg\" \/>\n\t<meta property=\"og:image:width\" content=\"2560\" \/>\n\t<meta property=\"og:image:height\" content=\"2560\" \/>\n\t<meta property=\"og:image:type\" content=\"image\/jpeg\" \/>\n<meta name=\"twitter:card\" content=\"summary_large_image\" \/>\n<script type=\"application\/ld+json\" class=\"yoast-schema-graph\">{\"@context\":\"https:\\\/\\\/schema.org\",\"@graph\":[{\"@type\":\"WebPage\",\"@id\":\"https:\\\/\\\/inelli.ee\\\/en\\\/toode\\\/the-sipsik-combination-zone-for-the-restless-patient\\\/\",\"url\":\"https:\\\/\\\/inelli.ee\\\/en\\\/toode\\\/the-sipsik-combination-zone-for-the-restless-patient\\\/\",\"name\":\"The Sipsik Combination Zone for the restless patient | Inelli\",\"isPartOf\":{\"@id\":\"https:\\\/\\\/inelli.ee\\\/en\\\/#website\"},\"primaryImageOfPage\":{\"@id\":\"https:\\\/\\\/inelli.ee\\\/en\\\/toode\\\/the-sipsik-combination-zone-for-the-restless-patient\\\/#primaryimage\"},\"image\":{\"@id\":\"https:\\\/\\\/inelli.ee\\\/en\\\/toode\\\/the-sipsik-combination-zone-for-the-restless-patient\\\/#primaryimage\"},\"thumbnailUrl\":\"https:\\\/\\\/inelli.ee\\\/wp-content\\\/uploads\\\/2024\\\/05\\\/IMG_8946-2-1-scaled-1.jpg\",\"datePublished\":\"2024-05-28T13:27:40+00:00\",\"dateModified\":\"2026-04-21T03:24:09+00:00\",\"breadcrumb\":{\"@id\":\"https:\\\/\\\/inelli.ee\\\/en\\\/toode\\\/the-sipsik-combination-zone-for-the-restless-patient\\\/#breadcrumb\"},\"inLanguage\":\"en-US\",\"potentialAction\":[{\"@type\":\"ReadAction\",\"target\":[\"https:\\\/\\\/inelli.ee\\\/en\\\/toode\\\/the-sipsik-combination-zone-for-the-restless-patient\\\/\"]}]},{\"@type\":\"ImageObject\",\"inLanguage\":\"en-US\",\"@id\":\"https:\\\/\\\/inelli.ee\\\/en\\\/toode\\\/the-sipsik-combination-zone-for-the-restless-patient\\\/#primaryimage\",\"url\":\"https:\\\/\\\/inelli.ee\\\/wp-content\\\/uploads\\\/2024\\\/05\\\/IMG_8946-2-1-scaled-1.jpg\",\"contentUrl\":\"https:\\\/\\\/inelli.ee\\\/wp-content\\\/uploads\\\/2024\\\/05\\\/IMG_8946-2-1-scaled-1.jpg\",\"width\":2560,\"height\":2560,\"caption\":\"Rahutu patsiendi kombinesoon Sipsik\"},{\"@type\":\"BreadcrumbList\",\"@id\":\"https:\\\/\\\/inelli.ee\\\/en\\\/toode\\\/the-sipsik-combination-zone-for-the-restless-patient\\\/#breadcrumb\",\"itemListElement\":[{\"@type\":\"ListItem\",\"position\":1,\"name\":\"Home\",\"item\":\"https:\\\/\\\/inelli.ee\\\/en\\\/\"},{\"@type\":\"ListItem\",\"position\":2,\"name\":\"Shop\",\"item\":\"https:\\\/\\\/inelli.ee\\\/pood\\\/\"},{\"@type\":\"ListItem\",\"position\":3,\"name\":\"Dementia overalls\",\"item\":\"https:\\\/\\\/inelli.ee\\\/en\\\/product-category\\\/dementia-overalls\\\/\"},{\"@type\":\"ListItem\",\"position\":4,\"name\":\"The Sipsik Combination Zone for the restless patient\"}]},{\"@type\":\"WebSite\",\"@id\":\"https:\\\/\\\/inelli.ee\\\/en\\\/#website\",\"url\":\"https:\\\/\\\/inelli.ee\\\/en\\\/\",\"name\":\"Inelli\",\"description\":\"Madratsikaitsed, aluslinad, padjakaitsed\",\"publisher\":{\"@id\":\"https:\\\/\\\/inelli.ee\\\/en\\\/#organization\"},\"potentialAction\":[{\"@type\":\"SearchAction\",\"target\":{\"@type\":\"EntryPoint\",\"urlTemplate\":\"https:\\\/\\\/inelli.ee\\\/en\\\/?s={search_term_string}\"},\"query-input\":{\"@type\":\"PropertyValueSpecification\",\"valueRequired\":true,\"valueName\":\"search_term_string\"}}],\"inLanguage\":\"en-US\"},{\"@type\":[\"Organization\",\"Place\"],\"@id\":\"https:\\\/\\\/inelli.ee\\\/en\\\/#organization\",\"name\":\"Inelli Holding O\u00dc\",\"alternateName\":\"Inelli\",\"url\":\"https:\\\/\\\/inelli.ee\\\/en\\\/\",\"logo\":{\"@id\":\"https:\\\/\\\/inelli.ee\\\/en\\\/toode\\\/the-sipsik-combination-zone-for-the-restless-patient\\\/#local-main-organization-logo\"},\"image\":{\"@id\":\"https:\\\/\\\/inelli.ee\\\/en\\\/toode\\\/the-sipsik-combination-zone-for-the-restless-patient\\\/#local-main-organization-logo\"},\"sameAs\":[\"https:\\\/\\\/www.facebook.com\\\/profile.php?id=61562379249253\"],\"description\":\"Meie p\u00f5hifookuses on parima hinna-kvaliteedi suhtega veekindlad madratsikaitsed ja aluslinad, voodipesu, lisaks LIBILINAD ja RAHUTU PATSIENDI KOST\u00dc\u00dcMID\",\"legalName\":\"Inelli Holding O\u00dc\",\"numberOfEmployees\":{\"@type\":\"QuantitativeValue\",\"minValue\":\"1\",\"maxValue\":\"10\"},\"address\":{\"@id\":\"https:\\\/\\\/inelli.ee\\\/en\\\/toode\\\/the-sipsik-combination-zone-for-the-restless-patient\\\/#local-main-place-address\"},\"geo\":{\"@type\":\"GeoCoordinates\",\"latitude\":\"59.4209596615229\",\"longitude\":\"24.81181683991278\"},\"telephone\":[\"+37253844660\"],\"openingHoursSpecification\":[{\"@type\":\"OpeningHoursSpecification\",\"dayOfWeek\":[\"Monday\",\"Tuesday\",\"Wednesday\",\"Thursday\",\"Friday\"],\"opens\":\"10:00\",\"closes\":\"15:00\"},{\"@type\":\"OpeningHoursSpecification\",\"dayOfWeek\":[\"Saturday\",\"Sunday\"],\"opens\":\"00:00\",\"closes\":\"00:00\"}],\"email\":\"info@inelli.ee\"},{\"@type\":\"PostalAddress\",\"@id\":\"https:\\\/\\\/inelli.ee\\\/en\\\/toode\\\/the-sipsik-combination-zone-for-the-restless-patient\\\/#local-main-place-address\",\"streetAddress\":\"Suur-S\u00f5jam\u00e4e 14\",\"addressLocality\":\"Tallinn\",\"postalCode\":\"11415\",\"addressRegion\":\"Harju\",\"addressCountry\":\"EE\"},{\"@type\":\"ImageObject\",\"inLanguage\":\"en-US\",\"@id\":\"https:\\\/\\\/inelli.ee\\\/en\\\/toode\\\/the-sipsik-combination-zone-for-the-restless-patient\\\/#local-main-organization-logo\",\"url\":\"https:\\\/\\\/inelli.ee\\\/wp-content\\\/uploads\\\/2024\\\/10\\\/Inelli-logo-600x600-1.jpg\",\"contentUrl\":\"https:\\\/\\\/inelli.ee\\\/wp-content\\\/uploads\\\/2024\\\/10\\\/Inelli-logo-600x600-1.jpg\",\"width\":600,\"height\":600,\"caption\":\"Inelli Holding O\u00dc\"}]}<\/script>\n<meta name=\"geo.placename\" content=\"Tallinn\" \/>\n<meta name=\"geo.position\" content=\"59.4209596615229;24.81181683991278\" \/>\n<meta name=\"geo.region\" content=\"Estonia\" \/>\n<!-- \/ Yoast SEO Premium plugin. -->","yoast_head_json":{"title":"The Sipsik Combination Zone for the restless patient | Inelli","robots":{"index":"index","follow":"follow","max-snippet":"max-snippet:-1","max-image-preview":"max-image-preview:large","max-video-preview":"max-video-preview:-1"},"canonical":"https:\/\/inelli.ee\/en\/toode\/the-sipsik-combination-zone-for-the-restless-patient\/","og_locale":"en_US","og_type":"article","og_title":"The Sipsik Combination Zone for the restless patient | Inelli","og_description":"The Sipsik Combination Zone for the restless patient. material: 100% soft cotton lock from the back of the neck down to the bottom of the leg, length 120 cm half sleeves and full-length leg section very durable lock before washing, please turn the product upside down and tighten the lock washable up to 60C &nbsp;","og_url":"https:\/\/inelli.ee\/en\/toode\/the-sipsik-combination-zone-for-the-restless-patient\/","og_site_name":"Inelli","article_publisher":"https:\/\/www.facebook.com\/profile.php?id=61562379249253","article_modified_time":"2026-04-21T03:24:09+00:00","og_image":[{"width":2560,"height":2560,"url":"https:\/\/inelli.ee\/wp-content\/uploads\/2024\/05\/IMG_8946-2-1-scaled-1.jpg","type":"image\/jpeg"}],"twitter_card":"summary_large_image","schema":{"@context":"https:\/\/schema.org","@graph":[{"@type":"WebPage","@id":"https:\/\/inelli.ee\/en\/toode\/the-sipsik-combination-zone-for-the-restless-patient\/","url":"https:\/\/inelli.ee\/en\/toode\/the-sipsik-combination-zone-for-the-restless-patient\/","name":"The Sipsik Combination Zone for the restless patient | Inelli","isPartOf":{"@id":"https:\/\/inelli.ee\/en\/#website"},"primaryImageOfPage":{"@id":"https:\/\/inelli.ee\/en\/toode\/the-sipsik-combination-zone-for-the-restless-patient\/#primaryimage"},"image":{"@id":"https:\/\/inelli.ee\/en\/toode\/the-sipsik-combination-zone-for-the-restless-patient\/#primaryimage"},"thumbnailUrl":"https:\/\/inelli.ee\/wp-content\/uploads\/2024\/05\/IMG_8946-2-1-scaled-1.jpg","datePublished":"2024-05-28T13:27:40+00:00","dateModified":"2026-04-21T03:24:09+00:00","breadcrumb":{"@id":"https:\/\/inelli.ee\/en\/toode\/the-sipsik-combination-zone-for-the-restless-patient\/#breadcrumb"},"inLanguage":"en-US","potentialAction":[{"@type":"ReadAction","target":["https:\/\/inelli.ee\/en\/toode\/the-sipsik-combination-zone-for-the-restless-patient\/"]}]},{"@type":"ImageObject","inLanguage":"en-US","@id":"https:\/\/inelli.ee\/en\/toode\/the-sipsik-combination-zone-for-the-restless-patient\/#primaryimage","url":"https:\/\/inelli.ee\/wp-content\/uploads\/2024\/05\/IMG_8946-2-1-scaled-1.jpg","contentUrl":"https:\/\/inelli.ee\/wp-content\/uploads\/2024\/05\/IMG_8946-2-1-scaled-1.jpg","width":2560,"height":2560,"caption":"Rahutu patsiendi kombinesoon Sipsik"},{"@type":"BreadcrumbList","@id":"https:\/\/inelli.ee\/en\/toode\/the-sipsik-combination-zone-for-the-restless-patient\/#breadcrumb","itemListElement":[{"@type":"ListItem","position":1,"name":"Home","item":"https:\/\/inelli.ee\/en\/"},{"@type":"ListItem","position":2,"name":"Shop","item":"https:\/\/inelli.ee\/pood\/"},{"@type":"ListItem","position":3,"name":"Dementia overalls","item":"https:\/\/inelli.ee\/en\/product-category\/dementia-overalls\/"},{"@type":"ListItem","position":4,"name":"The Sipsik Combination Zone for the restless patient"}]},{"@type":"WebSite","@id":"https:\/\/inelli.ee\/en\/#website","url":"https:\/\/inelli.ee\/en\/","name":"Inelli","description":"Madratsikaitsed, aluslinad, padjakaitsed","publisher":{"@id":"https:\/\/inelli.ee\/en\/#organization"},"potentialAction":[{"@type":"SearchAction","target":{"@type":"EntryPoint","urlTemplate":"https:\/\/inelli.ee\/en\/?s={search_term_string}"},"query-input":{"@type":"PropertyValueSpecification","valueRequired":true,"valueName":"search_term_string"}}],"inLanguage":"en-US"},{"@type":["Organization","Place"],"@id":"https:\/\/inelli.ee\/en\/#organization","name":"Inelli Holding O\u00dc","alternateName":"Inelli","url":"https:\/\/inelli.ee\/en\/","logo":{"@id":"https:\/\/inelli.ee\/en\/toode\/the-sipsik-combination-zone-for-the-restless-patient\/#local-main-organization-logo"},"image":{"@id":"https:\/\/inelli.ee\/en\/toode\/the-sipsik-combination-zone-for-the-restless-patient\/#local-main-organization-logo"},"sameAs":["https:\/\/www.facebook.com\/profile.php?id=61562379249253"],"description":"Meie p\u00f5hifookuses on parima hinna-kvaliteedi suhtega veekindlad madratsikaitsed ja aluslinad, voodipesu, lisaks LIBILINAD ja RAHUTU PATSIENDI KOST\u00dc\u00dcMID","legalName":"Inelli Holding O\u00dc","numberOfEmployees":{"@type":"QuantitativeValue","minValue":"1","maxValue":"10"},"address":{"@id":"https:\/\/inelli.ee\/en\/toode\/the-sipsik-combination-zone-for-the-restless-patient\/#local-main-place-address"},"geo":{"@type":"GeoCoordinates","latitude":"59.4209596615229","longitude":"24.81181683991278"},"telephone":["+37253844660"],"openingHoursSpecification":[{"@type":"OpeningHoursSpecification","dayOfWeek":["Monday","Tuesday","Wednesday","Thursday","Friday"],"opens":"10:00","closes":"15:00"},{"@type":"OpeningHoursSpecification","dayOfWeek":["Saturday","Sunday"],"opens":"00:00","closes":"00:00"}],"email":"info@inelli.ee"},{"@type":"PostalAddress","@id":"https:\/\/inelli.ee\/en\/toode\/the-sipsik-combination-zone-for-the-restless-patient\/#local-main-place-address","streetAddress":"Suur-S\u00f5jam\u00e4e 14","addressLocality":"Tallinn","postalCode":"11415","addressRegion":"Harju","addressCountry":"EE"},{"@type":"ImageObject","inLanguage":"en-US","@id":"https:\/\/inelli.ee\/en\/toode\/the-sipsik-combination-zone-for-the-restless-patient\/#local-main-organization-logo","url":"https:\/\/inelli.ee\/wp-content\/uploads\/2024\/10\/Inelli-logo-600x600-1.jpg","contentUrl":"https:\/\/inelli.ee\/wp-content\/uploads\/2024\/10\/Inelli-logo-600x600-1.jpg","width":600,"height":600,"caption":"Inelli Holding O\u00dc"}]},"geo.placename":"Tallinn","geo.position":{"lat":"59.4209596615229","long":"24.81181683991278"},"geo.region":"Estonia"},"_links":{"self":[{"href":"https:\/\/inelli.ee\/en\/wp-json\/wp\/v2\/product\/1825","targetHints":{"allow":["GET"]}}],"collection":[{"href":"https:\/\/inelli.ee\/en\/wp-json\/wp\/v2\/product"}],"about":[{"href":"https:\/\/inelli.ee\/en\/wp-json\/wp\/v2\/types\/product"}],"wp:featuredmedia":[{"embeddable":true,"href":"https:\/\/inelli.ee\/en\/wp-json\/wp\/v2\/media\/467"}],"wp:attachment":[{"href":"https:\/\/inelli.ee\/en\/wp-json\/wp\/v2\/media?parent=1825"}],"wp:term":[{"taxonomy":"product_brand","embeddable":true,"href":"https:\/\/inelli.ee\/en\/wp-json\/wp\/v2\/product_brand?post=1825"},{"taxonomy":"product_cat","embeddable":true,"href":"https:\/\/inelli.ee\/en\/wp-json\/wp\/v2\/product_cat?post=1825"},{"taxonomy":"product_tag","embeddable":true,"href":"https:\/\/inelli.ee\/en\/wp-json\/wp\/v2\/product_tag?post=1825"}],"curies":[{"name":"wp","href":"https:\/\/api.w.org\/{rel}","templated":true}]}}