{"id":1790,"date":"2024-06-26T13:12:46","date_gmt":"2024-06-26T10:12:46","guid":{"rendered":"https:\/\/inelli.ee\/toode\/compression-stockings-compritex-open-toe\/"},"modified":"2024-06-26T13:12:46","modified_gmt":"2024-06-26T10:12:46","slug":"compression-stockings-compritex-open-toe","status":"publish","type":"product","link":"https:\/\/inelli.ee\/en\/toode\/compression-stockings-compritex-open-toe\/","title":{"rendered":"Compression stockings CompriTex (open toe)"},"content":{"rendered":"<p>The pressure of compression products is indicated in millimetres of mercury per cubic metre (mmHg).<br \/>\n(DEN indicates only the elasticity of the succinite, not the thickness or pressure).<br \/>\nTherefore, only a product that indicates the pressure in mmHg or CCL class will ensure good circulation and proper support of the veins.<br \/>\nCompriTex compression harnesses are available in two classes and in different sizes:     <\/p>\n<ul>\n<li><strong>Class 1 (CCL1), medical compression 18-21 mmHg <\/strong>Class 1 is suitable for reducing heaviness and mild swelling in the legs.<br \/>\nGood for prolonged standing or sitting and for swollen and aching feet (also during pregnancy).<br \/>\nPrevention of mild varicose veins.  <\/li>\n<\/ul>\n<ul>\n<li><strong>Class 2 (CCL2), medical compression 23-32 mmHg <\/strong>Class 2 is suitable for more severe swelling and venous insufficiency.<br \/>\nReduces the appearance of varicose veins and swelling and prevents the risk of thrombosis. <\/li>\n<\/ul>\n<p>  Compression knee highs are unisex, so suitable for both men and women! For maximum effect, please select the most accurate size possible so that pressure and support are felt. CompriTex compression stockings are worn just like regular stockings.  <\/p>\n<ul>\n<li>Twist the knees upside down on the ankle, stretch the sock over the ankle with your hands to make it easier to put the foot in.<br \/>\nNext, gently pull upwards without pushing your fingers into the sock. <\/li>\n<li>Do not pull or tug too hard on the knee pad, as this may result in uneven coverage of the material.<\/li>\n<\/ul>\n<p>  CompriTex support knees do not lose their effective properties even after washing.  <\/p>\n<ul>\n<li>For daily use, wash at least every 2 days or as required and dry flat.<\/li>\n<li>Hand wash or gentle machine wash 30\u00b0- 40\u00b0, use a gentle wash bag.<\/li>\n<li>Do not use fabric softener, do not spin dry, do not iron or wring.<\/li>\n<li>Do not dry on a hot radiator or in direct sunlight.<\/li>\n<\/ul>\n","protected":false},"excerpt":{"rendered":"<p>CompriTex compression products have a graduated pressure distribution that supports the circulation of venous and lymphatic fluid, promoting the drainage of excess fluid from the subcutaneous tissue and cellular space, thus preventing swelling in the legs. The product is <strong>beige<\/strong>!  &nbsp;<\/p>\n","protected":false},"featured_media":901,"template":"","meta":{"_acf_changed":false,"inline_featured_image":false},"product_brand":[],"product_cat":[121],"product_tag":[],"class_list":{"0":"post-1790","1":"product","2":"type-product","3":"status-publish","4":"has-post-thumbnail","6":"product_cat-compression-products","8":"first","9":"onbackorder","10":"taxable","11":"shipping-taxable","12":"purchasable","13":"product-type-variable"},"acf":[],"yoast_head":"<!-- This site is optimized with the Yoast SEO Premium plugin v25.6 (Yoast SEO v26.3) - https:\/\/yoast.com\/wordpress\/plugins\/seo\/ -->\n<title>Compression stockings CompriTex (open toe) | Inelli<\/title>\n<meta name=\"robots\" content=\"index, follow, max-snippet:-1, max-image-preview:large, max-video-preview:-1\" \/>\n<link rel=\"canonical\" href=\"https:\/\/inelli.ee\/en\/toode\/compression-stockings-compritex-open-toe\/\" \/>\n<meta property=\"og:locale\" content=\"en_US\" \/>\n<meta property=\"og:type\" content=\"article\" \/>\n<meta property=\"og:title\" content=\"Compression stockings CompriTex (open toe) | Inelli\" \/>\n<meta property=\"og:description\" content=\"CompriTex compression products have a graduated pressure distribution that supports the circulation of venous and lymphatic fluid, promoting the drainage of excess fluid from the subcutaneous tissue and cellular space, thus preventing swelling in the legs. The product is beige! &nbsp;\" \/>\n<meta property=\"og:url\" content=\"https:\/\/inelli.ee\/en\/toode\/compression-stockings-compritex-open-toe\/\" \/>\n<meta property=\"og:site_name\" content=\"Inelli\" \/>\n<meta property=\"article:publisher\" content=\"https:\/\/www.facebook.com\/profile.php?id=61562379249253\" \/>\n<meta property=\"og:image\" content=\"https:\/\/inelli.ee\/wp-content\/uploads\/2024\/06\/Compritex-1-3.webp\" \/>\n\t<meta property=\"og:image:width\" content=\"425\" \/>\n\t<meta property=\"og:image:height\" content=\"626\" \/>\n\t<meta property=\"og:image:type\" content=\"image\/webp\" \/>\n<meta name=\"twitter:card\" content=\"summary_large_image\" \/>\n<script type=\"application\/ld+json\" class=\"yoast-schema-graph\">{\"@context\":\"https:\/\/schema.org\",\"@graph\":[{\"@type\":\"WebPage\",\"@id\":\"https:\/\/inelli.ee\/en\/toode\/compression-stockings-compritex-open-toe\/\",\"url\":\"https:\/\/inelli.ee\/en\/toode\/compression-stockings-compritex-open-toe\/\",\"name\":\"Compression stockings CompriTex (open toe) | Inelli\",\"isPartOf\":{\"@id\":\"https:\/\/inelli.ee\/en\/#website\"},\"primaryImageOfPage\":{\"@id\":\"https:\/\/inelli.ee\/en\/toode\/compression-stockings-compritex-open-toe\/#primaryimage\"},\"image\":{\"@id\":\"https:\/\/inelli.ee\/en\/toode\/compression-stockings-compritex-open-toe\/#primaryimage\"},\"thumbnailUrl\":\"https:\/\/inelli.ee\/wp-content\/uploads\/2024\/06\/Compritex-1-3.webp\",\"datePublished\":\"2024-06-26T10:12:46+00:00\",\"breadcrumb\":{\"@id\":\"https:\/\/inelli.ee\/en\/toode\/compression-stockings-compritex-open-toe\/#breadcrumb\"},\"inLanguage\":\"en-US\",\"potentialAction\":[{\"@type\":\"ReadAction\",\"target\":[\"https:\/\/inelli.ee\/en\/toode\/compression-stockings-compritex-open-toe\/\"]}]},{\"@type\":\"ImageObject\",\"inLanguage\":\"en-US\",\"@id\":\"https:\/\/inelli.ee\/en\/toode\/compression-stockings-compritex-open-toe\/#primaryimage\",\"url\":\"https:\/\/inelli.ee\/wp-content\/uploads\/2024\/06\/Compritex-1-3.webp\",\"contentUrl\":\"https:\/\/inelli.ee\/wp-content\/uploads\/2024\/06\/Compritex-1-3.webp\",\"width\":425,\"height\":626,\"caption\":\"Trombiennetuse sukad silikoon\u00e4\u00e4rega CompriTex\"},{\"@type\":\"BreadcrumbList\",\"@id\":\"https:\/\/inelli.ee\/en\/toode\/compression-stockings-compritex-open-toe\/#breadcrumb\",\"itemListElement\":[{\"@type\":\"ListItem\",\"position\":1,\"name\":\"Home\",\"item\":\"https:\/\/inelli.ee\/en\/\"},{\"@type\":\"ListItem\",\"position\":2,\"name\":\"Shop\",\"item\":\"https:\/\/inelli.ee\/pood\/\"},{\"@type\":\"ListItem\",\"position\":3,\"name\":\"Compression products\",\"item\":\"https:\/\/inelli.ee\/en\/product-category\/compression-products\/\"},{\"@type\":\"ListItem\",\"position\":4,\"name\":\"Compression stockings CompriTex (open toe)\"}]},{\"@type\":\"WebSite\",\"@id\":\"https:\/\/inelli.ee\/en\/#website\",\"url\":\"https:\/\/inelli.ee\/en\/\",\"name\":\"Inelli\",\"description\":\"Madratsikaitsed, aluslinad, padjakaitsed\",\"publisher\":{\"@id\":\"https:\/\/inelli.ee\/en\/#organization\"},\"potentialAction\":[{\"@type\":\"SearchAction\",\"target\":{\"@type\":\"EntryPoint\",\"urlTemplate\":\"https:\/\/inelli.ee\/en\/?s={search_term_string}\"},\"query-input\":{\"@type\":\"PropertyValueSpecification\",\"valueRequired\":true,\"valueName\":\"search_term_string\"}}],\"inLanguage\":\"en-US\"},{\"@type\":[\"Organization\",\"Place\"],\"@id\":\"https:\/\/inelli.ee\/en\/#organization\",\"name\":\"Inelli Holding O\u00dc\",\"alternateName\":\"Inelli\",\"url\":\"https:\/\/inelli.ee\/en\/\",\"logo\":{\"@id\":\"https:\/\/inelli.ee\/en\/toode\/compression-stockings-compritex-open-toe\/#local-main-organization-logo\"},\"image\":{\"@id\":\"https:\/\/inelli.ee\/en\/toode\/compression-stockings-compritex-open-toe\/#local-main-organization-logo\"},\"sameAs\":[\"https:\/\/www.facebook.com\/profile.php?id=61562379249253\"],\"description\":\"Meie p\u00f5hifookuses on parima hinna-kvaliteedi suhtega veekindlad madratsikaitsed ja aluslinad, voodipesu, lisaks LIBILINAD ja RAHUTU PATSIENDI KOST\u00dc\u00dcMID\",\"legalName\":\"Inelli Holding O\u00dc\",\"numberOfEmployees\":{\"@type\":\"QuantitativeValue\",\"minValue\":\"1\",\"maxValue\":\"10\"},\"address\":{\"@id\":\"https:\/\/inelli.ee\/en\/toode\/compression-stockings-compritex-open-toe\/#local-main-place-address\"},\"geo\":{\"@type\":\"GeoCoordinates\",\"latitude\":\"59.4209596615229\",\"longitude\":\"24.81181683991278\"},\"telephone\":[\"+37253844660\"],\"openingHoursSpecification\":[{\"@type\":\"OpeningHoursSpecification\",\"dayOfWeek\":[\"Monday\",\"Tuesday\",\"Wednesday\",\"Thursday\",\"Friday\"],\"opens\":\"10:00\",\"closes\":\"15:00\"},{\"@type\":\"OpeningHoursSpecification\",\"dayOfWeek\":[\"Saturday\",\"Sunday\"],\"opens\":\"00:00\",\"closes\":\"00:00\"}],\"email\":\"info@inelli.ee\"},{\"@type\":\"PostalAddress\",\"@id\":\"https:\/\/inelli.ee\/en\/toode\/compression-stockings-compritex-open-toe\/#local-main-place-address\",\"streetAddress\":\"Suur-S\u00f5jam\u00e4e 14\",\"addressLocality\":\"Tallinn\",\"postalCode\":\"11415\",\"addressRegion\":\"Harju\",\"addressCountry\":\"EE\"},{\"@type\":\"ImageObject\",\"inLanguage\":\"en-US\",\"@id\":\"https:\/\/inelli.ee\/en\/toode\/compression-stockings-compritex-open-toe\/#local-main-organization-logo\",\"url\":\"https:\/\/inelli.ee\/wp-content\/uploads\/2024\/10\/Inelli-logo-600x600-1.jpg\",\"contentUrl\":\"https:\/\/inelli.ee\/wp-content\/uploads\/2024\/10\/Inelli-logo-600x600-1.jpg\",\"width\":600,\"height\":600,\"caption\":\"Inelli Holding O\u00dc\"}]}<\/script>\n<meta name=\"geo.placename\" content=\"Tallinn\" \/>\n<meta name=\"geo.position\" content=\"59.4209596615229;24.81181683991278\" \/>\n<meta name=\"geo.region\" content=\"Estonia\" \/>\n<!-- \/ Yoast SEO Premium plugin. -->","yoast_head_json":{"title":"Compression stockings CompriTex (open toe) | Inelli","robots":{"index":"index","follow":"follow","max-snippet":"max-snippet:-1","max-image-preview":"max-image-preview:large","max-video-preview":"max-video-preview:-1"},"canonical":"https:\/\/inelli.ee\/en\/toode\/compression-stockings-compritex-open-toe\/","og_locale":"en_US","og_type":"article","og_title":"Compression stockings CompriTex (open toe) | Inelli","og_description":"CompriTex compression products have a graduated pressure distribution that supports the circulation of venous and lymphatic fluid, promoting the drainage of excess fluid from the subcutaneous tissue and cellular space, thus preventing swelling in the legs. The product is beige! &nbsp;","og_url":"https:\/\/inelli.ee\/en\/toode\/compression-stockings-compritex-open-toe\/","og_site_name":"Inelli","article_publisher":"https:\/\/www.facebook.com\/profile.php?id=61562379249253","og_image":[{"width":425,"height":626,"url":"https:\/\/inelli.ee\/wp-content\/uploads\/2024\/06\/Compritex-1-3.webp","type":"image\/webp"}],"twitter_card":"summary_large_image","schema":{"@context":"https:\/\/schema.org","@graph":[{"@type":"WebPage","@id":"https:\/\/inelli.ee\/en\/toode\/compression-stockings-compritex-open-toe\/","url":"https:\/\/inelli.ee\/en\/toode\/compression-stockings-compritex-open-toe\/","name":"Compression stockings CompriTex (open toe) | Inelli","isPartOf":{"@id":"https:\/\/inelli.ee\/en\/#website"},"primaryImageOfPage":{"@id":"https:\/\/inelli.ee\/en\/toode\/compression-stockings-compritex-open-toe\/#primaryimage"},"image":{"@id":"https:\/\/inelli.ee\/en\/toode\/compression-stockings-compritex-open-toe\/#primaryimage"},"thumbnailUrl":"https:\/\/inelli.ee\/wp-content\/uploads\/2024\/06\/Compritex-1-3.webp","datePublished":"2024-06-26T10:12:46+00:00","breadcrumb":{"@id":"https:\/\/inelli.ee\/en\/toode\/compression-stockings-compritex-open-toe\/#breadcrumb"},"inLanguage":"en-US","potentialAction":[{"@type":"ReadAction","target":["https:\/\/inelli.ee\/en\/toode\/compression-stockings-compritex-open-toe\/"]}]},{"@type":"ImageObject","inLanguage":"en-US","@id":"https:\/\/inelli.ee\/en\/toode\/compression-stockings-compritex-open-toe\/#primaryimage","url":"https:\/\/inelli.ee\/wp-content\/uploads\/2024\/06\/Compritex-1-3.webp","contentUrl":"https:\/\/inelli.ee\/wp-content\/uploads\/2024\/06\/Compritex-1-3.webp","width":425,"height":626,"caption":"Trombiennetuse sukad silikoon\u00e4\u00e4rega CompriTex"},{"@type":"BreadcrumbList","@id":"https:\/\/inelli.ee\/en\/toode\/compression-stockings-compritex-open-toe\/#breadcrumb","itemListElement":[{"@type":"ListItem","position":1,"name":"Home","item":"https:\/\/inelli.ee\/en\/"},{"@type":"ListItem","position":2,"name":"Shop","item":"https:\/\/inelli.ee\/pood\/"},{"@type":"ListItem","position":3,"name":"Compression products","item":"https:\/\/inelli.ee\/en\/product-category\/compression-products\/"},{"@type":"ListItem","position":4,"name":"Compression stockings CompriTex (open toe)"}]},{"@type":"WebSite","@id":"https:\/\/inelli.ee\/en\/#website","url":"https:\/\/inelli.ee\/en\/","name":"Inelli","description":"Madratsikaitsed, aluslinad, padjakaitsed","publisher":{"@id":"https:\/\/inelli.ee\/en\/#organization"},"potentialAction":[{"@type":"SearchAction","target":{"@type":"EntryPoint","urlTemplate":"https:\/\/inelli.ee\/en\/?s={search_term_string}"},"query-input":{"@type":"PropertyValueSpecification","valueRequired":true,"valueName":"search_term_string"}}],"inLanguage":"en-US"},{"@type":["Organization","Place"],"@id":"https:\/\/inelli.ee\/en\/#organization","name":"Inelli Holding O\u00dc","alternateName":"Inelli","url":"https:\/\/inelli.ee\/en\/","logo":{"@id":"https:\/\/inelli.ee\/en\/toode\/compression-stockings-compritex-open-toe\/#local-main-organization-logo"},"image":{"@id":"https:\/\/inelli.ee\/en\/toode\/compression-stockings-compritex-open-toe\/#local-main-organization-logo"},"sameAs":["https:\/\/www.facebook.com\/profile.php?id=61562379249253"],"description":"Meie p\u00f5hifookuses on parima hinna-kvaliteedi suhtega veekindlad madratsikaitsed ja aluslinad, voodipesu, lisaks LIBILINAD ja RAHUTU PATSIENDI KOST\u00dc\u00dcMID","legalName":"Inelli Holding O\u00dc","numberOfEmployees":{"@type":"QuantitativeValue","minValue":"1","maxValue":"10"},"address":{"@id":"https:\/\/inelli.ee\/en\/toode\/compression-stockings-compritex-open-toe\/#local-main-place-address"},"geo":{"@type":"GeoCoordinates","latitude":"59.4209596615229","longitude":"24.81181683991278"},"telephone":["+37253844660"],"openingHoursSpecification":[{"@type":"OpeningHoursSpecification","dayOfWeek":["Monday","Tuesday","Wednesday","Thursday","Friday"],"opens":"10:00","closes":"15:00"},{"@type":"OpeningHoursSpecification","dayOfWeek":["Saturday","Sunday"],"opens":"00:00","closes":"00:00"}],"email":"info@inelli.ee"},{"@type":"PostalAddress","@id":"https:\/\/inelli.ee\/en\/toode\/compression-stockings-compritex-open-toe\/#local-main-place-address","streetAddress":"Suur-S\u00f5jam\u00e4e 14","addressLocality":"Tallinn","postalCode":"11415","addressRegion":"Harju","addressCountry":"EE"},{"@type":"ImageObject","inLanguage":"en-US","@id":"https:\/\/inelli.ee\/en\/toode\/compression-stockings-compritex-open-toe\/#local-main-organization-logo","url":"https:\/\/inelli.ee\/wp-content\/uploads\/2024\/10\/Inelli-logo-600x600-1.jpg","contentUrl":"https:\/\/inelli.ee\/wp-content\/uploads\/2024\/10\/Inelli-logo-600x600-1.jpg","width":600,"height":600,"caption":"Inelli Holding O\u00dc"}]},"geo.placename":"Tallinn","geo.position":{"lat":"59.4209596615229","long":"24.81181683991278"},"geo.region":"Estonia"},"_links":{"self":[{"href":"https:\/\/inelli.ee\/en\/wp-json\/wp\/v2\/product\/1790","targetHints":{"allow":["GET"]}}],"collection":[{"href":"https:\/\/inelli.ee\/en\/wp-json\/wp\/v2\/product"}],"about":[{"href":"https:\/\/inelli.ee\/en\/wp-json\/wp\/v2\/types\/product"}],"wp:featuredmedia":[{"embeddable":true,"href":"https:\/\/inelli.ee\/en\/wp-json\/wp\/v2\/media\/901"}],"wp:attachment":[{"href":"https:\/\/inelli.ee\/en\/wp-json\/wp\/v2\/media?parent=1790"}],"wp:term":[{"taxonomy":"product_brand","embeddable":true,"href":"https:\/\/inelli.ee\/en\/wp-json\/wp\/v2\/product_brand?post=1790"},{"taxonomy":"product_cat","embeddable":true,"href":"https:\/\/inelli.ee\/en\/wp-json\/wp\/v2\/product_cat?post=1790"},{"taxonomy":"product_tag","embeddable":true,"href":"https:\/\/inelli.ee\/en\/wp-json\/wp\/v2\/product_tag?post=1790"}],"curies":[{"name":"wp","href":"https:\/\/api.w.org\/{rel}","templated":true}]}}