{"id":1768,"date":"2024-06-26T13:19:51","date_gmt":"2024-06-26T10:19:51","guid":{"rendered":"https:\/\/inelli.ee\/toode\/compression-tights-for-pregnant-women-compritex\/"},"modified":"2024-08-15T12:36:58","modified_gmt":"2024-08-15T09:36:58","slug":"compression-tights-for-pregnant-women-compritex","status":"publish","type":"product","link":"https:\/\/inelli.ee\/en\/toode\/compression-tights-for-pregnant-women-compritex\/","title":{"rendered":"Compression tights for pregnant women CompriTex"},"content":{"rendered":"","protected":false},"excerpt":{"rendered":"<p>CompriTex compression tights for pregnant women help to relieve heaviness in the legs and reduce swelling.<br \/>\nThe tights are light and silky and comfortable to wear.<br \/>\nThe tights for pregnant women have a special abdominal section for a growing tummy and a reinforced heel.<br \/>\nThey are recommended for preventing swelling in the first place, but they can also help to reduce swelling and improve the condition of the legs when swelling occurs.<br \/>\nThe socks have a medical compression of 23-32 mmHg (class 2 \/ CCL2).<br \/>\nThe product is <strong>black in colour.<\/strong><br \/>\nThe tights have a <strong>closed<\/strong> toe!<br \/>\nComposition: polyamide 65%, elastane 35%.       <\/p>\n","protected":false},"featured_media":899,"template":"","meta":{"_acf_changed":false,"inline_featured_image":false},"product_brand":[],"product_cat":[121],"product_tag":[],"class_list":{"0":"post-1768","1":"product","2":"type-product","3":"status-publish","4":"has-post-thumbnail","6":"product_cat-compression-products","8":"first","9":"onbackorder","10":"taxable","11":"shipping-taxable","12":"purchasable","13":"product-type-variable"},"acf":[],"yoast_head":"<!-- This site is optimized with the Yoast SEO Premium plugin v25.6 (Yoast SEO v27.4) - https:\/\/yoast.com\/product\/yoast-seo-premium-wordpress\/ -->\n<title>Compression tights for pregnant women CompriTex | Inelli<\/title>\n<meta name=\"robots\" content=\"index, follow, max-snippet:-1, max-image-preview:large, max-video-preview:-1\" \/>\n<link rel=\"canonical\" href=\"https:\/\/inelli.ee\/en\/toode\/compression-tights-for-pregnant-women-compritex\/\" \/>\n<meta property=\"og:locale\" content=\"en_US\" \/>\n<meta property=\"og:type\" content=\"article\" \/>\n<meta property=\"og:title\" content=\"Compression tights for pregnant women CompriTex | Inelli\" \/>\n<meta property=\"og:description\" content=\"CompriTex compression tights for pregnant women help to relieve heaviness in the legs and reduce swelling. The tights are light and silky and comfortable to wear. The tights for pregnant women have a special abdominal section for a growing tummy and a reinforced heel. They are recommended for preventing swelling in the first place, but they can also help to reduce swelling and improve the condition of the legs when swelling occurs. The socks have a medical compression of 23-32 mmHg (class 2 \/ CCL2). The product is black in colour. The tights have a closed toe! Composition: polyamide 65%, elastane 35%.\" \/>\n<meta property=\"og:url\" content=\"https:\/\/inelli.ee\/en\/toode\/compression-tights-for-pregnant-women-compritex\/\" \/>\n<meta property=\"og:site_name\" content=\"Inelli\" \/>\n<meta property=\"article:publisher\" content=\"https:\/\/www.facebook.com\/profile.php?id=61562379249253\" \/>\n<meta property=\"article:modified_time\" content=\"2024-08-15T09:36:58+00:00\" \/>\n<meta property=\"og:image\" content=\"https:\/\/inelli.ee\/wp-content\/uploads\/2024\/06\/Rasedate-sukkpuksid_40080-40084.webp\" \/>\n\t<meta property=\"og:image:width\" content=\"500\" \/>\n\t<meta property=\"og:image:height\" content=\"500\" \/>\n\t<meta property=\"og:image:type\" content=\"image\/webp\" \/>\n<meta name=\"twitter:card\" content=\"summary_large_image\" \/>\n<script type=\"application\/ld+json\" class=\"yoast-schema-graph\">{\"@context\":\"https:\\\/\\\/schema.org\",\"@graph\":[{\"@type\":\"WebPage\",\"@id\":\"https:\\\/\\\/inelli.ee\\\/en\\\/toode\\\/compression-tights-for-pregnant-women-compritex\\\/\",\"url\":\"https:\\\/\\\/inelli.ee\\\/en\\\/toode\\\/compression-tights-for-pregnant-women-compritex\\\/\",\"name\":\"Compression tights for pregnant women CompriTex | Inelli\",\"isPartOf\":{\"@id\":\"https:\\\/\\\/inelli.ee\\\/en\\\/#website\"},\"primaryImageOfPage\":{\"@id\":\"https:\\\/\\\/inelli.ee\\\/en\\\/toode\\\/compression-tights-for-pregnant-women-compritex\\\/#primaryimage\"},\"image\":{\"@id\":\"https:\\\/\\\/inelli.ee\\\/en\\\/toode\\\/compression-tights-for-pregnant-women-compritex\\\/#primaryimage\"},\"thumbnailUrl\":\"https:\\\/\\\/inelli.ee\\\/wp-content\\\/uploads\\\/2024\\\/06\\\/Rasedate-sukkpuksid_40080-40084.webp\",\"datePublished\":\"2024-06-26T10:19:51+00:00\",\"dateModified\":\"2024-08-15T09:36:58+00:00\",\"breadcrumb\":{\"@id\":\"https:\\\/\\\/inelli.ee\\\/en\\\/toode\\\/compression-tights-for-pregnant-women-compritex\\\/#breadcrumb\"},\"inLanguage\":\"en-US\",\"potentialAction\":[{\"@type\":\"ReadAction\",\"target\":[\"https:\\\/\\\/inelli.ee\\\/en\\\/toode\\\/compression-tights-for-pregnant-women-compritex\\\/\"]}]},{\"@type\":\"ImageObject\",\"inLanguage\":\"en-US\",\"@id\":\"https:\\\/\\\/inelli.ee\\\/en\\\/toode\\\/compression-tights-for-pregnant-women-compritex\\\/#primaryimage\",\"url\":\"https:\\\/\\\/inelli.ee\\\/wp-content\\\/uploads\\\/2024\\\/06\\\/Rasedate-sukkpuksid_40080-40084.webp\",\"contentUrl\":\"https:\\\/\\\/inelli.ee\\\/wp-content\\\/uploads\\\/2024\\\/06\\\/Rasedate-sukkpuksid_40080-40084.webp\",\"width\":500,\"height\":500,\"caption\":\"Kompressioonsukkp\u00fcksid rasedatele CompriTex\"},{\"@type\":\"BreadcrumbList\",\"@id\":\"https:\\\/\\\/inelli.ee\\\/en\\\/toode\\\/compression-tights-for-pregnant-women-compritex\\\/#breadcrumb\",\"itemListElement\":[{\"@type\":\"ListItem\",\"position\":1,\"name\":\"Home\",\"item\":\"https:\\\/\\\/inelli.ee\\\/en\\\/\"},{\"@type\":\"ListItem\",\"position\":2,\"name\":\"Shop\",\"item\":\"https:\\\/\\\/inelli.ee\\\/pood\\\/\"},{\"@type\":\"ListItem\",\"position\":3,\"name\":\"Compression products\",\"item\":\"https:\\\/\\\/inelli.ee\\\/en\\\/product-category\\\/compression-products\\\/\"},{\"@type\":\"ListItem\",\"position\":4,\"name\":\"Compression tights for pregnant women CompriTex\"}]},{\"@type\":\"WebSite\",\"@id\":\"https:\\\/\\\/inelli.ee\\\/en\\\/#website\",\"url\":\"https:\\\/\\\/inelli.ee\\\/en\\\/\",\"name\":\"Inelli\",\"description\":\"Madratsikaitsed, aluslinad, padjakaitsed\",\"publisher\":{\"@id\":\"https:\\\/\\\/inelli.ee\\\/en\\\/#organization\"},\"potentialAction\":[{\"@type\":\"SearchAction\",\"target\":{\"@type\":\"EntryPoint\",\"urlTemplate\":\"https:\\\/\\\/inelli.ee\\\/en\\\/?s={search_term_string}\"},\"query-input\":{\"@type\":\"PropertyValueSpecification\",\"valueRequired\":true,\"valueName\":\"search_term_string\"}}],\"inLanguage\":\"en-US\"},{\"@type\":[\"Organization\",\"Place\"],\"@id\":\"https:\\\/\\\/inelli.ee\\\/en\\\/#organization\",\"name\":\"Inelli Holding O\u00dc\",\"alternateName\":\"Inelli\",\"url\":\"https:\\\/\\\/inelli.ee\\\/en\\\/\",\"logo\":{\"@id\":\"https:\\\/\\\/inelli.ee\\\/en\\\/toode\\\/compression-tights-for-pregnant-women-compritex\\\/#local-main-organization-logo\"},\"image\":{\"@id\":\"https:\\\/\\\/inelli.ee\\\/en\\\/toode\\\/compression-tights-for-pregnant-women-compritex\\\/#local-main-organization-logo\"},\"sameAs\":[\"https:\\\/\\\/www.facebook.com\\\/profile.php?id=61562379249253\"],\"description\":\"Meie p\u00f5hifookuses on parima hinna-kvaliteedi suhtega veekindlad madratsikaitsed ja aluslinad, voodipesu, lisaks LIBILINAD ja RAHUTU PATSIENDI KOST\u00dc\u00dcMID\",\"legalName\":\"Inelli Holding O\u00dc\",\"numberOfEmployees\":{\"@type\":\"QuantitativeValue\",\"minValue\":\"1\",\"maxValue\":\"10\"},\"address\":{\"@id\":\"https:\\\/\\\/inelli.ee\\\/en\\\/toode\\\/compression-tights-for-pregnant-women-compritex\\\/#local-main-place-address\"},\"geo\":{\"@type\":\"GeoCoordinates\",\"latitude\":\"59.4209596615229\",\"longitude\":\"24.81181683991278\"},\"telephone\":[\"+37253844660\"],\"openingHoursSpecification\":[{\"@type\":\"OpeningHoursSpecification\",\"dayOfWeek\":[\"Monday\",\"Tuesday\",\"Wednesday\",\"Thursday\",\"Friday\"],\"opens\":\"10:00\",\"closes\":\"15:00\"},{\"@type\":\"OpeningHoursSpecification\",\"dayOfWeek\":[\"Saturday\",\"Sunday\"],\"opens\":\"00:00\",\"closes\":\"00:00\"}],\"email\":\"info@inelli.ee\"},{\"@type\":\"PostalAddress\",\"@id\":\"https:\\\/\\\/inelli.ee\\\/en\\\/toode\\\/compression-tights-for-pregnant-women-compritex\\\/#local-main-place-address\",\"streetAddress\":\"Suur-S\u00f5jam\u00e4e 14\",\"addressLocality\":\"Tallinn\",\"postalCode\":\"11415\",\"addressRegion\":\"Harju\",\"addressCountry\":\"EE\"},{\"@type\":\"ImageObject\",\"inLanguage\":\"en-US\",\"@id\":\"https:\\\/\\\/inelli.ee\\\/en\\\/toode\\\/compression-tights-for-pregnant-women-compritex\\\/#local-main-organization-logo\",\"url\":\"https:\\\/\\\/inelli.ee\\\/wp-content\\\/uploads\\\/2024\\\/10\\\/Inelli-logo-600x600-1.jpg\",\"contentUrl\":\"https:\\\/\\\/inelli.ee\\\/wp-content\\\/uploads\\\/2024\\\/10\\\/Inelli-logo-600x600-1.jpg\",\"width\":600,\"height\":600,\"caption\":\"Inelli Holding O\u00dc\"}]}<\/script>\n<meta name=\"geo.placename\" content=\"Tallinn\" \/>\n<meta name=\"geo.position\" content=\"59.4209596615229;24.81181683991278\" \/>\n<meta name=\"geo.region\" content=\"Estonia\" \/>\n<!-- \/ Yoast SEO Premium plugin. -->","yoast_head_json":{"title":"Compression tights for pregnant women CompriTex | Inelli","robots":{"index":"index","follow":"follow","max-snippet":"max-snippet:-1","max-image-preview":"max-image-preview:large","max-video-preview":"max-video-preview:-1"},"canonical":"https:\/\/inelli.ee\/en\/toode\/compression-tights-for-pregnant-women-compritex\/","og_locale":"en_US","og_type":"article","og_title":"Compression tights for pregnant women CompriTex | Inelli","og_description":"CompriTex compression tights for pregnant women help to relieve heaviness in the legs and reduce swelling. The tights are light and silky and comfortable to wear. The tights for pregnant women have a special abdominal section for a growing tummy and a reinforced heel. They are recommended for preventing swelling in the first place, but they can also help to reduce swelling and improve the condition of the legs when swelling occurs. The socks have a medical compression of 23-32 mmHg (class 2 \/ CCL2). The product is black in colour. The tights have a closed toe! Composition: polyamide 65%, elastane 35%.","og_url":"https:\/\/inelli.ee\/en\/toode\/compression-tights-for-pregnant-women-compritex\/","og_site_name":"Inelli","article_publisher":"https:\/\/www.facebook.com\/profile.php?id=61562379249253","article_modified_time":"2024-08-15T09:36:58+00:00","og_image":[{"width":500,"height":500,"url":"https:\/\/inelli.ee\/wp-content\/uploads\/2024\/06\/Rasedate-sukkpuksid_40080-40084.webp","type":"image\/webp"}],"twitter_card":"summary_large_image","schema":{"@context":"https:\/\/schema.org","@graph":[{"@type":"WebPage","@id":"https:\/\/inelli.ee\/en\/toode\/compression-tights-for-pregnant-women-compritex\/","url":"https:\/\/inelli.ee\/en\/toode\/compression-tights-for-pregnant-women-compritex\/","name":"Compression tights for pregnant women CompriTex | Inelli","isPartOf":{"@id":"https:\/\/inelli.ee\/en\/#website"},"primaryImageOfPage":{"@id":"https:\/\/inelli.ee\/en\/toode\/compression-tights-for-pregnant-women-compritex\/#primaryimage"},"image":{"@id":"https:\/\/inelli.ee\/en\/toode\/compression-tights-for-pregnant-women-compritex\/#primaryimage"},"thumbnailUrl":"https:\/\/inelli.ee\/wp-content\/uploads\/2024\/06\/Rasedate-sukkpuksid_40080-40084.webp","datePublished":"2024-06-26T10:19:51+00:00","dateModified":"2024-08-15T09:36:58+00:00","breadcrumb":{"@id":"https:\/\/inelli.ee\/en\/toode\/compression-tights-for-pregnant-women-compritex\/#breadcrumb"},"inLanguage":"en-US","potentialAction":[{"@type":"ReadAction","target":["https:\/\/inelli.ee\/en\/toode\/compression-tights-for-pregnant-women-compritex\/"]}]},{"@type":"ImageObject","inLanguage":"en-US","@id":"https:\/\/inelli.ee\/en\/toode\/compression-tights-for-pregnant-women-compritex\/#primaryimage","url":"https:\/\/inelli.ee\/wp-content\/uploads\/2024\/06\/Rasedate-sukkpuksid_40080-40084.webp","contentUrl":"https:\/\/inelli.ee\/wp-content\/uploads\/2024\/06\/Rasedate-sukkpuksid_40080-40084.webp","width":500,"height":500,"caption":"Kompressioonsukkp\u00fcksid rasedatele CompriTex"},{"@type":"BreadcrumbList","@id":"https:\/\/inelli.ee\/en\/toode\/compression-tights-for-pregnant-women-compritex\/#breadcrumb","itemListElement":[{"@type":"ListItem","position":1,"name":"Home","item":"https:\/\/inelli.ee\/en\/"},{"@type":"ListItem","position":2,"name":"Shop","item":"https:\/\/inelli.ee\/pood\/"},{"@type":"ListItem","position":3,"name":"Compression products","item":"https:\/\/inelli.ee\/en\/product-category\/compression-products\/"},{"@type":"ListItem","position":4,"name":"Compression tights for pregnant women CompriTex"}]},{"@type":"WebSite","@id":"https:\/\/inelli.ee\/en\/#website","url":"https:\/\/inelli.ee\/en\/","name":"Inelli","description":"Madratsikaitsed, aluslinad, padjakaitsed","publisher":{"@id":"https:\/\/inelli.ee\/en\/#organization"},"potentialAction":[{"@type":"SearchAction","target":{"@type":"EntryPoint","urlTemplate":"https:\/\/inelli.ee\/en\/?s={search_term_string}"},"query-input":{"@type":"PropertyValueSpecification","valueRequired":true,"valueName":"search_term_string"}}],"inLanguage":"en-US"},{"@type":["Organization","Place"],"@id":"https:\/\/inelli.ee\/en\/#organization","name":"Inelli Holding O\u00dc","alternateName":"Inelli","url":"https:\/\/inelli.ee\/en\/","logo":{"@id":"https:\/\/inelli.ee\/en\/toode\/compression-tights-for-pregnant-women-compritex\/#local-main-organization-logo"},"image":{"@id":"https:\/\/inelli.ee\/en\/toode\/compression-tights-for-pregnant-women-compritex\/#local-main-organization-logo"},"sameAs":["https:\/\/www.facebook.com\/profile.php?id=61562379249253"],"description":"Meie p\u00f5hifookuses on parima hinna-kvaliteedi suhtega veekindlad madratsikaitsed ja aluslinad, voodipesu, lisaks LIBILINAD ja RAHUTU PATSIENDI KOST\u00dc\u00dcMID","legalName":"Inelli Holding O\u00dc","numberOfEmployees":{"@type":"QuantitativeValue","minValue":"1","maxValue":"10"},"address":{"@id":"https:\/\/inelli.ee\/en\/toode\/compression-tights-for-pregnant-women-compritex\/#local-main-place-address"},"geo":{"@type":"GeoCoordinates","latitude":"59.4209596615229","longitude":"24.81181683991278"},"telephone":["+37253844660"],"openingHoursSpecification":[{"@type":"OpeningHoursSpecification","dayOfWeek":["Monday","Tuesday","Wednesday","Thursday","Friday"],"opens":"10:00","closes":"15:00"},{"@type":"OpeningHoursSpecification","dayOfWeek":["Saturday","Sunday"],"opens":"00:00","closes":"00:00"}],"email":"info@inelli.ee"},{"@type":"PostalAddress","@id":"https:\/\/inelli.ee\/en\/toode\/compression-tights-for-pregnant-women-compritex\/#local-main-place-address","streetAddress":"Suur-S\u00f5jam\u00e4e 14","addressLocality":"Tallinn","postalCode":"11415","addressRegion":"Harju","addressCountry":"EE"},{"@type":"ImageObject","inLanguage":"en-US","@id":"https:\/\/inelli.ee\/en\/toode\/compression-tights-for-pregnant-women-compritex\/#local-main-organization-logo","url":"https:\/\/inelli.ee\/wp-content\/uploads\/2024\/10\/Inelli-logo-600x600-1.jpg","contentUrl":"https:\/\/inelli.ee\/wp-content\/uploads\/2024\/10\/Inelli-logo-600x600-1.jpg","width":600,"height":600,"caption":"Inelli Holding O\u00dc"}]},"geo.placename":"Tallinn","geo.position":{"lat":"59.4209596615229","long":"24.81181683991278"},"geo.region":"Estonia"},"_links":{"self":[{"href":"https:\/\/inelli.ee\/en\/wp-json\/wp\/v2\/product\/1768","targetHints":{"allow":["GET"]}}],"collection":[{"href":"https:\/\/inelli.ee\/en\/wp-json\/wp\/v2\/product"}],"about":[{"href":"https:\/\/inelli.ee\/en\/wp-json\/wp\/v2\/types\/product"}],"wp:featuredmedia":[{"embeddable":true,"href":"https:\/\/inelli.ee\/en\/wp-json\/wp\/v2\/media\/899"}],"wp:attachment":[{"href":"https:\/\/inelli.ee\/en\/wp-json\/wp\/v2\/media?parent=1768"}],"wp:term":[{"taxonomy":"product_brand","embeddable":true,"href":"https:\/\/inelli.ee\/en\/wp-json\/wp\/v2\/product_brand?post=1768"},{"taxonomy":"product_cat","embeddable":true,"href":"https:\/\/inelli.ee\/en\/wp-json\/wp\/v2\/product_cat?post=1768"},{"taxonomy":"product_tag","embeddable":true,"href":"https:\/\/inelli.ee\/en\/wp-json\/wp\/v2\/product_tag?post=1768"}],"curies":[{"name":"wp","href":"https:\/\/api.w.org\/{rel}","templated":true}]}}